{"id":10890,"date":"2024-10-24T03:42:00","date_gmt":"2024-10-24T01:42:00","guid":{"rendered":"http:\/\/billigtrikots.com\/?post_type=product&#038;p=10890"},"modified":"2024-10-24T03:44:40","modified_gmt":"2024-10-24T01:44:40","slug":"herren-chelsea-fc-heimtrikot-2022-23-blau-kurzarm-mit-aufdruck-mendy-16","status":"publish","type":"product","link":"https:\/\/www.billigtrikotde.com\/da\/vare\/herren-chelsea-fc-heimtrikot-2022-23-blau-kurzarm-mit-aufdruck-mendy-16\/","title":{"rendered":"Herre Chelsea FC hjemmebanetr\u00f8je 2022-23 bl\u00e5 kort\u00e6rmet med print MENDY 16"},"content":{"rendered":"<p>I mods\u00e6tning til Chelsea 21-22-tr\u00f8jen er Nike Chelsea FC 2022-23-tr\u00f8jen helt bl\u00e5 med en hvid\/turkisfarvet Henley-udsk\u00e6ring.<\/p>\n<p>Tips til udskrivning: Hvis navn og nummer p\u00e5 billedet er pr\u00e6cis det, du \u00f8nsker, beh\u00f8ver du ikke at indtaste dem igen. Hvis ikke, skal du indtaste det \u00f8nskede navn og nummer.<\/p>\n<p>Tips til vask: Det anbefales at vaske fodboldtr\u00f8jer i h\u00e5nden. Hvis du vil bruge vaskemaskinen, skal du huske at vende vrangen ud p\u00e5 fodboldtr\u00f8jerne og derefter vaske dem. Fyld maskinen med koldt vand, og brug et sk\u00e5neprogram for bedre at beskytte farverne.<\/p>","protected":false},"excerpt":{"rendered":"<p>I mods\u00e6tning til Chelsea 21-22-tr\u00f8jen er Nike Chelsea FC 2022-23-tr\u00f8jen helt bl\u00e5 med en hvid\/turkis Henley-udsk\u00e6ring. Trykningstip: Hvis navnet og nummeret p\u00e5 billedet pr\u00e6cis opfylder dine \u00f8nsker, beh\u00f8ver du ikke indtaste dem igen. Hvis ikke, b\u00f8r du indtaste dit \u00f8nskede navn og dit nummer. Vasketips: [\u2026]<\/p>","protected":false},"featured_media":10933,"comment_status":"open","ping_status":"closed","template":"","meta":[],"product_brand":[],"product_cat":[72],"product_tag":[20,308,309,310,164,73,21,22,23,24],"class_list":{"0":"post-10890","1":"product","2":"type-product","3":"status-publish","4":"has-post-thumbnail","6":"product_cat-chelsea","7":"product_tag-coole-fussballtrikots","8":"product_tag-chelsea-fc-22-23-trikot-deutschland","9":"product_tag-chelsea-fc-22-23-trikot-guenstig","10":"product_tag-chelsea-fc-22-23-trikot-kaufen","11":"product_tag-chelsea-heimtrikot","12":"product_tag-chelsea-trikots","13":"product_tag-fussballtrikot-fuer-herren","14":"product_tag-fussballtrikot-guenstig-kaufen","15":"product_tag-fussballtrikot-kurzarm","16":"product_tag-guenstiges-fussballtrikot","18":"first","19":"instock","20":"shipping-taxable","21":"purchasable","22":"product-type-variable"},"_links":{"self":[{"href":"https:\/\/www.billigtrikotde.com\/da\/wp-json\/wp\/v2\/product\/10890","targetHints":{"allow":["GET"]}}],"collection":[{"href":"https:\/\/www.billigtrikotde.com\/da\/wp-json\/wp\/v2\/product"}],"about":[{"href":"https:\/\/www.billigtrikotde.com\/da\/wp-json\/wp\/v2\/types\/product"}],"replies":[{"embeddable":true,"href":"https:\/\/www.billigtrikotde.com\/da\/wp-json\/wp\/v2\/comments?post=10890"}],"wp:featuredmedia":[{"embeddable":true,"href":"https:\/\/www.billigtrikotde.com\/da\/wp-json\/wp\/v2\/media\/10933"}],"wp:attachment":[{"href":"https:\/\/www.billigtrikotde.com\/da\/wp-json\/wp\/v2\/media?parent=10890"}],"wp:term":[{"taxonomy":"product_brand","embeddable":true,"href":"https:\/\/www.billigtrikotde.com\/da\/wp-json\/wp\/v2\/product_brand?post=10890"},{"taxonomy":"product_cat","embeddable":true,"href":"https:\/\/www.billigtrikotde.com\/da\/wp-json\/wp\/v2\/product_cat?post=10890"},{"taxonomy":"product_tag","embeddable":true,"href":"https:\/\/www.billigtrikotde.com\/da\/wp-json\/wp\/v2\/product_tag?post=10890"}],"curies":[{"name":"wp","href":"https:\/\/api.w.org\/{rel}","templated":true}]}}