{"id":10865,"date":"2024-10-24T03:40:48","date_gmt":"2024-10-24T01:40:48","guid":{"rendered":"http:\/\/billigtrikots.com\/?post_type=product&#038;p=10865"},"modified":"2024-10-24T03:43:00","modified_gmt":"2024-10-24T01:43:00","slug":"herren-argentinien-fussball-wm-2022-world-cup-heimtrikots-mit-aufdruck-armani-1","status":"publish","type":"product","link":"https:\/\/www.billigtrikotde.com\/da\/vare\/herren-argentinien-fussball-wm-2022-world-cup-heimtrikots-mit-aufdruck-armani-1\/","title":{"rendered":"Hjemmebanetr\u00f8je til Argentina 2022 World Cup for m\u00e6nd med ARMANI 1-print"},"content":{"rendered":"<p>Argentinas nye tr\u00f8je til 2022 er overvejende hvid med sorte logoer \u2013 herunder det helt nye Adidas-logo, der f\u00e5r sin fodbolddebut med VM-tr\u00f8jerne 2022. Striberne p\u00e5 den nye Argentina 2022 VM-tr\u00f8je er klassiske, men kun p\u00e5 forsiden. Striberne p\u00e5 bagsiden er virkelig us\u00e6dvanlige: I stedet for at v\u00e6re lige brede er der to tyndere himmelbl\u00e5 striber i midten og to bredere p\u00e5 siderne af tr\u00f8jen. Disse bredere striber er cirka tre gange s\u00e5 brede som striberne i midten. Det skal ligne det argentinske flag. Ogs\u00e5 i forbindelse med flaget er der p\u00e5 bagsiden under kraven det Sol de Mayo, det argentinske nationalemblem.<\/p>\n<p>Tips til udskrivning: Hvis navn og nummer p\u00e5 billedet er pr\u00e6cis det, du \u00f8nsker, beh\u00f8ver du ikke at indtaste dem igen. Hvis ikke, skal du indtaste det \u00f8nskede navn og nummer.<\/p>\n<p>Tips til vask: Det anbefales at vaske fodboldtr\u00f8jer i h\u00e5nden. Hvis du vil bruge vaskemaskinen, skal du huske at vende vrangen ud p\u00e5 fodboldtr\u00f8jerne og derefter vaske dem. Fyld maskinen med koldt vand, og brug et sk\u00e5neprogram for bedre at beskytte farverne.<\/p>","protected":false},"excerpt":{"rendered":"<p>Argentiniens neues Trikot f\u00fcr 2022 ist \u00fcberwiegend wei\u00df mit schwarzen Logos \u2013 darunter das brandneue Adidas-Logo, das mit den WM-Trikots 2022 sein Fu\u00dfballdeb\u00fct feiert.Die Streifen auf dem neuen Argentinien 2022 World Cup Trikot sind klassisch, aber nur auf der Vorderseite. Die Streifen auf der R\u00fcckseite sind wirklich ungew\u00f6hnlich: Anstatt gleich breit zu sein, gibt es [&hellip;]<\/p>","protected":false},"featured_media":10903,"comment_status":"open","ping_status":"closed","template":"","meta":[],"product_brand":[],"product_cat":[325],"product_tag":[356,421,422,20,21,22,23,24,423,424,425],"class_list":{"0":"post-10865","1":"product","2":"type-product","3":"status-publish","4":"has-post-thumbnail","6":"product_cat-argentinien-trikots","7":"product_tag-argentinien-trikots","8":"product_tag-argentinien-wm-2022-heimtrikots","9":"product_tag-argentiniens-neues-trikot-fuer-2022","10":"product_tag-coole-fussballtrikots","11":"product_tag-fussballtrikot-fuer-herren","12":"product_tag-fussballtrikot-guenstig-kaufen","13":"product_tag-fussballtrikot-kurzarm","14":"product_tag-guenstiges-fussballtrikot","15":"product_tag-heimtrikots-fuer-die-wm-2022","16":"product_tag-neue-argentinien-trikot","17":"product_tag-neuen-argentinien-wm-2022-trikot","19":"first","20":"instock","21":"shipping-taxable","22":"purchasable","23":"product-type-variable"},"_links":{"self":[{"href":"https:\/\/www.billigtrikotde.com\/da\/wp-json\/wp\/v2\/product\/10865","targetHints":{"allow":["GET"]}}],"collection":[{"href":"https:\/\/www.billigtrikotde.com\/da\/wp-json\/wp\/v2\/product"}],"about":[{"href":"https:\/\/www.billigtrikotde.com\/da\/wp-json\/wp\/v2\/types\/product"}],"replies":[{"embeddable":true,"href":"https:\/\/www.billigtrikotde.com\/da\/wp-json\/wp\/v2\/comments?post=10865"}],"wp:featuredmedia":[{"embeddable":true,"href":"https:\/\/www.billigtrikotde.com\/da\/wp-json\/wp\/v2\/media\/10903"}],"wp:attachment":[{"href":"https:\/\/www.billigtrikotde.com\/da\/wp-json\/wp\/v2\/media?parent=10865"}],"wp:term":[{"taxonomy":"product_brand","embeddable":true,"href":"https:\/\/www.billigtrikotde.com\/da\/wp-json\/wp\/v2\/product_brand?post=10865"},{"taxonomy":"product_cat","embeddable":true,"href":"https:\/\/www.billigtrikotde.com\/da\/wp-json\/wp\/v2\/product_cat?post=10865"},{"taxonomy":"product_tag","embeddable":true,"href":"https:\/\/www.billigtrikotde.com\/da\/wp-json\/wp\/v2\/product_tag?post=10865"}],"curies":[{"name":"wp","href":"https:\/\/api.w.org\/{rel}","templated":true}]}}