{"id":10719,"date":"2024-10-24T03:32:51","date_gmt":"2024-10-24T01:32:51","guid":{"rendered":"http:\/\/billigtrikots.com\/?post_type=product&#038;p=10719"},"modified":"2024-10-24T03:35:03","modified_gmt":"2024-10-24T01:35:03","slug":"kinder-fussball-trikot-frankreich-wm-2022-auswaertstrikot-weiss-online-bestellen","status":"publish","type":"product","link":"https:\/\/www.billigtrikotde.com\/da\/vare\/kinder-fussball-trikot-frankreich-wm-2022-auswaertstrikot-weiss-online-bestellen\/","title":{"rendered":"B\u00f8rnefodboldtr\u00f8je Frankrig World Cup 2022 udebanes\u00e6t hvid bestil online"},"content":{"rendered":"<p>Tr\u00f8jen til VM-fodbold i 2022 i Frankrig har et s\u00e6rligt grafisk tryk, der viser ting, som Frankrig er ber\u00f8mt for \u2013 Arc de Triomphe, scener fra den Franske Revolution fra 1789 og vindm\u00f8ller. Designet ser unikt ud, men er ikke en opfindelse fra Nike.<br \/>\nDen franske \u201eToile de Jouy\u201c betyder p\u00e5 engelsk blot \u201eStof fra Jouy\u201c og beskriver en slags stoftryk. \u201eToile de Jouy\u201c, nogle gange ogs\u00e5 bare \u201eToile\u201c forkortet, er en slags dekorationsm\u00f8nster, der best\u00e5r af en hvid eller kn\u00e6hvid baggrund, hvor et gentaget m\u00f8nster viser en temmelig kompleks scene, typisk et pastoral tema, som f.eks. et par ved en picnic ved en s\u00f8 eller en blomsteranretning.<\/p>\n<p>Tips til udskrivning: Hvis navn og nummer p\u00e5 billedet er pr\u00e6cis det, du \u00f8nsker, beh\u00f8ver du ikke at indtaste dem igen. Hvis ikke, skal du indtaste det \u00f8nskede navn og nummer.<\/p>\n<p>Tips til vask: Det anbefales at vaske fodboldtr\u00f8jer i h\u00e5nden. Hvis du vil bruge vaskemaskinen, skal du huske at vende vrangen ud p\u00e5 fodboldtr\u00f8jerne og derefter vaske dem. Fyld maskinen med koldt vand, og brug et sk\u00e5neprogram for bedre at beskytte farverne.<\/p>","protected":false},"excerpt":{"rendered":"<p>Das Trikot der Fu\u00dfball-WM 2022 in Frankreich hat einen besonderen grafischen Aufdruck, der Dinge zeigt, f\u00fcr die Frankreich ber\u00fchmt ist \u2013 den Arc de Triomphe, Szenen der Franz\u00f6sischen Revolution von 1789 und Windm\u00fchlen. Das Design sieht einzigartig aus, ist aber keine Erfindung von Nike. Das franz\u00f6sische \u201eToile de Jouy\u201c bedeutet auf Englisch einfach \u201eStoff aus [&hellip;]<\/p>","protected":false},"featured_media":10758,"comment_status":"open","ping_status":"closed","template":"","meta":[],"product_brand":[],"product_cat":[117],"product_tag":[20,398,118,419,413,414,119,389,21,22,23,24],"class_list":{"0":"post-10719","1":"product","2":"type-product","3":"status-publish","4":"has-post-thumbnail","6":"product_cat-frankreich-trikots","7":"product_tag-coole-fussballtrikots","8":"product_tag-frankreich-2022-weltmeisterschaft-trikot","9":"product_tag-frankreich-auswaertstrikot","10":"product_tag-frankreich-fussball-trikot-kinder","11":"product_tag-frankreich-neue-trikots","12":"product_tag-frankreich-trikot-set","13":"product_tag-frankreich-trikots","14":"product_tag-fussball-wm-2022-trikot","15":"product_tag-fussballtrikot-fuer-herren","16":"product_tag-fussballtrikot-guenstig-kaufen","17":"product_tag-fussballtrikot-kurzarm","18":"product_tag-guenstiges-fussballtrikot","20":"first","21":"instock","22":"shipping-taxable","23":"purchasable","24":"product-type-variable"},"_links":{"self":[{"href":"https:\/\/www.billigtrikotde.com\/da\/wp-json\/wp\/v2\/product\/10719","targetHints":{"allow":["GET"]}}],"collection":[{"href":"https:\/\/www.billigtrikotde.com\/da\/wp-json\/wp\/v2\/product"}],"about":[{"href":"https:\/\/www.billigtrikotde.com\/da\/wp-json\/wp\/v2\/types\/product"}],"replies":[{"embeddable":true,"href":"https:\/\/www.billigtrikotde.com\/da\/wp-json\/wp\/v2\/comments?post=10719"}],"wp:featuredmedia":[{"embeddable":true,"href":"https:\/\/www.billigtrikotde.com\/da\/wp-json\/wp\/v2\/media\/10758"}],"wp:attachment":[{"href":"https:\/\/www.billigtrikotde.com\/da\/wp-json\/wp\/v2\/media?parent=10719"}],"wp:term":[{"taxonomy":"product_brand","embeddable":true,"href":"https:\/\/www.billigtrikotde.com\/da\/wp-json\/wp\/v2\/product_brand?post=10719"},{"taxonomy":"product_cat","embeddable":true,"href":"https:\/\/www.billigtrikotde.com\/da\/wp-json\/wp\/v2\/product_cat?post=10719"},{"taxonomy":"product_tag","embeddable":true,"href":"https:\/\/www.billigtrikotde.com\/da\/wp-json\/wp\/v2\/product_tag?post=10719"}],"curies":[{"name":"wp","href":"https:\/\/api.w.org\/{rel}","templated":true}]}}