{"id":10693,"date":"2024-10-24T03:31:36","date_gmt":"2024-10-24T01:31:36","guid":{"rendered":"http:\/\/billigtrikots.com\/?post_type=product&#038;p=10693"},"modified":"2024-10-24T03:33:53","modified_gmt":"2024-10-24T01:33:53","slug":"polen-wm-2022-auswaertstrikot-rot-fuer-herren-kurzarm-mit-aufdruck-lewandowski-9","status":"publish","type":"product","link":"https:\/\/www.billigtrikotde.com\/da\/vare\/polen-wm-2022-auswaertstrikot-rot-fuer-herren-kurzarm-mit-aufdruck-lewandowski-9\/","title":{"rendered":"Polen VM 2022 udebanetr\u00f8je r\u00f8d til herrer korte \u00e6rmer med tryk LEWANDOWSKI 9"},"content":{"rendered":"<p>Nike Polen 2022 udebanetr\u00f8jen er overvejende r\u00f8d og har en hvid krave og hvide \u00e6rmeender, som begge har en r\u00f8d linje i midten. Nike-tr\u00f8jerne til VM i fodbold 2022 i Polen blev pr\u00e6senteret torsdag den 15. september 2022.<\/p>\n<p>Tips til udskrivning: Hvis navn og nummer p\u00e5 billedet er pr\u00e6cis det, du \u00f8nsker, beh\u00f8ver du ikke at indtaste dem igen. Hvis ikke, skal du indtaste det \u00f8nskede navn og nummer.<\/p>\n<p>Tips til vask: Det anbefales at vaske fodboldtr\u00f8jer i h\u00e5nden. Hvis du vil bruge vaskemaskinen, skal du huske at vende vrangen ud p\u00e5 fodboldtr\u00f8jerne og derefter vaske dem. Fyld maskinen med koldt vand, og brug et sk\u00e5neprogram for bedre at beskytte farverne.<\/p>","protected":false},"excerpt":{"rendered":"<p>Nike Polen 2022 udebanetr\u00f8jen er overvejende r\u00f8d og har en hvid krave og hvide \u00e6rmekanter, som begge er forsynet med en r\u00f8d linje i midten. Nike-tr\u00f8jerne til fodbold-VM 2022 i Polen blev introduceret torsdag den 15. september 2022. Tips til udprintning: N\u00e5r navnet og nummeret er p\u00e5 billedet [\u2026]<\/p>","protected":false},"featured_media":10733,"comment_status":"open","ping_status":"closed","template":"","meta":[],"product_brand":[],"product_cat":[415],"product_tag":[20,21,22,23,24,418,417],"class_list":{"0":"post-10693","1":"product","2":"type-product","3":"status-publish","4":"has-post-thumbnail","6":"product_cat-polen-trikots","7":"product_tag-coole-fussballtrikots","8":"product_tag-fussballtrikot-fuer-herren","9":"product_tag-fussballtrikot-guenstig-kaufen","10":"product_tag-fussballtrikot-kurzarm","11":"product_tag-guenstiges-fussballtrikot","12":"product_tag-polen-2022-auswaertstrikot","13":"product_tag-polen-wm-2022-trikot","15":"first","16":"instock","17":"shipping-taxable","18":"purchasable","19":"product-type-variable"},"_links":{"self":[{"href":"https:\/\/www.billigtrikotde.com\/da\/wp-json\/wp\/v2\/product\/10693","targetHints":{"allow":["GET"]}}],"collection":[{"href":"https:\/\/www.billigtrikotde.com\/da\/wp-json\/wp\/v2\/product"}],"about":[{"href":"https:\/\/www.billigtrikotde.com\/da\/wp-json\/wp\/v2\/types\/product"}],"replies":[{"embeddable":true,"href":"https:\/\/www.billigtrikotde.com\/da\/wp-json\/wp\/v2\/comments?post=10693"}],"wp:featuredmedia":[{"embeddable":true,"href":"https:\/\/www.billigtrikotde.com\/da\/wp-json\/wp\/v2\/media\/10733"}],"wp:attachment":[{"href":"https:\/\/www.billigtrikotde.com\/da\/wp-json\/wp\/v2\/media?parent=10693"}],"wp:term":[{"taxonomy":"product_brand","embeddable":true,"href":"https:\/\/www.billigtrikotde.com\/da\/wp-json\/wp\/v2\/product_brand?post=10693"},{"taxonomy":"product_cat","embeddable":true,"href":"https:\/\/www.billigtrikotde.com\/da\/wp-json\/wp\/v2\/product_cat?post=10693"},{"taxonomy":"product_tag","embeddable":true,"href":"https:\/\/www.billigtrikotde.com\/da\/wp-json\/wp\/v2\/product_tag?post=10693"}],"curies":[{"name":"wp","href":"https:\/\/api.w.org\/{rel}","templated":true}]}}