{"id":10689,"date":"2024-10-24T03:31:33","date_gmt":"2024-10-24T01:31:33","guid":{"rendered":"http:\/\/billigtrikots.com\/?post_type=product&#038;p=10689"},"modified":"2024-10-24T03:33:52","modified_gmt":"2024-10-24T01:33:52","slug":"polen-wm-2022-heim-trikot-weiss-kurzarm-fussballtrikots-mit-aufdruck-lewandowski-9","status":"publish","type":"product","link":"https:\/\/www.billigtrikotde.com\/da\/vare\/polen-wm-2022-heim-trikot-weiss-kurzarm-fussballtrikots-mit-aufdruck-lewandowski-9\/","title":{"rendered":"Polen VM 2022 hjemme tr\u00f8je hvid kort\u00e6rmet fodboldtr\u00f8jer med tryk LEWANDOWSKI 9"},"content":{"rendered":"<p>Nike Polen 2022 hjemme-tr\u00f8jen pr\u00e6senterer et klart design i hvid med r\u00f8de logoer og et subtilt m\u00f8nster p\u00e5 skuldre og \u00e6rmer. M\u00f8nstret p\u00e5 skuldre og \u00e6rmerne p\u00e5 Polen 2022 VM hjemmebanetr\u00f8jen er inspireret af reden og fjerene p\u00e5 den hvide \u00f8rne, Polens nationaldyr.<\/p>\n<p>Tips til udskrivning: Hvis navn og nummer p\u00e5 billedet er pr\u00e6cis det, du \u00f8nsker, beh\u00f8ver du ikke at indtaste dem igen. Hvis ikke, skal du indtaste det \u00f8nskede navn og nummer.<\/p>\n<p>Tips til vask: Det anbefales at vaske fodboldtr\u00f8jer i h\u00e5nden. Hvis du vil bruge vaskemaskinen, skal du huske at vende vrangen ud p\u00e5 fodboldtr\u00f8jerne og derefter vaske dem. Fyld maskinen med koldt vand, og brug et sk\u00e5neprogram for bedre at beskytte farverne.<\/p>","protected":false},"excerpt":{"rendered":"<p>Nike Polen 2022 hjemmebanetr\u00f8jen pr\u00e6senterer et klart design i hvidt med r\u00f8de logoer og et subtilt m\u00f8nster p\u00e5 skuldre og \u00e6rmer. M\u00f8nstret p\u00e5 skuldre og \u00e6rmerne af Polen 2022 VM hjemmebanetr\u00f8jen er inspireret af reden og fjerene p\u00e5 den hvide \u00f8rn, Polens nationaldyr. Tips tiltryk: Hvis navn og \u2026<\/p>","protected":false},"featured_media":10723,"comment_status":"open","ping_status":"closed","template":"","meta":[],"product_brand":[],"product_cat":[415],"product_tag":[20,21,22,23,24,416,417],"class_list":{"0":"post-10689","1":"product","2":"type-product","3":"status-publish","4":"has-post-thumbnail","6":"product_cat-polen-trikots","7":"product_tag-coole-fussballtrikots","8":"product_tag-fussballtrikot-fuer-herren","9":"product_tag-fussballtrikot-guenstig-kaufen","10":"product_tag-fussballtrikot-kurzarm","11":"product_tag-guenstiges-fussballtrikot","12":"product_tag-polen-2022-wm-heimtrikots","13":"product_tag-polen-wm-2022-trikot","15":"first","16":"instock","17":"shipping-taxable","18":"purchasable","19":"product-type-variable"},"_links":{"self":[{"href":"https:\/\/www.billigtrikotde.com\/da\/wp-json\/wp\/v2\/product\/10689","targetHints":{"allow":["GET"]}}],"collection":[{"href":"https:\/\/www.billigtrikotde.com\/da\/wp-json\/wp\/v2\/product"}],"about":[{"href":"https:\/\/www.billigtrikotde.com\/da\/wp-json\/wp\/v2\/types\/product"}],"replies":[{"embeddable":true,"href":"https:\/\/www.billigtrikotde.com\/da\/wp-json\/wp\/v2\/comments?post=10689"}],"wp:featuredmedia":[{"embeddable":true,"href":"https:\/\/www.billigtrikotde.com\/da\/wp-json\/wp\/v2\/media\/10723"}],"wp:attachment":[{"href":"https:\/\/www.billigtrikotde.com\/da\/wp-json\/wp\/v2\/media?parent=10689"}],"wp:term":[{"taxonomy":"product_brand","embeddable":true,"href":"https:\/\/www.billigtrikotde.com\/da\/wp-json\/wp\/v2\/product_brand?post=10689"},{"taxonomy":"product_cat","embeddable":true,"href":"https:\/\/www.billigtrikotde.com\/da\/wp-json\/wp\/v2\/product_cat?post=10689"},{"taxonomy":"product_tag","embeddable":true,"href":"https:\/\/www.billigtrikotde.com\/da\/wp-json\/wp\/v2\/product_tag?post=10689"}],"curies":[{"name":"wp","href":"https:\/\/api.w.org\/{rel}","templated":true}]}}