{"id":1061,"date":"2024-10-23T13:14:49","date_gmt":"2024-10-23T11:14:49","guid":{"rendered":"http:\/\/billigtrikots.com\/?post_type=product&#038;p=1061"},"modified":"2024-10-23T13:16:21","modified_gmt":"2024-10-23T11:16:21","slug":"auswaertstrikot-manchester-united-2022-weiss-trikotsatz-mit-aufdruck-cavani-21","status":"publish","type":"product","link":"https:\/\/www.billigtrikotde.com\/da\/vare\/auswaertstrikot-manchester-united-2022-weiss-trikotsatz-mit-aufdruck-cavani-21\/","title":{"rendered":"Manchester United 2022 udebanes\u00e6t hvid med print CAVANI 21"},"content":{"rendered":"<p>Bogstavet \"M\" for klubbens hjemby har ofte fundet vej til Manchester Uniteds legendariske tr\u00f8jer. Denne a-didas fodboldtr\u00f8je tager bogstavet op igen og kommer med et moderne, abstrakt design, der minder om en klassisk tr\u00f8je fra de tidlige 90'ere. Det bl\u00f8de dobbeltstrikkede materiale og den fugtabsorberende AEROREADY-teknologi garanterer en behagelig t\u00f8r fornemmelse. Det indv\u00e6vede klublogo viser ogs\u00e5, at du er en \u00e6gte Manchester United-fan.<\/p>\n<p>Tips til udskrivning: Hvis navn og nummer p\u00e5 billedet er pr\u00e6cis det, du \u00f8nsker, beh\u00f8ver du ikke at indtaste dem igen. Hvis ikke, skal du indtaste det \u00f8nskede navn og nummer.<\/p>\n<p>Tips til vask: Det anbefales at vaske fodboldtr\u00f8jer i h\u00e5nden. Hvis du vil bruge vaskemaskinen, skal du huske at vende vrangen ud p\u00e5 fodboldtr\u00f8jerne og derefter vaske dem. Fyld maskinen med koldt vand, og brug et sk\u00e5neprogram for bedre at beskytte farverne.<\/p>","protected":false},"excerpt":{"rendered":"<p>Der Buchstabe \u201eM\u201c f\u00fcr die Heimatstadt des Vereins hat schon oft seinen Weg auf die legend\u00e4ren Ausr\u00fcstungen von Manchester United gefunden. Dieses a-didas Fu\u00dfballtrikot greift den Buchstaben wieder auf und kommt mit einem modernen, abstrakten Design, das an ein klassisches Trikot aus den fr\u00fchen 90ern erinnert. Das weiche Doppelstrickmaterial und die feuchtigkeitsabsorbierende AEROREADY Technologie garantieren [&hellip;]<\/p>","protected":false},"featured_media":1094,"comment_status":"open","ping_status":"closed","template":"","meta":[],"product_brand":[],"product_cat":[50],"product_tag":[20,43,21,22,23,24,51,52],"class_list":{"0":"post-1061","1":"product","2":"type-product","3":"status-publish","4":"has-post-thumbnail","6":"product_cat-manchester-united","7":"product_tag-coole-fussballtrikots","8":"product_tag-fussballkleidung","9":"product_tag-fussballtrikot-fuer-herren","10":"product_tag-fussballtrikot-guenstig-kaufen","11":"product_tag-fussballtrikot-kurzarm","12":"product_tag-guenstiges-fussballtrikot","13":"product_tag-manchester-united-auswaertstrikot","14":"product_tag-manchester-united-trikots","16":"first","17":"instock","18":"shipping-taxable","19":"purchasable","20":"product-type-variable"},"_links":{"self":[{"href":"https:\/\/www.billigtrikotde.com\/da\/wp-json\/wp\/v2\/product\/1061","targetHints":{"allow":["GET"]}}],"collection":[{"href":"https:\/\/www.billigtrikotde.com\/da\/wp-json\/wp\/v2\/product"}],"about":[{"href":"https:\/\/www.billigtrikotde.com\/da\/wp-json\/wp\/v2\/types\/product"}],"replies":[{"embeddable":true,"href":"https:\/\/www.billigtrikotde.com\/da\/wp-json\/wp\/v2\/comments?post=1061"}],"wp:featuredmedia":[{"embeddable":true,"href":"https:\/\/www.billigtrikotde.com\/da\/wp-json\/wp\/v2\/media\/1094"}],"wp:attachment":[{"href":"https:\/\/www.billigtrikotde.com\/da\/wp-json\/wp\/v2\/media?parent=1061"}],"wp:term":[{"taxonomy":"product_brand","embeddable":true,"href":"https:\/\/www.billigtrikotde.com\/da\/wp-json\/wp\/v2\/product_brand?post=1061"},{"taxonomy":"product_cat","embeddable":true,"href":"https:\/\/www.billigtrikotde.com\/da\/wp-json\/wp\/v2\/product_cat?post=1061"},{"taxonomy":"product_tag","embeddable":true,"href":"https:\/\/www.billigtrikotde.com\/da\/wp-json\/wp\/v2\/product_tag?post=1061"}],"curies":[{"name":"wp","href":"https:\/\/api.w.org\/{rel}","templated":true}]}}