{"id":10437,"date":"2024-10-24T03:18:31","date_gmt":"2024-10-24T01:18:31","guid":{"rendered":"http:\/\/billigtrikots.com\/?post_type=product&#038;p=10437"},"modified":"2024-10-24T03:20:49","modified_gmt":"2024-10-24T01:20:49","slug":"herren-spanien-fussball-wm-2022-23-auswaertstrikot-hellblaue-kurzarm-gavi-9","status":"publish","type":"product","link":"https:\/\/www.billigtrikotde.com\/da\/vare\/herren-spanien-fussball-wm-2022-23-auswaertstrikot-hellblaue-kurzarm-gavi-9\/","title":{"rendered":"Herre Spanien Fodbold VM 2022-23 Udebanetr\u00f8je Lysebl\u00e5 Kort\u00e6rmet GAVI 9"},"content":{"rendered":"<p>Klar til at bestige fodboldtronen. Den let b\u00f8lgende grafik p\u00e5 denne adidas tr\u00f8je til b\u00f8rn og teenagere er et nik til det art deco-logo, der b\u00f8d de kvalificerede hold velkommen til Spanien i 1982. Designet suppleres af det nyindv\u00e6vede spanske forbundslogo og adidas' 3-Stripes-logo midt p\u00e5 brystet. Og for at holde dig komfortabel, mens du hepper, er fanversionen udstyret med fugtabsorberende AEROREADY-teknologi for t\u00f8r komfort.<\/p>\n<p>Tips til udskrivning: Hvis navn og nummer p\u00e5 billedet er pr\u00e6cis det, du \u00f8nsker, beh\u00f8ver du ikke at indtaste dem igen. Hvis ikke, skal du indtaste det \u00f8nskede navn og nummer.<\/p>\n<p>Tips til vask: Det anbefales at vaske fodboldtr\u00f8jer i h\u00e5nden. Hvis du vil bruge vaskemaskinen, skal du huske at vende vrangen ud p\u00e5 fodboldtr\u00f8jerne og derefter vaske dem. Fyld maskinen med koldt vand, og brug et sk\u00e5neprogram for bedre at beskytte farverne.<\/p>","protected":false},"excerpt":{"rendered":"<p>Klar til at indtage fodboldtronen. Det bl\u00f8dt b\u00f8lgede grafik p\u00e5 denne adidas tr\u00f8je til b\u00f8rn og teenagere er en henvisning til art d\u00e9co-logoet, der b\u00f8d velkommen til kvalificerede hold i 1982. Designet suppleres af det v\u00e6vede spanske forbundslogo i det nye look og adidas 3-stripes logoet midt p\u00e5 brystet. Og for at [\u2026]<\/p>","protected":false},"featured_media":10471,"comment_status":"open","ping_status":"closed","template":"","meta":[],"product_brand":[],"product_cat":[131],"product_tag":[20,407,21,22,23,24,359],"class_list":{"0":"post-10437","1":"product","2":"type-product","3":"status-publish","4":"has-post-thumbnail","6":"product_cat-spanien-trikots","7":"product_tag-coole-fussballtrikots","8":"product_tag-fifa-wm-katar-2022-trikot","9":"product_tag-fussballtrikot-fuer-herren","10":"product_tag-fussballtrikot-guenstig-kaufen","11":"product_tag-fussballtrikot-kurzarm","12":"product_tag-guenstiges-fussballtrikot","13":"product_tag-spanien-wm-2022-auswaertstrikot","15":"first","16":"instock","17":"shipping-taxable","18":"purchasable","19":"product-type-variable"},"_links":{"self":[{"href":"https:\/\/www.billigtrikotde.com\/da\/wp-json\/wp\/v2\/product\/10437","targetHints":{"allow":["GET"]}}],"collection":[{"href":"https:\/\/www.billigtrikotde.com\/da\/wp-json\/wp\/v2\/product"}],"about":[{"href":"https:\/\/www.billigtrikotde.com\/da\/wp-json\/wp\/v2\/types\/product"}],"replies":[{"embeddable":true,"href":"https:\/\/www.billigtrikotde.com\/da\/wp-json\/wp\/v2\/comments?post=10437"}],"wp:featuredmedia":[{"embeddable":true,"href":"https:\/\/www.billigtrikotde.com\/da\/wp-json\/wp\/v2\/media\/10471"}],"wp:attachment":[{"href":"https:\/\/www.billigtrikotde.com\/da\/wp-json\/wp\/v2\/media?parent=10437"}],"wp:term":[{"taxonomy":"product_brand","embeddable":true,"href":"https:\/\/www.billigtrikotde.com\/da\/wp-json\/wp\/v2\/product_brand?post=10437"},{"taxonomy":"product_cat","embeddable":true,"href":"https:\/\/www.billigtrikotde.com\/da\/wp-json\/wp\/v2\/product_cat?post=10437"},{"taxonomy":"product_tag","embeddable":true,"href":"https:\/\/www.billigtrikotde.com\/da\/wp-json\/wp\/v2\/product_tag?post=10437"}],"curies":[{"name":"wp","href":"https:\/\/api.w.org\/{rel}","templated":true}]}}