{"id":10417,"date":"2024-10-24T03:17:20","date_gmt":"2024-10-24T01:17:20","guid":{"rendered":"http:\/\/billigtrikots.com\/?post_type=product&#038;p=10417"},"modified":"2024-10-24T03:19:37","modified_gmt":"2024-10-24T01:19:37","slug":"costa-22-portugal-2022-2023-heim-trikot-fuer-herren-kurzarm-kurze-hosen","status":"publish","type":"product","link":"https:\/\/www.billigtrikotde.com\/da\/vare\/costa-22-portugal-2022-2023-heim-trikot-fuer-herren-kurzarm-kurze-hosen\/","title":{"rendered":"COSTA #22 Portugal 2022-2023 Heim Trikot f\u00f6r Herrer Kort\u00e4rmad + Kort Byxor"},"content":{"rendered":"<p>Nike Portugal 2022-tr\u00f8jen er overvejende r\u00f8d (\u201ePepper Red\u201c), kombineret med gr\u00f8n i et diagonalt design a la Monaco og guld-gule logoer (\u201eGold Dart\u201c).<\/p>\n<p>Et enest\u00e5ende look og en nyhed i holdets historie: Tr\u00f8jen til VM i fodbold 2022 i Portugal har et diagonalt gr\u00f8nt grafik p\u00e5 forsiden og bagsiden. Det forts\u00e6tter endda p\u00e5 den h\u00f8jre \u00e6rme. Dette look skal efterligne flaget, der er viklet om kroppen, siger den officielle pressemeddelelse.<\/p>\n<p>Ligesom ved EM 2020 kombinerer Nike Nike Portugal 2022-tr\u00f8jen med gr\u00f8nne bukser. Portugal 2022 VM-hjemmetr\u00f8je har r\u00f8de str\u00f8mper med en gr\u00f8n kant og guld-logoer.<\/p>\n<p>Tips til udskrivning: Hvis navn og nummer p\u00e5 billedet er pr\u00e6cis det, du \u00f8nsker, beh\u00f8ver du ikke at indtaste dem igen. Hvis ikke, skal du indtaste det \u00f8nskede navn og nummer.<\/p>\n<p>Tips til vask: Det anbefales at vaske fodboldtr\u00f8jer i h\u00e5nden. Hvis du vil bruge vaskemaskinen, skal du huske at vende vrangen ud p\u00e5 fodboldtr\u00f8jerne og derefter vaske dem. Fyld maskinen med koldt vand, og brug et sk\u00e5neprogram for bedre at beskytte farverne.<\/p>","protected":false},"excerpt":{"rendered":"<p>Nike Portugal 2022 tr\u00f8jen er overvejende r\u00f8d (\u201ePepper Red\u201c), kombineret med gr\u00f8n i et diagonalt design a la Monaco og guld-gule logoer (\u201eGold Dart\u201c). Et enest\u00e5ende look og en nyhed i holdets historie: Tr\u00f8jen til VM i fodbold 2022 i Portugal har et diagonalt gr\u00f8nt grafik p\u00e5 forsiden og bagsiden. De [\u2026]<\/p>","protected":false},"featured_media":10457,"comment_status":"open","ping_status":"closed","template":"","meta":[],"product_brand":[],"product_cat":[239],"product_tag":[20,222,21,23,24,94,240,347,352],"class_list":{"0":"post-10417","1":"product","2":"type-product","3":"status-publish","4":"has-post-thumbnail","6":"product_cat-portugal-trikots","7":"product_tag-coole-fussballtrikots","8":"product_tag-fussball-wm-2022-trikots","9":"product_tag-fussballtrikot-fuer-herren","10":"product_tag-fussballtrikot-kurzarm","11":"product_tag-guenstiges-fussballtrikot","12":"product_tag-kinder-fussball-trikotsatz","13":"product_tag-portugal-heimtrikot","14":"product_tag-portugal-trikots","15":"product_tag-portugal-trikotsatz-trikot","17":"first","18":"instock","19":"shipping-taxable","20":"purchasable","21":"product-type-variable"},"_links":{"self":[{"href":"https:\/\/www.billigtrikotde.com\/da\/wp-json\/wp\/v2\/product\/10417","targetHints":{"allow":["GET"]}}],"collection":[{"href":"https:\/\/www.billigtrikotde.com\/da\/wp-json\/wp\/v2\/product"}],"about":[{"href":"https:\/\/www.billigtrikotde.com\/da\/wp-json\/wp\/v2\/types\/product"}],"replies":[{"embeddable":true,"href":"https:\/\/www.billigtrikotde.com\/da\/wp-json\/wp\/v2\/comments?post=10417"}],"wp:featuredmedia":[{"embeddable":true,"href":"https:\/\/www.billigtrikotde.com\/da\/wp-json\/wp\/v2\/media\/10457"}],"wp:attachment":[{"href":"https:\/\/www.billigtrikotde.com\/da\/wp-json\/wp\/v2\/media?parent=10417"}],"wp:term":[{"taxonomy":"product_brand","embeddable":true,"href":"https:\/\/www.billigtrikotde.com\/da\/wp-json\/wp\/v2\/product_brand?post=10417"},{"taxonomy":"product_cat","embeddable":true,"href":"https:\/\/www.billigtrikotde.com\/da\/wp-json\/wp\/v2\/product_cat?post=10417"},{"taxonomy":"product_tag","embeddable":true,"href":"https:\/\/www.billigtrikotde.com\/da\/wp-json\/wp\/v2\/product_tag?post=10417"}],"curies":[{"name":"wp","href":"https:\/\/api.w.org\/{rel}","templated":true}]}}