{"id":10310,"date":"2024-10-24T03:12:00","date_gmt":"2024-10-24T01:12:00","guid":{"rendered":"http:\/\/billigtrikots.com\/?post_type=product&#038;p=10310"},"modified":"2024-10-24T03:14:19","modified_gmt":"2024-10-24T01:14:19","slug":"england-fifa-wm-katar-2022-heimtrikot-weiss-blau-trikotsatz-mit-namen-alexander-arnold-22","status":"publish","type":"product","link":"https:\/\/www.billigtrikotde.com\/da\/vare\/england-fifa-wm-katar-2022-heimtrikot-weiss-blau-trikotsatz-mit-namen-alexander-arnold-22\/","title":{"rendered":"England FIFA World Cup Qatar 2022 hjemmebanes\u00e6t hvid bl\u00e5 tr\u00f8je med navn ALEXANDER-ARNOLD 22"},"content":{"rendered":"<p>England 2022 World Cup Nike Home Stadium, som har en ren hvid base, henter meget af sit salg fra farvegradienten p\u00e5 raglan\u00e6rmerne i stedet. Bag skuldrene begynder den hvide base en gradvis og falmet overgang til bl\u00e5, der starter med en lys tone, f\u00f8r den falder til en meget dyb tone omkring den runde halsudsk\u00e6ring. De lyse- og m\u00f8rkebl\u00e5 toner er p\u00e5f\u00f8rt i et tydeligt halv-halv-design p\u00e5 manchetterne, der ligner farverne p\u00e5 det kroatiske udebanes\u00e6t det \u00e5r. Historisk set bringer den m\u00f8rkebl\u00e5 farve p\u00e5 en eller anden m\u00e5de stemningen fra 90'ernes tr\u00f8jer tilbage.<\/p>\n<p>Tips til udskrivning: Hvis navn og nummer p\u00e5 billedet er pr\u00e6cis det, du \u00f8nsker, beh\u00f8ver du ikke at indtaste dem igen. Hvis ikke, skal du indtaste det \u00f8nskede navn og nummer.<\/p>\n<p>Tips til vask: Det anbefales at vaske fodboldtr\u00f8jer i h\u00e5nden. Hvis du vil bruge vaskemaskinen, skal du huske at vende vrangen ud p\u00e5 fodboldtr\u00f8jerne og derefter vaske dem. Fyld maskinen med koldt vand, og brug et sk\u00e5neprogram for bedre at beskytte farverne.<\/p>","protected":false},"excerpt":{"rendered":"<p>VM 2022 Nike hjemstadion for England, der har en ren hvid baggrund, f\u00e5r st\u00f8rstedelen af sit salg fra farveovergange p\u00e5 raglan-\u00e6rmerne. Begyndende bag skuldrene starter den hvide base en gradvis og udtv\u00e6ret overgang mod bl\u00e5, begyndende med en lys nuance, f\u00f8r den g\u00e5r over i en meget dyb nuance i stedet for at blive helt sort.<\/p>","protected":false},"featured_media":10351,"comment_status":"open","ping_status":"closed","template":"","meta":[],"product_brand":[],"product_cat":[115],"product_tag":[20,363,116,389,21,22,23,24],"class_list":{"0":"post-10310","1":"product","2":"type-product","3":"status-publish","4":"has-post-thumbnail","6":"product_cat-england-trikots","7":"product_tag-coole-fussballtrikots","8":"product_tag-england-2022-world-cup-trikot","9":"product_tag-england-heimtrikot","10":"product_tag-fussball-wm-2022-trikot","11":"product_tag-fussballtrikot-fuer-herren","12":"product_tag-fussballtrikot-guenstig-kaufen","13":"product_tag-fussballtrikot-kurzarm","14":"product_tag-guenstiges-fussballtrikot","16":"first","17":"instock","18":"shipping-taxable","19":"purchasable","20":"product-type-variable"},"_links":{"self":[{"href":"https:\/\/www.billigtrikotde.com\/da\/wp-json\/wp\/v2\/product\/10310","targetHints":{"allow":["GET"]}}],"collection":[{"href":"https:\/\/www.billigtrikotde.com\/da\/wp-json\/wp\/v2\/product"}],"about":[{"href":"https:\/\/www.billigtrikotde.com\/da\/wp-json\/wp\/v2\/types\/product"}],"replies":[{"embeddable":true,"href":"https:\/\/www.billigtrikotde.com\/da\/wp-json\/wp\/v2\/comments?post=10310"}],"wp:featuredmedia":[{"embeddable":true,"href":"https:\/\/www.billigtrikotde.com\/da\/wp-json\/wp\/v2\/media\/10351"}],"wp:attachment":[{"href":"https:\/\/www.billigtrikotde.com\/da\/wp-json\/wp\/v2\/media?parent=10310"}],"wp:term":[{"taxonomy":"product_brand","embeddable":true,"href":"https:\/\/www.billigtrikotde.com\/da\/wp-json\/wp\/v2\/product_brand?post=10310"},{"taxonomy":"product_cat","embeddable":true,"href":"https:\/\/www.billigtrikotde.com\/da\/wp-json\/wp\/v2\/product_cat?post=10310"},{"taxonomy":"product_tag","embeddable":true,"href":"https:\/\/www.billigtrikotde.com\/da\/wp-json\/wp\/v2\/product_tag?post=10310"}],"curies":[{"name":"wp","href":"https:\/\/api.w.org\/{rel}","templated":true}]}}