{"id":1016,"date":"2024-10-23T13:12:46","date_gmt":"2024-10-23T11:12:46","guid":{"rendered":"http:\/\/billigtrikots.com\/?post_type=product&#038;p=1016"},"modified":"2024-10-23T13:14:44","modified_gmt":"2024-10-23T11:14:44","slug":"real-madrid-heimtrikot-2022-weiss-langarm-trikotsatz-mit-aufdruck-lucas-v-17","status":"publish","type":"product","link":"https:\/\/www.billigtrikotde.com\/da\/vare\/real-madrid-heimtrikot-2022-weiss-langarm-trikotsatz-mit-aufdruck-lucas-v-17\/","title":{"rendered":"Real Madrid hjemmebat 2022 hvid lang\u00e6rmet tr\u00f8je s\u00e6t med tryk Lucas V. 17"},"content":{"rendered":"<p>St\u00f8t dit yndlingshold hele vejen i den nye hjemmebanetr\u00f8je til m\u00e6nd fra \"Royals\". Den kommer i lysende hvid og er udsmykket med a-didas-branddetaljer samt sponsorbogstaver og har det stolte klubv\u00e5ben i de autentiske holdfarver p\u00e5 hjertesiden.<\/p>\n<p>Den officielle tr\u00f8je er fremstillet af det yderst funktionelle AEROREADY-materiale og giver dig ogs\u00e5 en fremragende varme- og fugtregulering. Den f\u00f8les bl\u00f8d og let p\u00e5 huden og t\u00f8rrer s\u00e6rligt hurtigt for at sikre optimal komfort p\u00e5 alle tidspunkter. \u00c5ndbare zoner sikrer ogs\u00e5 optimal ventilation. Replica-pasformen er ogs\u00e5 sk\u00e5ret lidt bredere end den originale spillertr\u00f8je, streetwear-versionen af den, s\u00e5 at sige, og giver dig derfor maksimal bev\u00e6gelsesfrihed, n\u00e5r du hepper p\u00e5 fansene s\u00e5vel som i din egen tr\u00e6ning. Det genanvendte polyester 100% er ikke kun holdbart og slidst\u00e6rkt, men ogs\u00e5 meget b\u00e6redygtigt!<\/p>\n<p>S\u00e5 vent ikke og f\u00e5 det nu! F\u00e5 fat i den popul\u00e6re a-didas Real Madrid hjemmebanetr\u00f8je til m\u00e6nd 2021\/22 i lys hvid i dag! Med den vil du ikke v\u00e6re i tvivl om din troskab og st\u00f8tte dit hold af hele dit hjerte!<\/p>\n<p>Tips til udskrivning: Hvis navn og nummer p\u00e5 billedet er pr\u00e6cis det, du \u00f8nsker, beh\u00f8ver du ikke at indtaste dem igen. Hvis ikke, skal du indtaste det \u00f8nskede navn og nummer.<\/p>\n<p>Tips til vask: Det anbefales at vaske fodboldtr\u00f8jer i h\u00e5nden. Hvis du vil bruge vaskemaskinen, skal du huske at vende vrangen ud p\u00e5 fodboldtr\u00f8jerne og derefter vaske dem. Fyld maskinen med koldt vand, og brug et sk\u00e5neprogram for bedre at beskytte farverne.<\/p>","protected":false},"excerpt":{"rendered":"<p>I den nye herre Hjemmetr\u00f8je af \u201eKongelige\u201c st\u00f8tter du dit yndlingshold fuldt ud. Den pr\u00e6senterer sig i str\u00e5lende hvid og er forfinet med adidas m\u00e6rkedetaljer samt sponsorlogo, og b\u00e6rer p\u00e5 hjertesiden det stolte klubv\u00e5ben i de autentiske holdfarver. Fremstillet af h\u00f8jt funktionelt AEROREADY-materiale, tilbyder den officielle tr\u00f8je ogs\u00e5 en fremragende [\u2026]<\/p>","protected":false},"featured_media":1046,"comment_status":"open","ping_status":"closed","template":"","meta":[],"product_brand":[],"product_cat":[45],"product_tag":[20,38,21,24,47],"class_list":{"0":"post-1016","1":"product","2":"type-product","3":"status-publish","4":"has-post-thumbnail","6":"product_cat-real-madrid","7":"product_tag-coole-fussballtrikots","8":"product_tag-fussball-trikot-langarm","9":"product_tag-fussballtrikot-fuer-herren","10":"product_tag-guenstiges-fussballtrikot","11":"product_tag-real-madrid-trikots","13":"first","14":"instock","15":"shipping-taxable","16":"purchasable","17":"product-type-variable"},"_links":{"self":[{"href":"https:\/\/www.billigtrikotde.com\/da\/wp-json\/wp\/v2\/product\/1016","targetHints":{"allow":["GET"]}}],"collection":[{"href":"https:\/\/www.billigtrikotde.com\/da\/wp-json\/wp\/v2\/product"}],"about":[{"href":"https:\/\/www.billigtrikotde.com\/da\/wp-json\/wp\/v2\/types\/product"}],"replies":[{"embeddable":true,"href":"https:\/\/www.billigtrikotde.com\/da\/wp-json\/wp\/v2\/comments?post=1016"}],"wp:featuredmedia":[{"embeddable":true,"href":"https:\/\/www.billigtrikotde.com\/da\/wp-json\/wp\/v2\/media\/1046"}],"wp:attachment":[{"href":"https:\/\/www.billigtrikotde.com\/da\/wp-json\/wp\/v2\/media?parent=1016"}],"wp:term":[{"taxonomy":"product_brand","embeddable":true,"href":"https:\/\/www.billigtrikotde.com\/da\/wp-json\/wp\/v2\/product_brand?post=1016"},{"taxonomy":"product_cat","embeddable":true,"href":"https:\/\/www.billigtrikotde.com\/da\/wp-json\/wp\/v2\/product_cat?post=1016"},{"taxonomy":"product_tag","embeddable":true,"href":"https:\/\/www.billigtrikotde.com\/da\/wp-json\/wp\/v2\/product_tag?post=1016"}],"curies":[{"name":"wp","href":"https:\/\/api.w.org\/{rel}","templated":true}]}}