{"id":10018,"date":"2024-10-24T02:56:56","date_gmt":"2024-10-24T00:56:56","guid":{"rendered":"http:\/\/billigtrikots.com\/?post_type=product&#038;p=10018"},"modified":"2024-10-24T02:59:14","modified_gmt":"2024-10-24T00:59:14","slug":"herren-brasilien-fifa-wm-katar-2022-heimtrikot-gelb-kurzarm-personalisierbar","status":"publish","type":"product","link":"https:\/\/www.billigtrikotde.com\/da\/vare\/herren-brasilien-fifa-wm-katar-2022-heimtrikot-gelb-kurzarm-personalisierbar\/","title":{"rendered":"Brasilien FIFA World Cup Qatar 2022 Hjemmebanetr\u00f8je til m\u00e6nd Gul Kort\u00e6rmet Customisable"},"content":{"rendered":"<p>Farverne p\u00e5 Nike Brazil 2022 VM-hjemmetr\u00f8jen minder om tr\u00f8jen fra VM-vinderen i 2002 \u2013 det kan ses som en hyldest til 20-\u00e5rs jubil\u00e6et for dens udgivelse. Nike Brasilien 2022-tr\u00f8jen er baseret p\u00e5 Nike 2022 VM \/ 22-23-skabelonen, som vi allerede har set eksempler p\u00e5 hos nogle af de bedste klubber i m\u00e6rket. Den bruger den samme skabelon som Chelsea 22-23-tr\u00f8jen.<\/p>\n<p>Tips til udskrivning: Hvis navn og nummer p\u00e5 billedet er pr\u00e6cis det, du \u00f8nsker, beh\u00f8ver du ikke at indtaste dem igen. Hvis ikke, skal du indtaste det \u00f8nskede navn og nummer.<\/p>\n<p>Tips til vask: Det anbefales at vaske fodboldtr\u00f8jer i h\u00e5nden. Hvis du vil bruge vaskemaskinen, skal du huske at vende vrangen ud p\u00e5 fodboldtr\u00f8jerne og derefter vaske dem. Fyld maskinen med koldt vand, og brug et sk\u00e5neprogram for bedre at beskytte farverne.<\/p>","protected":false},"excerpt":{"rendered":"<p>Die Farben des Nike Brazil 2022 World Cup Heimtrikots erinnern an das Trikot des WM-Siegers von 2002 \u2013 es kann als eine Hommage an das 20-j\u00e4hrige Jubil\u00e4um seiner Ver\u00f6ffentlichung gesehen werden.Das Nike Brasilien 2022 Trikot basiert auf dem Nike 2022 World Cup \/ 22-23 Template, von dem wir bereits einige Beispiele bei den Top-Klubs der [&hellip;]<\/p>","protected":false},"featured_media":10058,"comment_status":"open","ping_status":"closed","template":"","meta":[],"product_brand":[],"product_cat":[112],"product_tag":[20,113,114,405,407,222,21,22,23,24],"class_list":{"0":"post-10018","1":"product","2":"type-product","3":"status-publish","4":"has-post-thumbnail","6":"product_cat-brasilien-trikots","7":"product_tag-coole-fussballtrikots","8":"product_tag-brasilien-heimtrikot","9":"product_tag-brasilien-trikots","10":"product_tag-fifa-wm-katar-2022","11":"product_tag-fifa-wm-katar-2022-trikot","12":"product_tag-fussball-wm-2022-trikots","13":"product_tag-fussballtrikot-fuer-herren","14":"product_tag-fussballtrikot-guenstig-kaufen","15":"product_tag-fussballtrikot-kurzarm","16":"product_tag-guenstiges-fussballtrikot","18":"first","19":"instock","20":"shipping-taxable","21":"purchasable","22":"product-type-variable"},"_links":{"self":[{"href":"https:\/\/www.billigtrikotde.com\/da\/wp-json\/wp\/v2\/product\/10018","targetHints":{"allow":["GET"]}}],"collection":[{"href":"https:\/\/www.billigtrikotde.com\/da\/wp-json\/wp\/v2\/product"}],"about":[{"href":"https:\/\/www.billigtrikotde.com\/da\/wp-json\/wp\/v2\/types\/product"}],"replies":[{"embeddable":true,"href":"https:\/\/www.billigtrikotde.com\/da\/wp-json\/wp\/v2\/comments?post=10018"}],"wp:featuredmedia":[{"embeddable":true,"href":"https:\/\/www.billigtrikotde.com\/da\/wp-json\/wp\/v2\/media\/10058"}],"wp:attachment":[{"href":"https:\/\/www.billigtrikotde.com\/da\/wp-json\/wp\/v2\/media?parent=10018"}],"wp:term":[{"taxonomy":"product_brand","embeddable":true,"href":"https:\/\/www.billigtrikotde.com\/da\/wp-json\/wp\/v2\/product_brand?post=10018"},{"taxonomy":"product_cat","embeddable":true,"href":"https:\/\/www.billigtrikotde.com\/da\/wp-json\/wp\/v2\/product_cat?post=10018"},{"taxonomy":"product_tag","embeddable":true,"href":"https:\/\/www.billigtrikotde.com\/da\/wp-json\/wp\/v2\/product_tag?post=10018"}],"curies":[{"name":"wp","href":"https:\/\/api.w.org\/{rel}","templated":true}]}}