{"id":9874,"date":"2024-10-24T02:49:21","date_gmt":"2024-10-24T00:49:21","guid":{"rendered":"http:\/\/billigtrikots.com\/?post_type=product&#038;p=9874"},"modified":"2024-10-24T02:51:32","modified_gmt":"2024-10-24T00:51:32","slug":"kante-13-frankreich-fifa-wm-katar-2022-marineblau-heimtrikot-kurzarm-fuer-herren","status":"publish","type":"product","link":"https:\/\/www.billigtrikotde.com\/cs\/kante-13-frankreich-fifa-wm-katar-2022-marineblau-heimtrikot-kurzarm-fuer-herren\/","title":{"rendered":"KANTE #13 Francie FIFA MS Katar 2022 n\u00e1mo\u0159nick\u00e1 modr\u00e1 dom\u00e1c\u00ed dres kr\u00e1tk\u00fd ruk\u00e1v pro mu\u017ee"},"content":{"rendered":"<p>Dres Nike Francie 2022 MS je prvn\u00edm od 10 let, kter\u00fd m\u00e1 zlat\u00e9 aplikace. Je p\u0159ev\u00e1\u017en\u011b tmav\u011b modr\u00fd s zlat\u00fdmi logy a mo\u017en\u00e1 i n\u011bkter\u00fdmi zlat\u00fdmi detaily.<\/p>\n<p>Tipy pro tisk: Pokud jsou jm\u00e9no a \u010d\u00edslo na obr\u00e1zku p\u0159esn\u011b takov\u00e9, jak\u00e9 chcete, nemus\u00edte je zad\u00e1vat znovu. Pokud tomu tak nen\u00ed, m\u011bli byste zadat po\u017eadovan\u00e9 jm\u00e9no a \u010d\u00edslo.<\/p>\n<p>Tipy pro pran\u00ed: Doporu\u010dujeme pr\u00e1t fotbalov\u00e1 tri\u010dka v ruce. Pokud chcete pou\u017e\u00edt pra\u010dku, nezapome\u0148te fotbalov\u00e1 tri\u010dka obr\u00e1tit naruby a pot\u00e9 je vyprat. Pra\u010dku napl\u0148te studenou vodou a pou\u017eijte jemn\u00fd cyklus, abyste l\u00e9pe ochr\u00e1nili barvy.<\/p>","protected":false},"excerpt":{"rendered":"<p>Nike Francie 2022 MSK dres je prvn\u00ed od 10 let, kter\u00fd m\u00e1 zlat\u00e9 aplikace. Je p\u0159ev\u00e1\u017en\u011b tmav\u011b modr\u00fd s zlat\u00fdmi logy a mo\u017en\u00e1 n\u011bkter\u00fdmi zlat\u00fdmi detaily. Tipy k tisku: Pokud jm\u00e9no a \u010d\u00edslo na obr\u00e1zku p\u0159esn\u011b odpov\u00eddaj\u00ed va\u0161im p\u0159\u00e1n\u00edm, nemus\u00edte je znovu zad\u00e1vat. Pokud ne, m\u011bli byste zadat po\u017eadovan\u00e9 [\u2026]<\/p>","protected":false},"featured_media":9912,"comment_status":"open","ping_status":"closed","template":"","meta":[],"product_brand":[],"product_cat":[117],"product_tag":[20,398,121,119,389,21,22,23,24],"class_list":{"0":"post-9874","1":"product","2":"type-product","3":"status-publish","4":"has-post-thumbnail","6":"product_cat-frankreich-trikots","7":"product_tag-coole-fussballtrikots","8":"product_tag-frankreich-2022-weltmeisterschaft-trikot","9":"product_tag-frankreich-heimtrikot","10":"product_tag-frankreich-trikots","11":"product_tag-fussball-wm-2022-trikot","12":"product_tag-fussballtrikot-fuer-herren","13":"product_tag-fussballtrikot-guenstig-kaufen","14":"product_tag-fussballtrikot-kurzarm","15":"product_tag-guenstiges-fussballtrikot","17":"first","18":"instock","19":"shipping-taxable","20":"purchasable","21":"product-type-variable"},"_links":{"self":[{"href":"https:\/\/www.billigtrikotde.com\/cs\/wp-json\/wp\/v2\/product\/9874","targetHints":{"allow":["GET"]}}],"collection":[{"href":"https:\/\/www.billigtrikotde.com\/cs\/wp-json\/wp\/v2\/product"}],"about":[{"href":"https:\/\/www.billigtrikotde.com\/cs\/wp-json\/wp\/v2\/types\/product"}],"replies":[{"embeddable":true,"href":"https:\/\/www.billigtrikotde.com\/cs\/wp-json\/wp\/v2\/comments?post=9874"}],"wp:featuredmedia":[{"embeddable":true,"href":"https:\/\/www.billigtrikotde.com\/cs\/wp-json\/wp\/v2\/media\/9912"}],"wp:attachment":[{"href":"https:\/\/www.billigtrikotde.com\/cs\/wp-json\/wp\/v2\/media?parent=9874"}],"wp:term":[{"taxonomy":"product_brand","embeddable":true,"href":"https:\/\/www.billigtrikotde.com\/cs\/wp-json\/wp\/v2\/product_brand?post=9874"},{"taxonomy":"product_cat","embeddable":true,"href":"https:\/\/www.billigtrikotde.com\/cs\/wp-json\/wp\/v2\/product_cat?post=9874"},{"taxonomy":"product_tag","embeddable":true,"href":"https:\/\/www.billigtrikotde.com\/cs\/wp-json\/wp\/v2\/product_tag?post=9874"}],"curies":[{"name":"wp","href":"https:\/\/api.w.org\/{rel}","templated":true}]}}