{"id":9822,"date":"2024-10-24T02:46:53","date_gmt":"2024-10-24T00:46:53","guid":{"rendered":"http:\/\/billigtrikots.com\/?post_type=product&#038;p=9822"},"modified":"2024-10-24T02:49:11","modified_gmt":"2024-10-24T00:49:11","slug":"herren-england-fifa-wm-katar-2022-weiss-blau-heimtrikot-kurzarm-chilwell-21","status":"publish","type":"product","link":"https:\/\/www.billigtrikotde.com\/cs\/herren-england-fifa-wm-katar-2022-weiss-blau-heimtrikot-kurzarm-chilwell-21\/","title":{"rendered":"P\u00e1nsk\u00e9 dom\u00e1c\u00ed tri\u010dko England FIFA World Cup Qatar 2022 white blue s kr\u00e1tk\u00fdm ruk\u00e1vem CHILWELL 21"},"content":{"rendered":"<p>Dom\u00e1c\u00ed stadion Nike World Cup 2022 England, kter\u00fd m\u00e1 \u010dist\u011b b\u00edl\u00fd z\u00e1klad, \u010derp\u00e1 v\u011bt\u0161inu sv\u00e9ho prodeje z barevn\u00e9ho gradientu na ragl\u00e1nov\u00fdch ruk\u00e1vech. Od b\u00edl\u00e9ho z\u00e1kladu za rameny za\u010d\u00edn\u00e1 postupn\u00fd a vybledl\u00fd p\u0159echod k modr\u00e9, kter\u00fd za\u010d\u00edn\u00e1 sv\u011btl\u00fdm t\u00f3nem a pot\u00e9 kles\u00e1 k velmi syt\u00e9mu t\u00f3nu kolem kulat\u00e9ho v\u00fdst\u0159ihu. Sv\u011btle a tmav\u011b modr\u00e9 t\u00f3ny jsou na man\u017eet\u00e1ch naneseny v jasn\u00e9m designu p\u016fl na p\u016fl, kter\u00fd p\u0159ipom\u00edn\u00e1 barvy chorvatsk\u00e9 venkovn\u00ed soupravy pro tento rok. Historicky pou\u017eit\u00e1 tmav\u011b modr\u00e1 barva n\u011bjak\u00fdm zp\u016fsobem navozuje atmosf\u00e9ru souprav z 90. let.<\/p>\n<p>Tipy pro tisk: Pokud jsou jm\u00e9no a \u010d\u00edslo na obr\u00e1zku p\u0159esn\u011b takov\u00e9, jak\u00e9 chcete, nemus\u00edte je zad\u00e1vat znovu. Pokud tomu tak nen\u00ed, m\u011bli byste zadat po\u017eadovan\u00e9 jm\u00e9no a \u010d\u00edslo.<\/p>\n<p>Tipy pro pran\u00ed: Doporu\u010dujeme pr\u00e1t fotbalov\u00e1 tri\u010dka v ruce. Pokud chcete pou\u017e\u00edt pra\u010dku, nezapome\u0148te fotbalov\u00e1 tri\u010dka obr\u00e1tit naruby a pot\u00e9 je vyprat. Pra\u010dku napl\u0148te studenou vodou a pou\u017eijte jemn\u00fd cyklus, abyste l\u00e9pe ochr\u00e1nili barvy.<\/p>","protected":false},"excerpt":{"rendered":"<p>Das WM 2022 Nike Heimstadion von England, das eine saubere wei\u00dfe Grundlage hat, bezieht einen Gro\u00dfteil seines Verkaufs stattdessen aus der Farbverl\u00e4ufe auf den Raglan\u00e4rmeln. Beginnend hinter den Schultern beginnt die wei\u00dfe Basis einen allm\u00e4hlichen und verblassten \u00dcbergang in Richtung Blau, beginnend mit einem hellen Ton, bevor sie in einen sehr tiefen Ton um den [&hellip;]<\/p>","protected":false},"featured_media":9856,"comment_status":"open","ping_status":"closed","template":"","meta":[],"product_brand":[],"product_cat":[115],"product_tag":[20,363,116,407,21,22,23,24],"class_list":{"0":"post-9822","1":"product","2":"type-product","3":"status-publish","4":"has-post-thumbnail","6":"product_cat-england-trikots","7":"product_tag-coole-fussballtrikots","8":"product_tag-england-2022-world-cup-trikot","9":"product_tag-england-heimtrikot","10":"product_tag-fifa-wm-katar-2022-trikot","11":"product_tag-fussballtrikot-fuer-herren","12":"product_tag-fussballtrikot-guenstig-kaufen","13":"product_tag-fussballtrikot-kurzarm","14":"product_tag-guenstiges-fussballtrikot","16":"first","17":"instock","18":"shipping-taxable","19":"purchasable","20":"product-type-variable"},"_links":{"self":[{"href":"https:\/\/www.billigtrikotde.com\/cs\/wp-json\/wp\/v2\/product\/9822","targetHints":{"allow":["GET"]}}],"collection":[{"href":"https:\/\/www.billigtrikotde.com\/cs\/wp-json\/wp\/v2\/product"}],"about":[{"href":"https:\/\/www.billigtrikotde.com\/cs\/wp-json\/wp\/v2\/types\/product"}],"replies":[{"embeddable":true,"href":"https:\/\/www.billigtrikotde.com\/cs\/wp-json\/wp\/v2\/comments?post=9822"}],"wp:featuredmedia":[{"embeddable":true,"href":"https:\/\/www.billigtrikotde.com\/cs\/wp-json\/wp\/v2\/media\/9856"}],"wp:attachment":[{"href":"https:\/\/www.billigtrikotde.com\/cs\/wp-json\/wp\/v2\/media?parent=9822"}],"wp:term":[{"taxonomy":"product_brand","embeddable":true,"href":"https:\/\/www.billigtrikotde.com\/cs\/wp-json\/wp\/v2\/product_brand?post=9822"},{"taxonomy":"product_cat","embeddable":true,"href":"https:\/\/www.billigtrikotde.com\/cs\/wp-json\/wp\/v2\/product_cat?post=9822"},{"taxonomy":"product_tag","embeddable":true,"href":"https:\/\/www.billigtrikotde.com\/cs\/wp-json\/wp\/v2\/product_tag?post=9822"}],"curies":[{"name":"wp","href":"https:\/\/api.w.org\/{rel}","templated":true}]}}