{"id":9752,"date":"2024-10-24T02:43:16","date_gmt":"2024-10-24T00:43:16","guid":{"rendered":"http:\/\/billigtrikots.com\/?post_type=product&#038;p=9752"},"modified":"2024-10-24T02:45:35","modified_gmt":"2024-10-24T00:45:35","slug":"mexiko-fifa-wm-katar-2022-heimtrikot-gruen-kurzarm-mit-namen-jesus-c-17","status":"publish","type":"product","link":"https:\/\/www.billigtrikotde.com\/cs\/mexiko-fifa-wm-katar-2022-heimtrikot-gruen-kurzarm-mit-namen-jesus-c-17\/","title":{"rendered":"Mexiko Mistrovstv\u00ed sv\u011bta ve fotbale Katar 2022 Dom\u00e1c\u00ed dres zelen\u00fd s kr\u00e1tk\u00fdm ruk\u00e1vem a n\u00e1pisem JESUS C.17"},"content":{"rendered":"<p>Je to poprv\u00e9 za mnoho let, co bude m\u00edt Mexiko zelen\u00fd dres. Mexick\u00fd dres na MS 2018 byl zelen\u00fd a p\u0159\u00e1telsk\u00e9 utk\u00e1n\u00ed proti Argentin\u011b ve stejn\u00e9m roce bylo naposledy, kdy mexick\u00e1 n\u00e1rodn\u00ed A-mu\u017estvo nosila zelen\u00fd dres. Olympijsk\u00fd dres, kter\u00fd v l\u00e9t\u011b nosila U24-n\u00e1rodn\u00ed reprezentace a kter\u00fd nebyl vyroben od Adidasu, byl tak\u00e9 zelen\u00fd.<br \/>\nDres na MS 2022 od Adidas Mexiko je zelen\u00fd s b\u00edl\u00fdmi kalhotami a \u010derven\u00fdmi stulpnami a t\u00edm vrac\u00ed ikonick\u00e9 barvy Mexika zp\u011bt.<\/p>\n<p>Nejv\u00fdrazn\u011bj\u0161\u00edm designov\u00fdm prvkem dom\u00e1c\u00edho dresu Mexiko 2022 je jemn\u00fd grafick\u00fd tisk na vrchn\u00ed \u010d\u00e1sti a ruk\u00e1vech, inspirovan\u00fd Quetzalcoatlem.<br \/>\nV mexick\u00e9 kultu\u0159e je Quetzalcoatl bohem v\u011btru, patronem kn\u011b\u017e\u00ed a vyn\u00e1lezcem kalend\u00e1\u0159\u016f a knih. Ob\u010das je tak\u00e9 zobrazov\u00e1n jako symbol smrti a vzk\u0159\u00ed\u0161en\u00ed. Grafika Quetzalcoatla se nach\u00e1z\u00ed tak\u00e9 na zadn\u00ed stran\u011b pod l\u00edmcem.<\/p>\n<p>Tipy pro tisk: Pokud jsou jm\u00e9no a \u010d\u00edslo na obr\u00e1zku p\u0159esn\u011b takov\u00e9, jak\u00e9 chcete, nemus\u00edte je zad\u00e1vat znovu. Pokud tomu tak nen\u00ed, m\u011bli byste zadat po\u017eadovan\u00e9 jm\u00e9no a \u010d\u00edslo.<\/p>\n<p>Tipy pro pran\u00ed: Doporu\u010dujeme pr\u00e1t fotbalov\u00e1 tri\u010dka v ruce. Pokud chcete pou\u017e\u00edt pra\u010dku, nezapome\u0148te fotbalov\u00e1 tri\u010dka obr\u00e1tit naruby a pot\u00e9 je vyprat. Pra\u010dku napl\u0148te studenou vodou a pou\u017eijte jemn\u00fd cyklus, abyste l\u00e9pe ochr\u00e1nili barvy.<\/p>","protected":false},"excerpt":{"rendered":"<p>Je to poprv\u00e9 za mnoho let, co bude m\u00edt Mexiko zelen\u00fd dres. Mexick\u00fd dres na MS 2018 byl zelen\u00fd a p\u0159\u00e1telsk\u00e9 utk\u00e1n\u00ed proti Argentin\u011b ve stejn\u00e9m roce bylo naposledy, kdy mexick\u00e1 n\u00e1rodn\u00ed A-mu\u017estvo nosila zelen\u00fd dres. Olympijsk\u00fd dres, kter\u00fd v l\u00e9t\u011b nosila U24-n\u00e1rodn\u00ed reprezentace a kter\u00fd nebyl vyroben od Adidasu, byl tak\u00e9 zelen\u00fd.<\/p>","protected":false},"featured_media":9793,"comment_status":"open","ping_status":"closed","template":"","meta":[],"product_brand":[],"product_cat":[251],"product_tag":[20,405,21,22,23,24,252,406,253],"class_list":{"0":"post-9752","1":"product","2":"type-product","3":"status-publish","4":"has-post-thumbnail","6":"product_cat-mexiko-trikots","7":"product_tag-coole-fussballtrikots","8":"product_tag-fifa-wm-katar-2022","9":"product_tag-fussballtrikot-fuer-herren","10":"product_tag-fussballtrikot-guenstig-kaufen","11":"product_tag-fussballtrikot-kurzarm","12":"product_tag-guenstiges-fussballtrikot","13":"product_tag-mexiko-2022-trikots","14":"product_tag-mexiko-2022-wm-heimtrikot","15":"product_tag-mexiko-heimtrikot","17":"first","18":"instock","19":"shipping-taxable","20":"purchasable","21":"product-type-variable"},"_links":{"self":[{"href":"https:\/\/www.billigtrikotde.com\/cs\/wp-json\/wp\/v2\/product\/9752","targetHints":{"allow":["GET"]}}],"collection":[{"href":"https:\/\/www.billigtrikotde.com\/cs\/wp-json\/wp\/v2\/product"}],"about":[{"href":"https:\/\/www.billigtrikotde.com\/cs\/wp-json\/wp\/v2\/types\/product"}],"replies":[{"embeddable":true,"href":"https:\/\/www.billigtrikotde.com\/cs\/wp-json\/wp\/v2\/comments?post=9752"}],"wp:featuredmedia":[{"embeddable":true,"href":"https:\/\/www.billigtrikotde.com\/cs\/wp-json\/wp\/v2\/media\/9793"}],"wp:attachment":[{"href":"https:\/\/www.billigtrikotde.com\/cs\/wp-json\/wp\/v2\/media?parent=9752"}],"wp:term":[{"taxonomy":"product_brand","embeddable":true,"href":"https:\/\/www.billigtrikotde.com\/cs\/wp-json\/wp\/v2\/product_brand?post=9752"},{"taxonomy":"product_cat","embeddable":true,"href":"https:\/\/www.billigtrikotde.com\/cs\/wp-json\/wp\/v2\/product_cat?post=9752"},{"taxonomy":"product_tag","embeddable":true,"href":"https:\/\/www.billigtrikotde.com\/cs\/wp-json\/wp\/v2\/product_tag?post=9752"}],"curies":[{"name":"wp","href":"https:\/\/api.w.org\/{rel}","templated":true}]}}