{"id":9708,"date":"2024-10-24T02:40:55","date_gmt":"2024-10-24T00:40:55","guid":{"rendered":"http:\/\/billigtrikots.com\/?post_type=product&#038;p=9708"},"modified":"2024-10-24T02:43:10","modified_gmt":"2024-10-24T00:43:10","slug":"kaufe-herren-mexiko-fifa-wm-katar-2022-auswaertstrikot-weiss-rot-kurzarm-jesus-c-17","status":"publish","type":"product","link":"https:\/\/www.billigtrikotde.com\/cs\/kaufe-herren-mexiko-fifa-wm-katar-2022-auswaertstrikot-weiss-rot-kurzarm-jesus-c-17\/","title":{"rendered":"Koupit P\u00e1nsk\u00e9 Mexiko FIFA World Cup Qatar 2022 Away Jersey b\u00edl\u00e1 \u010derven\u00e1 kr\u00e1tk\u00fd ruk\u00e1v JESUS C.17"},"content":{"rendered":"<p>Vyvolej sv\u016fj bojov\u00fd duch, abys dos\u00e1hl na sv\u011btovou d\u00e1vku fotbalu. Pro tento \u00fa\u010del jsme tomuto adidas Mexiko venkovn\u00edmu dresu pro d\u011bti a teenagery dali vzhled inspirovan\u00fd Mixteky a azt\u00e9ck\u00fdmi bo\u017estvy. Uprost\u0159ed tohoto n\u00e1padn\u00e9ho celoplo\u0161n\u00e9ho designu je tak\u00e9 vid\u011bt t\u011blo hada Quetzalcoatla \u2013 zobrazen\u00ed fyzick\u00fdch schopnost\u00ed lidstva. S\u00ed\u0165ov\u00e9 vlo\u017eky a absorp\u010dn\u00ed technologie AEROREADY zaru\u010duj\u00ed pohodln\u00e9 no\u0161en\u00ed. A zcela nov\u00e9 klubov\u00e9 logo d\u00e1v\u00e1 najevo tvou fanou\u0161kovskou l\u00e1sku.<\/p>\n<p>Tipy pro tisk: Pokud jsou jm\u00e9no a \u010d\u00edslo na obr\u00e1zku p\u0159esn\u011b takov\u00e9, jak\u00e9 chcete, nemus\u00edte je zad\u00e1vat znovu. Pokud tomu tak nen\u00ed, m\u011bli byste zadat po\u017eadovan\u00e9 jm\u00e9no a \u010d\u00edslo.<\/p>\n<p>Tipy pro pran\u00ed: Doporu\u010dujeme pr\u00e1t fotbalov\u00e1 tri\u010dka v ruce. Pokud chcete pou\u017e\u00edt pra\u010dku, nezapome\u0148te fotbalov\u00e1 tri\u010dka obr\u00e1tit naruby a pot\u00e9 je vyprat. Pra\u010dku napl\u0148te studenou vodou a pou\u017eijte jemn\u00fd cyklus, abyste l\u00e9pe ochr\u00e1nili barvy.<\/p>","protected":false},"excerpt":{"rendered":"<p>Beschw\u00f6re deinen Kampfgeist, um es bis an die Weltspritze des Fu\u00dfballs zu schaffen. Hierf\u00fcr haben wir diesem adidas Mexiko Ausw\u00e4rtstrikot f\u00fcr Kinder und Teens eine von Mixteken und aztekischen Gottheiten inspirierte Optik verpasst. Inmitten dieses auff\u00e4lligen Allover-Designs ist auch Quetzalcoatls Schlangenk\u00f6rper zu finden \u2013 eine Darstellung der physischen F\u00e4higkeiten der Menschheit. Die Mesh-Eins\u00e4tze und feuchtigkeitsabsorbierende [&hellip;]<\/p>","protected":false},"featured_media":9747,"comment_status":"open","ping_status":"closed","template":"","meta":[],"product_brand":[],"product_cat":[251],"product_tag":[20,405,21,22,23,24,252,360,364],"class_list":{"0":"post-9708","1":"product","2":"type-product","3":"status-publish","4":"has-post-thumbnail","6":"product_cat-mexiko-trikots","7":"product_tag-coole-fussballtrikots","8":"product_tag-fifa-wm-katar-2022","9":"product_tag-fussballtrikot-fuer-herren","10":"product_tag-fussballtrikot-guenstig-kaufen","11":"product_tag-fussballtrikot-kurzarm","12":"product_tag-guenstiges-fussballtrikot","13":"product_tag-mexiko-2022-trikots","14":"product_tag-mexiko-2022-wm-auswaertstrikot","15":"product_tag-mexiko-auswaertstrikot","17":"first","18":"instock","19":"shipping-taxable","20":"purchasable","21":"product-type-variable"},"_links":{"self":[{"href":"https:\/\/www.billigtrikotde.com\/cs\/wp-json\/wp\/v2\/product\/9708","targetHints":{"allow":["GET"]}}],"collection":[{"href":"https:\/\/www.billigtrikotde.com\/cs\/wp-json\/wp\/v2\/product"}],"about":[{"href":"https:\/\/www.billigtrikotde.com\/cs\/wp-json\/wp\/v2\/types\/product"}],"replies":[{"embeddable":true,"href":"https:\/\/www.billigtrikotde.com\/cs\/wp-json\/wp\/v2\/comments?post=9708"}],"wp:featuredmedia":[{"embeddable":true,"href":"https:\/\/www.billigtrikotde.com\/cs\/wp-json\/wp\/v2\/media\/9747"}],"wp:attachment":[{"href":"https:\/\/www.billigtrikotde.com\/cs\/wp-json\/wp\/v2\/media?parent=9708"}],"wp:term":[{"taxonomy":"product_brand","embeddable":true,"href":"https:\/\/www.billigtrikotde.com\/cs\/wp-json\/wp\/v2\/product_brand?post=9708"},{"taxonomy":"product_cat","embeddable":true,"href":"https:\/\/www.billigtrikotde.com\/cs\/wp-json\/wp\/v2\/product_cat?post=9708"},{"taxonomy":"product_tag","embeddable":true,"href":"https:\/\/www.billigtrikotde.com\/cs\/wp-json\/wp\/v2\/product_tag?post=9708"}],"curies":[{"name":"wp","href":"https:\/\/api.w.org\/{rel}","templated":true}]}}