{"id":9673,"date":"2024-10-24T02:39:09","date_gmt":"2024-10-24T00:39:09","guid":{"rendered":"http:\/\/billigtrikots.com\/?post_type=product&#038;p=9673"},"modified":"2024-10-24T02:41:21","modified_gmt":"2024-10-24T00:41:21","slug":"herren-italien-trikots-2022-23-heimtrikot-blau-kurzarm-mit-aufdruck-insigne-10","status":"publish","type":"product","link":"https:\/\/www.billigtrikotde.com\/cs\/herren-italien-trikots-2022-23-heimtrikot-blau-kurzarm-mit-aufdruck-insigne-10\/","title":{"rendered":"P\u00e1nsk\u00e1 tri\u010dka It\u00e1lie 2022-23 Dom\u00e1c\u00ed dres modr\u00fd s kr\u00e1tk\u00fdm ruk\u00e1vem a potiskem INSIGNE 10"},"content":{"rendered":"<p>Dom\u00e1c\u00ed dres Squadra Azzurra 2022 se p\u0159edstavuje v klasick\u00e9 modr\u00e9 barv\u011b. \u010cty\u0159i \u010dtverce na p\u0159edn\u00ed stran\u011b dresu maj\u00ed ct\u00edt ka\u017edou generaci mistr\u016f sv\u011bta It\u00e1lie. Ka\u017ed\u00fd \u010dtverec odkazuje na v\u00edt\u011bzstv\u00ed na MS v letech 1934, 1938, 1982 a 2006. Zlat\u00e9 detaily a l\u00edmec slo\u017een\u00fd z barev italsk\u00e9 trikol\u00f3ry dokon\u010duj\u00ed dres. Dres [\u2026]<\/p>\n<p>Triko zna\u010dky PUMA v modr\u00e9 barv\u011b ti dovol\u00ed nosit barvy tv\u00e9ho obl\u00edben\u00e9ho t\u00fdmu a uk\u00e1zat v\u0161em, za co ti srdce bije. V \u017e\u00e1dn\u00e9 fanou\u0161kovsk\u00e9 sb\u00edrce by nem\u011blo chyb\u011bt toto italsk\u00e9 triko. Funk\u010dn\u00ed vlastnosti prody\u0161nosti, n\u00edzk\u00e9 hmotnosti, odv\u00e1d\u011bn\u00ed Potu a extr\u00e9mn\u00ed pohodl\u00ed jej p\u0159esv\u011bd\u010duj\u00ed. U tohoto sportovn\u00edho topu se opticky m\u016f\u017ee\u0161 spolehnout na logo svazu na hrudi. S t\u00edmto trikem se m\u016f\u017ee\u0161 ide\u00e1ln\u011b p\u0159ipravit na sv\u00e9ho dal\u0161\u00edho soupe\u0159e.<\/p>\n<p>Tipy pro tisk: Pokud jsou jm\u00e9no a \u010d\u00edslo na obr\u00e1zku p\u0159esn\u011b takov\u00e9, jak\u00e9 chcete, nemus\u00edte je zad\u00e1vat znovu. Pokud tomu tak nen\u00ed, m\u011bli byste zadat po\u017eadovan\u00e9 jm\u00e9no a \u010d\u00edslo.<\/p>\n<p>Tipy pro pran\u00ed: Doporu\u010dujeme pr\u00e1t fotbalov\u00e1 tri\u010dka v ruce. Pokud chcete pou\u017e\u00edt pra\u010dku, nezapome\u0148te fotbalov\u00e1 tri\u010dka obr\u00e1tit naruby a pot\u00e9 je vyprat. Pra\u010dku napl\u0148te studenou vodou a pou\u017eijte jemn\u00fd cyklus, abyste l\u00e9pe ochr\u00e1nili barvy.<\/p>","protected":false},"excerpt":{"rendered":"<p>Dom\u00e1c\u00ed dres Squadra Azzurra 2022 se p\u0159edstavuje v klasick\u00e9 modr\u00e9 barv\u011b. \u010cty\u0159i \u010dtverce na p\u0159edn\u00ed stran\u011b dresu maj\u00ed ct\u00edt ka\u017edou generaci mistr\u016f sv\u011bta It\u00e1lie. Ka\u017ed\u00fd \u010dtverec odkazuje na v\u00edt\u011bzstv\u00ed na MS v letech 1934, 1938, 1982 a 2006. Zlat\u00e9 detaily a l\u00edmec slo\u017een\u00fd z barev italsk\u00e9 trikol\u00f3ry dokon\u010duj\u00ed dres. Dres [\u2026]<\/p>","protected":false},"featured_media":9712,"comment_status":"open","ping_status":"closed","template":"","meta":[],"product_brand":[],"product_cat":[316],"product_tag":[20,21,22,23,24,404,317,318],"class_list":{"0":"post-9673","1":"product","2":"type-product","3":"status-publish","4":"has-post-thumbnail","6":"product_cat-italien-trikots","7":"product_tag-coole-fussballtrikots","8":"product_tag-fussballtrikot-fuer-herren","9":"product_tag-fussballtrikot-guenstig-kaufen","10":"product_tag-fussballtrikot-kurzarm","11":"product_tag-guenstiges-fussballtrikot","12":"product_tag-herren-italien-trikots","13":"product_tag-italien-heimtrikot","14":"product_tag-italien-trikots","16":"first","17":"instock","18":"shipping-taxable","19":"purchasable","20":"product-type-variable"},"_links":{"self":[{"href":"https:\/\/www.billigtrikotde.com\/cs\/wp-json\/wp\/v2\/product\/9673","targetHints":{"allow":["GET"]}}],"collection":[{"href":"https:\/\/www.billigtrikotde.com\/cs\/wp-json\/wp\/v2\/product"}],"about":[{"href":"https:\/\/www.billigtrikotde.com\/cs\/wp-json\/wp\/v2\/types\/product"}],"replies":[{"embeddable":true,"href":"https:\/\/www.billigtrikotde.com\/cs\/wp-json\/wp\/v2\/comments?post=9673"}],"wp:featuredmedia":[{"embeddable":true,"href":"https:\/\/www.billigtrikotde.com\/cs\/wp-json\/wp\/v2\/media\/9712"}],"wp:attachment":[{"href":"https:\/\/www.billigtrikotde.com\/cs\/wp-json\/wp\/v2\/media?parent=9673"}],"wp:term":[{"taxonomy":"product_brand","embeddable":true,"href":"https:\/\/www.billigtrikotde.com\/cs\/wp-json\/wp\/v2\/product_brand?post=9673"},{"taxonomy":"product_cat","embeddable":true,"href":"https:\/\/www.billigtrikotde.com\/cs\/wp-json\/wp\/v2\/product_cat?post=9673"},{"taxonomy":"product_tag","embeddable":true,"href":"https:\/\/www.billigtrikotde.com\/cs\/wp-json\/wp\/v2\/product_tag?post=9673"}],"curies":[{"name":"wp","href":"https:\/\/api.w.org\/{rel}","templated":true}]}}