{"id":9625,"date":"2024-10-24T02:36:46","date_gmt":"2024-10-24T00:36:46","guid":{"rendered":"http:\/\/billigtrikots.com\/?post_type=product&#038;p=9625"},"modified":"2024-10-24T02:39:00","modified_gmt":"2024-10-24T00:39:00","slug":"2022-uefa-european-england-womens-euro-heimtrikot-kurzarm-mit-aufdruck-mount-19","status":"publish","type":"product","link":"https:\/\/www.billigtrikotde.com\/cs\/2022-uefa-european-england-womens-euro-heimtrikot-kurzarm-mit-aufdruck-mount-19\/","title":{"rendered":"2022 UEFA European England D\u00e1msk\u00e9 dom\u00e1c\u00ed tri\u010dko Euro s kr\u00e1tk\u00fdm ruk\u00e1vem a potiskem MOUNT 19"},"content":{"rendered":"<p>Triko Nike England Women\u2019s Euro 2022 kombinuje b\u00edlou z\u00e1kladn\u00ed barvu s n\u00e1padn\u00fdmi t\u0159pytiv\u00fdmi logy \u2013 je to poprv\u00e9, co triko Anglie m\u00e1 irizuj\u00edc\u00ed loga. Krom\u011b t\u0159pytiv\u00fdch log je design dom\u00e1c\u00edho trika Nike England Women 2022 decentn\u00ed. Je pokryto velmi jemn\u00fdm t\u0159pytiv\u00fdm geometrick\u00fdm vzorem.<\/p>\n<p>Tipy pro tisk: Pokud jsou jm\u00e9no a \u010d\u00edslo na obr\u00e1zku p\u0159esn\u011b takov\u00e9, jak\u00e9 chcete, nemus\u00edte je zad\u00e1vat znovu. Pokud tomu tak nen\u00ed, m\u011bli byste zadat po\u017eadovan\u00e9 jm\u00e9no a \u010d\u00edslo.<\/p>\n<p>Tipy pro pran\u00ed: Doporu\u010dujeme pr\u00e1t fotbalov\u00e1 tri\u010dka v ruce. Pokud chcete pou\u017e\u00edt pra\u010dku, nezapome\u0148te fotbalov\u00e1 tri\u010dka obr\u00e1tit naruby a pot\u00e9 je vyprat. Pra\u010dku napl\u0148te studenou vodou a pou\u017eijte jemn\u00fd cyklus, abyste l\u00e9pe ochr\u00e1nili barvy.<\/p>","protected":false},"excerpt":{"rendered":"<p>Triko Nike England Women\u2019s Euro 2022 kombinuje b\u00edlou z\u00e1kladn\u00ed barvu s n\u00e1padn\u00fdmi t\u0159pytiv\u00fdmi logy \u2013 je to poprv\u00e9, co triko Anglie m\u00e1 irizuj\u00edc\u00ed loga. Krom\u011b t\u0159pytiv\u00fdch log je design dom\u00e1c\u00edho trika Nike England Women 2022 decentn\u00ed. Je pokryto velmi jemn\u00fdm t\u0159pytiv\u00fdm geometrick\u00fdm vzorem.<\/p>","protected":false},"featured_media":9665,"comment_status":"open","ping_status":"closed","template":"","meta":[],"product_brand":[],"product_cat":[115],"product_tag":[20,402,116,218,403,21,22,23,24],"class_list":{"0":"post-9625","1":"product","2":"type-product","3":"status-publish","4":"has-post-thumbnail","6":"product_cat-england-trikots","7":"product_tag-coole-fussballtrikots","8":"product_tag-england-frauen-2022-trikot","9":"product_tag-england-heimtrikot","10":"product_tag-england-heimtrikot-euro-2022-damen","11":"product_tag-england-womens-euro-2022-trikot","12":"product_tag-fussballtrikot-fuer-herren","13":"product_tag-fussballtrikot-guenstig-kaufen","14":"product_tag-fussballtrikot-kurzarm","15":"product_tag-guenstiges-fussballtrikot","17":"first","18":"instock","19":"shipping-taxable","20":"purchasable","21":"product-type-variable"},"_links":{"self":[{"href":"https:\/\/www.billigtrikotde.com\/cs\/wp-json\/wp\/v2\/product\/9625","targetHints":{"allow":["GET"]}}],"collection":[{"href":"https:\/\/www.billigtrikotde.com\/cs\/wp-json\/wp\/v2\/product"}],"about":[{"href":"https:\/\/www.billigtrikotde.com\/cs\/wp-json\/wp\/v2\/types\/product"}],"replies":[{"embeddable":true,"href":"https:\/\/www.billigtrikotde.com\/cs\/wp-json\/wp\/v2\/comments?post=9625"}],"wp:featuredmedia":[{"embeddable":true,"href":"https:\/\/www.billigtrikotde.com\/cs\/wp-json\/wp\/v2\/media\/9665"}],"wp:attachment":[{"href":"https:\/\/www.billigtrikotde.com\/cs\/wp-json\/wp\/v2\/media?parent=9625"}],"wp:term":[{"taxonomy":"product_brand","embeddable":true,"href":"https:\/\/www.billigtrikotde.com\/cs\/wp-json\/wp\/v2\/product_brand?post=9625"},{"taxonomy":"product_cat","embeddable":true,"href":"https:\/\/www.billigtrikotde.com\/cs\/wp-json\/wp\/v2\/product_cat?post=9625"},{"taxonomy":"product_tag","embeddable":true,"href":"https:\/\/www.billigtrikotde.com\/cs\/wp-json\/wp\/v2\/product_tag?post=9625"}],"curies":[{"name":"wp","href":"https:\/\/api.w.org\/{rel}","templated":true}]}}