{"id":9240,"date":"2024-10-24T02:17:16","date_gmt":"2024-10-24T00:17:16","guid":{"rendered":"http:\/\/billigtrikots.com\/?post_type=product&#038;p=9240"},"modified":"2024-10-24T02:19:31","modified_gmt":"2024-10-24T00:19:31","slug":"fussballtrikot-fuer-herren-niederlande-heimtrikot-wm-2022-orange-cruyff-14","status":"publish","type":"product","link":"https:\/\/www.billigtrikotde.com\/cs\/fussballtrikot-fuer-herren-niederlande-heimtrikot-wm-2022-orange-cruyff-14\/","title":{"rendered":"Fotbalov\u00fd dres pro p\u00e1ny Nizozemsko dom\u00e1c\u00ed dres MS 2022 oran\u017eov\u00fd CRUYFF 14"},"content":{"rendered":"<p>Pod\u00edvejte se na dres Nike pro Mistrovstv\u00ed sv\u011bta ve fotbale 2022 v Holandsku.<\/p>\n<p>Dres Nike Nizozemsko 2022 m\u00e1 jin\u00fd odst\u00edn oran\u017eov\u00e9 ne\u017e d\u0159\u00edv\u011bj\u0161\u00ed dom\u00e1c\u00ed dresy Nike \u2013 dres Nike Nizozemsko 2022 je \u201eLaser Orange\u201c, co\u017e je velmi \u017eluto-oran\u017eov\u00e1 barva. Pro grafiku je pou\u017eit druh\u00fd, tmav\u0161\u00ed a \u201etradi\u010dn\u011bj\u0161\u00ed\u201c odst\u00edn oran\u017eov\u00e9.<\/p>\n<p>V\u00fdrazn\u00fdm rysem je celoplo\u0161n\u00fd grafick\u00fd design inspirovan\u00fd srst\u00ed lva. Podle Nike p\u0159ipom\u00edn\u00e1 \u201etan\u010d\u00edc\u00ed v\u00edr\u201c nejen lv\u00ed h\u0159\u00edvu, ale tak\u00e9 symbolizuje tekutost taktick\u00e9ho syst\u00e9mu Total Football.<\/p>\n<p>Tipy pro tisk: Pokud jsou jm\u00e9no a \u010d\u00edslo na obr\u00e1zku p\u0159esn\u011b takov\u00e9, jak\u00e9 chcete, nemus\u00edte je zad\u00e1vat znovu. Pokud tomu tak nen\u00ed, m\u011bli byste zadat po\u017eadovan\u00e9 jm\u00e9no a \u010d\u00edslo.<\/p>\n<p>Tipy pro pran\u00ed: Doporu\u010dujeme pr\u00e1t fotbalov\u00e1 tri\u010dka v ruce. Pokud chcete pou\u017e\u00edt pra\u010dku, nezapome\u0148te fotbalov\u00e1 tri\u010dka obr\u00e1tit naruby a pot\u00e9 je vyprat. Pra\u010dku napl\u0148te studenou vodou a pou\u017eijte jemn\u00fd cyklus, abyste l\u00e9pe ochr\u00e1nili barvy.<\/p>","protected":false},"excerpt":{"rendered":"<p>Pod\u00edvejte se na dres Nike pro Mistrovstv\u00ed sv\u011bta ve fotbale 2022 v Holandsku. Dres Nike Holland 2022 m\u00e1 jin\u00fd odst\u00edn oran\u017eov\u00e9 ne\u017e d\u0159\u00edv\u011bj\u0161\u00ed dom\u00e1c\u00ed dresy Nike \u2013 dres Nike Holland 2022 je \u201eLaser Orange\u201c, co\u017e je velmi \u017eluto-oran\u017eov\u00e1 barva. Pro grafiku je pou\u017eit druh\u00fd, tmav\u0161\u00ed a \u201etradi\u010dn\u011bj\u0161\u00ed\u201c odst\u00edn oran\u017eov\u00e9. V\u00fdrazn\u00fdm rysem je [\u2026]<\/p>","protected":false},"featured_media":9279,"comment_status":"open","ping_status":"closed","template":"","meta":[],"product_brand":[],"product_cat":[219],"product_tag":[20,222,21,22,23,24,392,221],"class_list":{"0":"post-9240","1":"product","2":"type-product","3":"status-publish","4":"has-post-thumbnail","6":"product_cat-niederlande-trikots","7":"product_tag-coole-fussballtrikots","8":"product_tag-fussball-wm-2022-trikots","9":"product_tag-fussballtrikot-fuer-herren","10":"product_tag-fussballtrikot-guenstig-kaufen","11":"product_tag-fussballtrikot-kurzarm","12":"product_tag-guenstiges-fussballtrikot","13":"product_tag-niederlande-heimtrikot","14":"product_tag-niederlande-trikots","16":"first","17":"instock","18":"shipping-taxable","19":"purchasable","20":"product-type-variable"},"_links":{"self":[{"href":"https:\/\/www.billigtrikotde.com\/cs\/wp-json\/wp\/v2\/product\/9240","targetHints":{"allow":["GET"]}}],"collection":[{"href":"https:\/\/www.billigtrikotde.com\/cs\/wp-json\/wp\/v2\/product"}],"about":[{"href":"https:\/\/www.billigtrikotde.com\/cs\/wp-json\/wp\/v2\/types\/product"}],"replies":[{"embeddable":true,"href":"https:\/\/www.billigtrikotde.com\/cs\/wp-json\/wp\/v2\/comments?post=9240"}],"wp:featuredmedia":[{"embeddable":true,"href":"https:\/\/www.billigtrikotde.com\/cs\/wp-json\/wp\/v2\/media\/9279"}],"wp:attachment":[{"href":"https:\/\/www.billigtrikotde.com\/cs\/wp-json\/wp\/v2\/media?parent=9240"}],"wp:term":[{"taxonomy":"product_brand","embeddable":true,"href":"https:\/\/www.billigtrikotde.com\/cs\/wp-json\/wp\/v2\/product_brand?post=9240"},{"taxonomy":"product_cat","embeddable":true,"href":"https:\/\/www.billigtrikotde.com\/cs\/wp-json\/wp\/v2\/product_cat?post=9240"},{"taxonomy":"product_tag","embeddable":true,"href":"https:\/\/www.billigtrikotde.com\/cs\/wp-json\/wp\/v2\/product_tag?post=9240"}],"curies":[{"name":"wp","href":"https:\/\/api.w.org\/{rel}","templated":true}]}}