{"id":912,"date":"2024-10-23T13:08:49","date_gmt":"2024-10-23T11:08:49","guid":{"rendered":"http:\/\/billigtrikots.com\/?post_type=product&#038;p=912"},"modified":"2024-10-23T13:10:43","modified_gmt":"2024-10-23T11:10:43","slug":"real-madrid-herren-auswaertstrikot-2022-blau-weiss-mit-aufdruck-asensio-11","status":"publish","type":"product","link":"https:\/\/www.billigtrikotde.com\/cs\/real-madrid-herren-auswaertstrikot-2022-blau-weiss-mit-aufdruck-asensio-11\/","title":{"rendered":"Real Madrid P\u00e1nsk\u00fd dres 2022 modr\u00e1\/b\u00edl\u00e1 s potiskem Asensio 11"},"content":{"rendered":"<p>Nejen profesion\u00e1lov\u00e9 z Real Madrid d\u011blaj\u00ed \u017eivot v hlavn\u00edm m\u011bst\u011b \u010cesk\u00e9 republiky pest\u0159ej\u0161\u00edm. Tento fotbalov\u00fd dres a-didas je inspirov\u00e1n graffiti sc\u00e9nou pouli\u010dn\u00edho um\u011bn\u00ed v Madridu. To dokazuj\u00ed i decentn\u00ed detaily \u2013 jeden z nich je v oblasti krku. Pro pohodln\u00e9 a such\u00e9 no\u0161en\u00ed je m\u011bkk\u00fd materi\u00e1l nav\u00edc vybaven technologi\u00ed AEROREADY, kter\u00e1 absorbuje vlhkost.<\/p>\n<p>Tipy pro tisk: Pokud jsou jm\u00e9no a \u010d\u00edslo na obr\u00e1zku p\u0159esn\u011b takov\u00e9, jak\u00e9 chcete, nemus\u00edte je zad\u00e1vat znovu. Pokud tomu tak nen\u00ed, m\u011bli byste zadat po\u017eadovan\u00e9 jm\u00e9no a \u010d\u00edslo.<\/p>\n<p>Tipy pro pran\u00ed: Doporu\u010dujeme pr\u00e1t fotbalov\u00e1 tri\u010dka v ruce. Pokud chcete pou\u017e\u00edt pra\u010dku, nezapome\u0148te fotbalov\u00e1 tri\u010dka obr\u00e1tit naruby a pot\u00e9 je vyprat. Pra\u010dku napl\u0148te studenou vodou a pou\u017eijte jemn\u00fd cyklus, abyste l\u00e9pe ochr\u00e1nili barvy.<\/p>","protected":false},"excerpt":{"rendered":"<p>Nejen profesion\u00e1lov\u00e9 z Real Madrid d\u011blaj\u00ed \u017eivot v hlavn\u00edm m\u011bst\u011b \u010cesk\u00e9 republiky pest\u0159ej\u0161\u00edm. Tento fotbalov\u00fd dres a-didas je inspirov\u00e1n graffiti sc\u00e9nou pouli\u010dn\u00edho um\u011bn\u00ed v Madridu. To dokazuj\u00ed i decentn\u00ed detaily \u2013 jeden z nich je v oblasti krku. Pro pohodln\u00e9 a such\u00e9 no\u0161en\u00ed je m\u011bkk\u00fd materi\u00e1l nav\u00edc vybaven technologi\u00ed AEROREADY, kter\u00e1 absorbuje vlhkost.<\/p>","protected":false},"featured_media":956,"comment_status":"open","ping_status":"closed","template":"","meta":[],"product_brand":[],"product_cat":[45],"product_tag":[20,21,22,23,24,49,47],"class_list":{"0":"post-912","1":"product","2":"type-product","3":"status-publish","4":"has-post-thumbnail","6":"product_cat-real-madrid","7":"product_tag-coole-fussballtrikots","8":"product_tag-fussballtrikot-fuer-herren","9":"product_tag-fussballtrikot-guenstig-kaufen","10":"product_tag-fussballtrikot-kurzarm","11":"product_tag-guenstiges-fussballtrikot","12":"product_tag-real-madrid-auswaertstrikot","13":"product_tag-real-madrid-trikots","15":"first","16":"instock","17":"shipping-taxable","18":"purchasable","19":"product-type-variable"},"_links":{"self":[{"href":"https:\/\/www.billigtrikotde.com\/cs\/wp-json\/wp\/v2\/product\/912","targetHints":{"allow":["GET"]}}],"collection":[{"href":"https:\/\/www.billigtrikotde.com\/cs\/wp-json\/wp\/v2\/product"}],"about":[{"href":"https:\/\/www.billigtrikotde.com\/cs\/wp-json\/wp\/v2\/types\/product"}],"replies":[{"embeddable":true,"href":"https:\/\/www.billigtrikotde.com\/cs\/wp-json\/wp\/v2\/comments?post=912"}],"wp:featuredmedia":[{"embeddable":true,"href":"https:\/\/www.billigtrikotde.com\/cs\/wp-json\/wp\/v2\/media\/956"}],"wp:attachment":[{"href":"https:\/\/www.billigtrikotde.com\/cs\/wp-json\/wp\/v2\/media?parent=912"}],"wp:term":[{"taxonomy":"product_brand","embeddable":true,"href":"https:\/\/www.billigtrikotde.com\/cs\/wp-json\/wp\/v2\/product_brand?post=912"},{"taxonomy":"product_cat","embeddable":true,"href":"https:\/\/www.billigtrikotde.com\/cs\/wp-json\/wp\/v2\/product_cat?post=912"},{"taxonomy":"product_tag","embeddable":true,"href":"https:\/\/www.billigtrikotde.com\/cs\/wp-json\/wp\/v2\/product_tag?post=912"}],"curies":[{"name":"wp","href":"https:\/\/api.w.org\/{rel}","templated":true}]}}