{"id":9118,"date":"2024-10-24T02:11:14","date_gmt":"2024-10-24T00:11:14","guid":{"rendered":"http:\/\/billigtrikots.com\/?post_type=product&#038;p=9118"},"modified":"2024-10-24T02:13:30","modified_gmt":"2024-10-24T00:13:30","slug":"herren-niederlande-auswaertstrikot-blau-fussball-wm-2022-trikotschrift-virgil-4","status":"publish","type":"product","link":"https:\/\/www.billigtrikotde.com\/cs\/herren-niederlande-auswaertstrikot-blau-fussball-wm-2022-trikotschrift-virgil-4\/","title":{"rendered":"P\u00e1nsk\u00e9 Nizozemsko venkovn\u00ed dres modr\u00e1 fotbal MS 2022 text dresu VIRGIL 4"},"content":{"rendered":"<p>Nike vyvinul pro mnoho dres\u016f Mistrovstv\u00ed sv\u011bta ve fotbale 2022 na m\u00edru speci\u00e1ln\u00ed p\u00edsma. Dnes se pod\u00edv\u00e1me podrobn\u011bji na p\u00edsmo dom\u00e1c\u00edch a venkovn\u00edch dres\u016f Nizozemska pro Mistrovstv\u00ed sv\u011bta 2022.<br \/>\nNov\u00fd FIFA Poh\u00e1r sv\u011bta 2022 Nizozemsko m\u00e1 jedine\u010dn\u00fd design, p\u0159edev\u0161\u00edm u \u010d\u00edsel. Tento je mo\u017en\u00e1 inspirov\u00e1n vy\u0159ez\u00e1van\u00fdmi kovov\u00fdmi typy z Zlat\u00e9ho v\u011bku Nizozemska.<\/p>\n<p>P\u00edsmo nov\u00e9ho dom\u00e1c\u00edho dresu Nizozemska pro Mistrovstv\u00ed sv\u011bta 2022 je \u010dern\u00e9, zat\u00edmco p\u00edsmo venkovn\u00edho dresu je v\u00fdrazn\u011b \u010derven\u00e9.<\/p>\n<p>Tipy pro tisk: Pokud jsou jm\u00e9no a \u010d\u00edslo na obr\u00e1zku p\u0159esn\u011b takov\u00e9, jak\u00e9 chcete, nemus\u00edte je zad\u00e1vat znovu. Pokud tomu tak nen\u00ed, m\u011bli byste zadat po\u017eadovan\u00e9 jm\u00e9no a \u010d\u00edslo.<\/p>\n<p>Tipy pro pran\u00ed: Doporu\u010dujeme pr\u00e1t fotbalov\u00e1 tri\u010dka v ruce. Pokud chcete pou\u017e\u00edt pra\u010dku, nezapome\u0148te fotbalov\u00e1 tri\u010dka obr\u00e1tit naruby a pot\u00e9 je vyprat. Pra\u010dku napl\u0148te studenou vodou a pou\u017eijte jemn\u00fd cyklus, abyste l\u00e9pe ochr\u00e1nili barvy.<\/p>","protected":false},"excerpt":{"rendered":"<p>Nike vyvinul na Mistrovstv\u00ed sv\u011bta ve fotbale 2022 na m\u00edru p\u00edsma pro mnoho dres\u016f. Dnes se pod\u00edv\u00e1me podrobn\u011bji na p\u00edsmo dom\u00e1c\u00edch a venkovn\u00edch dres\u016f Nizozemska pro MS 2022. Nov\u00fd poh\u00e1r FIFA World Cup 2022 Nizozemsko m\u00e1 jedine\u010dn\u00fd design, zejm\u00e9na u \u010d\u00edsel. Tento je mo\u017en\u00e1 inspirov\u00e1n vy\u0159ez\u00e1van\u00fdmi kovov\u00fdmi typy Zlat\u00e9ho [\u2026]<\/p>","protected":false},"featured_media":9158,"comment_status":"open","ping_status":"closed","template":"","meta":[],"product_brand":[],"product_cat":[219],"product_tag":[20,393,21,22,23,24,394,355,221],"class_list":{"0":"post-9118","1":"product","2":"type-product","3":"status-publish","4":"has-post-thumbnail","6":"product_cat-niederlande-trikots","7":"product_tag-coole-fussballtrikots","8":"product_tag-fussball-weltmeisterschaft-2022","9":"product_tag-fussballtrikot-fuer-herren","10":"product_tag-fussballtrikot-guenstig-kaufen","11":"product_tag-fussballtrikot-kurzarm","12":"product_tag-guenstiges-fussballtrikot","13":"product_tag-niederlande-2022-world-cup-trikotschrift","14":"product_tag-niederlande-auswaertstrikot","15":"product_tag-niederlande-trikots","17":"first","18":"instock","19":"shipping-taxable","20":"purchasable","21":"product-type-variable"},"_links":{"self":[{"href":"https:\/\/www.billigtrikotde.com\/cs\/wp-json\/wp\/v2\/product\/9118","targetHints":{"allow":["GET"]}}],"collection":[{"href":"https:\/\/www.billigtrikotde.com\/cs\/wp-json\/wp\/v2\/product"}],"about":[{"href":"https:\/\/www.billigtrikotde.com\/cs\/wp-json\/wp\/v2\/types\/product"}],"replies":[{"embeddable":true,"href":"https:\/\/www.billigtrikotde.com\/cs\/wp-json\/wp\/v2\/comments?post=9118"}],"wp:featuredmedia":[{"embeddable":true,"href":"https:\/\/www.billigtrikotde.com\/cs\/wp-json\/wp\/v2\/media\/9158"}],"wp:attachment":[{"href":"https:\/\/www.billigtrikotde.com\/cs\/wp-json\/wp\/v2\/media?parent=9118"}],"wp:term":[{"taxonomy":"product_brand","embeddable":true,"href":"https:\/\/www.billigtrikotde.com\/cs\/wp-json\/wp\/v2\/product_brand?post=9118"},{"taxonomy":"product_cat","embeddable":true,"href":"https:\/\/www.billigtrikotde.com\/cs\/wp-json\/wp\/v2\/product_cat?post=9118"},{"taxonomy":"product_tag","embeddable":true,"href":"https:\/\/www.billigtrikotde.com\/cs\/wp-json\/wp\/v2\/product_tag?post=9118"}],"curies":[{"name":"wp","href":"https:\/\/api.w.org\/{rel}","templated":true}]}}