{"id":8981,"date":"2024-10-24T02:04:15","date_gmt":"2024-10-24T00:04:15","guid":{"rendered":"http:\/\/billigtrikots.com\/?post_type=product&#038;p=8981"},"modified":"2024-10-24T02:06:25","modified_gmt":"2024-10-24T00:06:25","slug":"herren-manchester-united-auswaertstrikot-2022-23-weiss-kurzarm-schwarz-kurze-hosen","status":"publish","type":"product","link":"https:\/\/www.billigtrikotde.com\/cs\/herren-manchester-united-auswaertstrikot-2022-23-weiss-kurzarm-schwarz-kurze-hosen\/","title":{"rendered":"P\u00e1nsk\u00e1 souprava Manchester United 2022-23 b\u00edl\u00e1 s kr\u00e1tk\u00fdm ruk\u00e1vem + \u010dern\u00e9 \u0161ortky"},"content":{"rendered":"<p>Dres venkovn\u00ed Manchester United FC 2022-2023 od Adidas kombinuje hlavn\u00ed barvu b\u00edlou s \u010derven\u00fdmi a \u010dern\u00fdmi aplikacemi. Pro t\u0159i pruhy si Adidas zvolil t\u0159e\u0161\u0148ov\u011b \u010dervenou barvu, zat\u00edmco loga Adidas a TeamViewer jsou \u010dern\u00e1.<\/p>\n<p>Stejn\u011b jako dres Manchester United 22-23 m\u00e1 i venkovn\u00ed dres Man Utd 22-23 znak s \u0161t\u00edtem.<\/p>\n<p>Charakteristick\u00fdm prvkem venkovn\u00edho dresu Manchester United 22-23 je \u010derveno-b\u00edl\u00e9 troj\u00faheln\u00edkov\u00e9 vzor na \u010dern\u00e9m l\u00edmci a man\u017eet\u00e1ch ruk\u00e1v\u016f. Nav\u00edc je na p\u0159edn\u00ed stran\u011b velmi decentn\u00ed helixov\u00fd vzor.<\/p>\n<p>Tipy pro tisk: Pokud jsou jm\u00e9no a \u010d\u00edslo na obr\u00e1zku p\u0159esn\u011b takov\u00e9, jak\u00e9 chcete, nemus\u00edte je zad\u00e1vat znovu. Pokud tomu tak nen\u00ed, m\u011bli byste zadat po\u017eadovan\u00e9 jm\u00e9no a \u010d\u00edslo.<\/p>\n<p>Tipy pro pran\u00ed: Doporu\u010dujeme pr\u00e1t fotbalov\u00e1 tri\u010dka v ruce. Pokud chcete pou\u017e\u00edt pra\u010dku, nezapome\u0148te fotbalov\u00e1 tri\u010dka obr\u00e1tit naruby a pot\u00e9 je vyprat. Pra\u010dku napl\u0148te studenou vodou a pou\u017eijte jemn\u00fd cyklus, abyste l\u00e9pe ochr\u00e1nili barvy.<\/p>","protected":false},"excerpt":{"rendered":"<p>Adidas Manchester United FC 2022-2023 venkovn\u00ed dres kombinuje hlavn\u00ed barvu b\u00edlou s \u010derven\u00fdmi a \u010dern\u00fdmi aplikacemi. Pro t\u0159\u00ed pruhy se Adidas rozhodl pro cherry \u010dervenou odst\u00edn, zat\u00edmco loga Adidas a TeamViewer jsou \u010dern\u00e1. Stejn\u011b jako dres Manchester United 22-23 m\u00e1 i venkovn\u00ed dres Man Utd 22-23 vyobrazen\u00ed \u0161t\u00edtem s erby.<\/p>","protected":false},"featured_media":9019,"comment_status":"open","ping_status":"closed","template":"","meta":[],"product_brand":[],"product_cat":[50],"product_tag":[20,21,22,23,24,217,223,52],"class_list":{"0":"post-8981","1":"product","2":"type-product","3":"status-publish","4":"has-post-thumbnail","6":"product_cat-manchester-united","7":"product_tag-coole-fussballtrikots","8":"product_tag-fussballtrikot-fuer-herren","9":"product_tag-fussballtrikot-guenstig-kaufen","10":"product_tag-fussballtrikot-kurzarm","11":"product_tag-guenstiges-fussballtrikot","12":"product_tag-manchester-united-trikot-bestellen","13":"product_tag-manchester-united-trikot-shop","14":"product_tag-manchester-united-trikots","16":"first","17":"instock","18":"shipping-taxable","19":"purchasable","20":"product-type-variable"},"_links":{"self":[{"href":"https:\/\/www.billigtrikotde.com\/cs\/wp-json\/wp\/v2\/product\/8981","targetHints":{"allow":["GET"]}}],"collection":[{"href":"https:\/\/www.billigtrikotde.com\/cs\/wp-json\/wp\/v2\/product"}],"about":[{"href":"https:\/\/www.billigtrikotde.com\/cs\/wp-json\/wp\/v2\/types\/product"}],"replies":[{"embeddable":true,"href":"https:\/\/www.billigtrikotde.com\/cs\/wp-json\/wp\/v2\/comments?post=8981"}],"wp:featuredmedia":[{"embeddable":true,"href":"https:\/\/www.billigtrikotde.com\/cs\/wp-json\/wp\/v2\/media\/9019"}],"wp:attachment":[{"href":"https:\/\/www.billigtrikotde.com\/cs\/wp-json\/wp\/v2\/media?parent=8981"}],"wp:term":[{"taxonomy":"product_brand","embeddable":true,"href":"https:\/\/www.billigtrikotde.com\/cs\/wp-json\/wp\/v2\/product_brand?post=8981"},{"taxonomy":"product_cat","embeddable":true,"href":"https:\/\/www.billigtrikotde.com\/cs\/wp-json\/wp\/v2\/product_cat?post=8981"},{"taxonomy":"product_tag","embeddable":true,"href":"https:\/\/www.billigtrikotde.com\/cs\/wp-json\/wp\/v2\/product_tag?post=8981"}],"curies":[{"name":"wp","href":"https:\/\/api.w.org\/{rel}","templated":true}]}}