{"id":8956,"date":"2024-10-24T02:02:42","date_gmt":"2024-10-24T00:02:42","guid":{"rendered":"http:\/\/billigtrikots.com\/?post_type=product&#038;p=8956"},"modified":"2024-10-24T02:05:15","modified_gmt":"2024-10-24T00:05:15","slug":"italien-trikots-fuer-kinder-zum-fussballspielen-2022-23-in-blaue-insigne-10","status":"publish","type":"product","link":"https:\/\/www.billigtrikotde.com\/cs\/italien-trikots-fuer-kinder-zum-fussballspielen-2022-23-in-blaue-insigne-10\/","title":{"rendered":"Italsk\u00e9 dresy pro d\u011bti na fotbal 2022-23 v modr\u00e9 INSIGNE 10"},"content":{"rendered":"<p>Klasick\u00e1 Azzurri. Dom\u00e1c\u00ed dres It\u00e1lie 2022 oslavuje tradi\u010dn\u00ed modr\u00e9 dresy a skv\u011bl\u00fd fotbal. S zlat\u00fdmi prvky, retro p\u00edsmeny a odkazy na triumfy z roku 1934, 1938, 1982 a 2006 je p\u0159edn\u00ed strana dresu rozd\u011blena na t\u00f3novan\u00e9 kvadranty, aby byla pocta \u010dty\u0159 generac\u00edm sv\u011btov\u00fdch \u0161ampion\u016f.<\/p>\n<p>Tipy pro tisk: Pokud jsou jm\u00e9no a \u010d\u00edslo na obr\u00e1zku p\u0159esn\u011b takov\u00e9, jak\u00e9 chcete, nemus\u00edte je zad\u00e1vat znovu. Pokud tomu tak nen\u00ed, m\u011bli byste zadat po\u017eadovan\u00e9 jm\u00e9no a \u010d\u00edslo.<\/p>\n<p>Tipy pro pran\u00ed: Doporu\u010dujeme pr\u00e1t fotbalov\u00e1 tri\u010dka v ruce. Pokud chcete pou\u017e\u00edt pra\u010dku, nezapome\u0148te fotbalov\u00e1 tri\u010dka obr\u00e1tit naruby a pot\u00e9 je vyprat. Pra\u010dku napl\u0148te studenou vodou a pou\u017eijte jemn\u00fd cyklus, abyste l\u00e9pe ochr\u00e1nili barvy.<\/p>","protected":false},"excerpt":{"rendered":"<p>Klassische Azzurri. Das Heimtrikot von Italien 2022 feiert die Tradition blauer Trikots und brillanten Fu\u00dfballs. Mit goldenen Akzenten, Retro-Schriften und Verweisen auf die Triumphe von 1934, 1938, 1982 und 2006 ist die Vorderseite des Trikots in tonale Quadranten unterteilt, um die vier Generationen von Weltmeistern zu ehren. Tipps zum Drucken: Wenn der Name und die [\u2026]<\/p>","protected":false},"featured_media":8997,"comment_status":"open","ping_status":"closed","template":"","meta":[],"product_brand":[],"product_cat":[316],"product_tag":[20,21,22,23,24,317,318,390],"class_list":{"0":"post-8956","1":"product","2":"type-product","3":"status-publish","4":"has-post-thumbnail","6":"product_cat-italien-trikots","7":"product_tag-coole-fussballtrikots","8":"product_tag-fussballtrikot-fuer-herren","9":"product_tag-fussballtrikot-guenstig-kaufen","10":"product_tag-fussballtrikot-kurzarm","11":"product_tag-guenstiges-fussballtrikot","12":"product_tag-italien-heimtrikot","13":"product_tag-italien-trikots","14":"product_tag-kinder-italien-trikots","16":"first","17":"instock","18":"shipping-taxable","19":"purchasable","20":"product-type-variable"},"_links":{"self":[{"href":"https:\/\/www.billigtrikotde.com\/cs\/wp-json\/wp\/v2\/product\/8956","targetHints":{"allow":["GET"]}}],"collection":[{"href":"https:\/\/www.billigtrikotde.com\/cs\/wp-json\/wp\/v2\/product"}],"about":[{"href":"https:\/\/www.billigtrikotde.com\/cs\/wp-json\/wp\/v2\/types\/product"}],"replies":[{"embeddable":true,"href":"https:\/\/www.billigtrikotde.com\/cs\/wp-json\/wp\/v2\/comments?post=8956"}],"wp:featuredmedia":[{"embeddable":true,"href":"https:\/\/www.billigtrikotde.com\/cs\/wp-json\/wp\/v2\/media\/8997"}],"wp:attachment":[{"href":"https:\/\/www.billigtrikotde.com\/cs\/wp-json\/wp\/v2\/media?parent=8956"}],"wp:term":[{"taxonomy":"product_brand","embeddable":true,"href":"https:\/\/www.billigtrikotde.com\/cs\/wp-json\/wp\/v2\/product_brand?post=8956"},{"taxonomy":"product_cat","embeddable":true,"href":"https:\/\/www.billigtrikotde.com\/cs\/wp-json\/wp\/v2\/product_cat?post=8956"},{"taxonomy":"product_tag","embeddable":true,"href":"https:\/\/www.billigtrikotde.com\/cs\/wp-json\/wp\/v2\/product_tag?post=8956"}],"curies":[{"name":"wp","href":"https:\/\/api.w.org\/{rel}","templated":true}]}}