{"id":8923,"date":"2024-10-24T02:00:56","date_gmt":"2024-10-24T00:00:56","guid":{"rendered":"http:\/\/billigtrikots.com\/?post_type=product&#038;p=8923"},"modified":"2025-10-16T16:03:44","modified_gmt":"2025-10-16T14:03:44","slug":"real-madrid-kurzarm-t-shirt-auswaertstrikot-2022-23-junior-lila-trikotsatz-fuer-kinder-valverde-15","status":"publish","type":"product","link":"https:\/\/www.billigtrikotde.com\/cs\/real-madrid-kurzarm-t-shirt-auswaertstrikot-2022-23-junior-lila-trikotsatz-fuer-kinder-valverde-15\/","title":{"rendered":"Real Madrid tri\u010dko s kr\u00e1tk\u00fdm ruk\u00e1vem Away Jersey 2022\/23 Junior Purple Tricot Set pro d\u011bti VALVERDE 15"},"content":{"rendered":"<p>Lehk\u00fd model v fialov\u00e9 barv\u011b ti pom\u016f\u017ee co nejl\u00e9pe podpo\u0159it tv\u016fj t\u00fdm p\u0159i p\u0159\u00ed\u0161t\u00edm z\u00e1pase. adidas m\u00e1 v sortimentu velmi vynikaj\u00edc\u00ed produkt v podob\u011b tohoto dresu. V\u00edce podpory snad ani nejde! S t\u00edmto venkovn\u00edm dresem Real Madrid roz\u0161\u00ed\u0159\u00ed\u0161 svou fanou\u0161kovskou kolekci o kousek, kter\u00fd nos\u00ed hr\u00e1\u010di v Primera Division. Tento od\u011bv odv\u00e1d\u00ed pot, je pohodln\u00fd, lehk\u00fd a prody\u0161n\u00fd a p\u0159esv\u011bd\u010d\u00ed na v\u0161ech front\u00e1ch. Tento dres je ide\u00e1ln\u00edm spole\u010dn\u00edkem pro tv\u00e9 sportovn\u00ed aktivity. Vyzna\u010duje se vizu\u00e1ln\u011b klubov\u00fdm znakem na hrudi.<\/p>\n<p>Tipy pro tisk: Pokud jsou jm\u00e9no a \u010d\u00edslo na obr\u00e1zku p\u0159esn\u011b takov\u00e9, jak\u00e9 chcete, nemus\u00edte je zad\u00e1vat znovu. Pokud tomu tak nen\u00ed, m\u011bli byste zadat po\u017eadovan\u00e9 jm\u00e9no a \u010d\u00edslo.<\/p>\n<p>Tipy pro pran\u00ed: Doporu\u010dujeme pr\u00e1t fotbalov\u00e1 tri\u010dka v ruce. Pokud chcete pou\u017e\u00edt pra\u010dku, nezapome\u0148te fotbalov\u00e1 tri\u010dka obr\u00e1tit naruby a pot\u00e9 je vyprat. Pra\u010dku napl\u0148te studenou vodou a pou\u017eijte jemn\u00fd cyklus, abyste l\u00e9pe ochr\u00e1nili barvy.<\/p>","protected":false},"excerpt":{"rendered":"<p>Das leichte Modell in Lila hilft dir, dein Team beim n\u00e4chsten Spiel bestens zu unterst\u00fctzen. adidas hat mit dem Trikot ein sehr hervorragendes Produkt im Sortiment. Mehr Unterst\u00fctzung geht kaum! Mit diesem Real Madrid-Ausw\u00e4rts-Trikot erweiterst du deine Fan-Kollektion um einen Artikel, wie ihn die Spieler in der Primera Division tragen. Das schwei\u00dfableitende, bequeme, leichte und [&hellip;]<\/p>","protected":false},"featured_media":8961,"comment_status":"open","ping_status":"closed","template":"","meta":[],"product_brand":[],"product_cat":[165],"product_tag":[20,35,21,22,23,24,94,49,47,166],"class_list":{"0":"post-8923","1":"product","2":"type-product","3":"status-publish","4":"has-post-thumbnail","6":"product_cat-real-madrid-kindertrikot","7":"product_tag-coole-fussballtrikots","8":"product_tag-fussball-torwarttrikots","9":"product_tag-fussballtrikot-fuer-herren","10":"product_tag-fussballtrikot-guenstig-kaufen","11":"product_tag-fussballtrikot-kurzarm","12":"product_tag-guenstiges-fussballtrikot","13":"product_tag-kinder-fussball-trikotsatz","14":"product_tag-real-madrid-auswaertstrikot","15":"product_tag-real-madrid-trikots","16":"product_tag-real-madrid-trikotsatz-fuer-kinder","18":"first","19":"instock","20":"shipping-taxable","21":"purchasable","22":"product-type-variable"},"_links":{"self":[{"href":"https:\/\/www.billigtrikotde.com\/cs\/wp-json\/wp\/v2\/product\/8923","targetHints":{"allow":["GET"]}}],"collection":[{"href":"https:\/\/www.billigtrikotde.com\/cs\/wp-json\/wp\/v2\/product"}],"about":[{"href":"https:\/\/www.billigtrikotde.com\/cs\/wp-json\/wp\/v2\/types\/product"}],"replies":[{"embeddable":true,"href":"https:\/\/www.billigtrikotde.com\/cs\/wp-json\/wp\/v2\/comments?post=8923"}],"wp:featuredmedia":[{"embeddable":true,"href":"https:\/\/www.billigtrikotde.com\/cs\/wp-json\/wp\/v2\/media\/8961"}],"wp:attachment":[{"href":"https:\/\/www.billigtrikotde.com\/cs\/wp-json\/wp\/v2\/media?parent=8923"}],"wp:term":[{"taxonomy":"product_brand","embeddable":true,"href":"https:\/\/www.billigtrikotde.com\/cs\/wp-json\/wp\/v2\/product_brand?post=8923"},{"taxonomy":"product_cat","embeddable":true,"href":"https:\/\/www.billigtrikotde.com\/cs\/wp-json\/wp\/v2\/product_cat?post=8923"},{"taxonomy":"product_tag","embeddable":true,"href":"https:\/\/www.billigtrikotde.com\/cs\/wp-json\/wp\/v2\/product_tag?post=8923"}],"curies":[{"name":"wp","href":"https:\/\/api.w.org\/{rel}","templated":true}]}}