{"id":8904,"date":"2024-10-24T01:59:51","date_gmt":"2024-10-23T23:59:51","guid":{"rendered":"http:\/\/billigtrikots.com\/?post_type=product&#038;p=8904"},"modified":"2024-10-24T02:02:32","modified_gmt":"2024-10-24T00:02:32","slug":"belgien-wm-2022-heimtrikot-rot-schwarz-kurzarm-kurze-hosen-batshuayi-23","status":"publish","type":"product","link":"https:\/\/www.billigtrikotde.com\/cs\/belgien-wm-2022-heimtrikot-rot-schwarz-kurzarm-kurze-hosen-batshuayi-23\/","title":{"rendered":"Belgie Mistrovstv\u00ed sv\u011bta 2022 dom\u00e1c\u00ed tri\u010dko \u010derven\u00e9 \u010dern\u00e9 kr\u00e1tk\u00fd ruk\u00e1v + \u0161ortky BATSHUAYI 23"},"content":{"rendered":"<p>Tento t\u00fdm slibuje na nejv\u011bt\u0161\u00edm sv\u011btov\u00e9m turnaji skute\u010dn\u00fd fotbalov\u00fd oh\u0148ostroj. Dom\u00e1c\u00ed dres Belgie je inspirov\u00e1n p\u0159ezd\u00edvkou n\u00e1rodn\u00edho t\u00fdmu a na \u010dern\u00fdch ruk\u00e1vech m\u00e1 \u010derven\u00e9 a \u017elut\u00e9 plameny. Fanou\u0161kovsk\u00e1 verze je vybavena vlo\u017ekami AEROREADY pohlcuj\u00edc\u00edmi vlhkost a s\u00ed\u0165ovinou pro p\u0159\u00edjemn\u00fd pocit sucha. Krom\u011b toho vyza\u0159uje modern\u00ed atmosf\u00e9ru logo se t\u0159emi pruhy a tkan\u00fdm logem Belgick\u00e9ho fotbalov\u00e9ho svazu.<\/p>\n<p>Tipy pro tisk: Pokud jsou jm\u00e9no a \u010d\u00edslo na obr\u00e1zku p\u0159esn\u011b takov\u00e9, jak\u00e9 chcete, nemus\u00edte je zad\u00e1vat znovu. Pokud tomu tak nen\u00ed, m\u011bli byste zadat po\u017eadovan\u00e9 jm\u00e9no a \u010d\u00edslo.<\/p>\n<p>Tipy pro pran\u00ed: Doporu\u010dujeme pr\u00e1t fotbalov\u00e1 tri\u010dka v ruce. Pokud chcete pou\u017e\u00edt pra\u010dku, nezapome\u0148te fotbalov\u00e1 tri\u010dka obr\u00e1tit naruby a pot\u00e9 je vyprat. Pra\u010dku napl\u0148te studenou vodou a pou\u017eijte jemn\u00fd cyklus, abyste l\u00e9pe ochr\u00e1nili barvy.<\/p>","protected":false},"excerpt":{"rendered":"<p>Tento t\u00fdm slibuje na nejv\u011bt\u0161\u00edm sv\u011btov\u00e9m turnaji skute\u010dn\u00fd fotbalov\u00fd oh\u0148ostroj. Dom\u00e1c\u00ed dres Belgie je inspirov\u00e1n p\u0159ezd\u00edvkou n\u00e1rodn\u00edho t\u00fdmu a na \u010dern\u00fdch ruk\u00e1vech m\u00e1 \u010derven\u00e9 a \u017elut\u00e9 plameny. Fanou\u0161kovsk\u00e1 verze je vybavena vlo\u017ekami AEROREADY pohlcuj\u00edc\u00edmi vlhkost a s\u00ed\u0165ovinou pro p\u0159\u00edjemn\u00fd pocit sucha. Krom\u011b toho vyza\u0159uje modern\u00ed atmosf\u00e9ru logo se t\u0159emi pruhy a tkan\u00fdm logem Belgick\u00e9ho fotbalov\u00e9ho svazu.<\/p>","protected":false},"featured_media":8947,"comment_status":"open","ping_status":"closed","template":"","meta":[],"product_brand":[],"product_cat":[173],"product_tag":[382,120,20,21,22,23,24],"class_list":{"0":"post-8904","1":"product","2":"type-product","3":"status-publish","4":"has-post-thumbnail","6":"product_cat-belgien-trikots","7":"product_tag-belgien-heimtrikot","8":"product_tag-belgien-trikots","9":"product_tag-coole-fussballtrikots","10":"product_tag-fussballtrikot-fuer-herren","11":"product_tag-fussballtrikot-guenstig-kaufen","12":"product_tag-fussballtrikot-kurzarm","13":"product_tag-guenstiges-fussballtrikot","15":"first","16":"instock","17":"shipping-taxable","18":"purchasable","19":"product-type-variable"},"_links":{"self":[{"href":"https:\/\/www.billigtrikotde.com\/cs\/wp-json\/wp\/v2\/product\/8904","targetHints":{"allow":["GET"]}}],"collection":[{"href":"https:\/\/www.billigtrikotde.com\/cs\/wp-json\/wp\/v2\/product"}],"about":[{"href":"https:\/\/www.billigtrikotde.com\/cs\/wp-json\/wp\/v2\/types\/product"}],"replies":[{"embeddable":true,"href":"https:\/\/www.billigtrikotde.com\/cs\/wp-json\/wp\/v2\/comments?post=8904"}],"wp:featuredmedia":[{"embeddable":true,"href":"https:\/\/www.billigtrikotde.com\/cs\/wp-json\/wp\/v2\/media\/8947"}],"wp:attachment":[{"href":"https:\/\/www.billigtrikotde.com\/cs\/wp-json\/wp\/v2\/media?parent=8904"}],"wp:term":[{"taxonomy":"product_brand","embeddable":true,"href":"https:\/\/www.billigtrikotde.com\/cs\/wp-json\/wp\/v2\/product_brand?post=8904"},{"taxonomy":"product_cat","embeddable":true,"href":"https:\/\/www.billigtrikotde.com\/cs\/wp-json\/wp\/v2\/product_cat?post=8904"},{"taxonomy":"product_tag","embeddable":true,"href":"https:\/\/www.billigtrikotde.com\/cs\/wp-json\/wp\/v2\/product_tag?post=8904"}],"curies":[{"name":"wp","href":"https:\/\/api.w.org\/{rel}","templated":true}]}}