{"id":8686,"date":"2024-10-24T01:49:12","date_gmt":"2024-10-23T23:49:12","guid":{"rendered":"http:\/\/billigtrikots.com\/?post_type=product&#038;p=8686"},"modified":"2024-10-24T01:51:28","modified_gmt":"2024-10-23T23:51:28","slug":"herren-spanien-wm-2022-23-auswaertstrikot-trikotsatz-mit-aufdruck-ansu-fati-17","status":"publish","type":"product","link":"https:\/\/www.billigtrikotde.com\/cs\/herren-spanien-wm-2022-23-auswaertstrikot-trikotsatz-mit-aufdruck-ansu-fati-17\/","title":{"rendered":"P\u00e1nsk\u00e9 \u0160pan\u011blsko MS 2022-23 venkovn\u00ed dres sada dres\u016f s potiskem ANSU FATI 17"},"content":{"rendered":"<p>P\u0159ipraven nastoupit na fotbalov\u00fd tr\u016fn. Jemn\u011b zvln\u011bn\u00e1 grafika na tomto dresu adidas pro d\u011bti a dosp\u00edvaj\u00edc\u00ed je odkazem na logo ve stylu art deco, kter\u00e9 v roce 1982 v\u00edtalo kvalifika\u010dn\u00ed t\u00fdmy ve \u0160pan\u011blsku. Design dopl\u0148uje nov\u011b tkan\u00e9 logo \u0161pan\u011blsk\u00e9 federace a logo adidas se t\u0159emi pruhy uprost\u0159ed hrudi. A abyste se p\u0159i fand\u011bn\u00ed c\u00edtili pohodln\u011b, je fanou\u0161kovsk\u00e1 verze vybavena technologi\u00ed AEROREADY, kter\u00e1 pohlcuje vlhkost a zaji\u0161\u0165uje such\u00e9 pohodl\u00ed.<\/p>\n<p>Tipy pro tisk: Pokud jsou jm\u00e9no a \u010d\u00edslo na obr\u00e1zku p\u0159esn\u011b takov\u00e9, jak\u00e9 chcete, nemus\u00edte je zad\u00e1vat znovu. Pokud tomu tak nen\u00ed, m\u011bli byste zadat po\u017eadovan\u00e9 jm\u00e9no a \u010d\u00edslo.<\/p>\n<p>Tipy pro pran\u00ed: Doporu\u010dujeme pr\u00e1t fotbalov\u00e1 tri\u010dka v ruce. Pokud chcete pou\u017e\u00edt pra\u010dku, nezapome\u0148te fotbalov\u00e1 tri\u010dka obr\u00e1tit naruby a pot\u00e9 je vyprat. Pra\u010dku napl\u0148te studenou vodou a pou\u017eijte jemn\u00fd cyklus, abyste l\u00e9pe ochr\u00e1nili barvy.<\/p>","protected":false},"excerpt":{"rendered":"<p>Bereit, den Fu\u00dfballthron zu besteigen. Die sanft gewellte Grafik auf diesem adidas Trikot f\u00fcr Kinder und Teens ist eine Anspielung auf das Art-d\u00e9co-Logo, das die qualifizierten Teams 1982 in Spanien willkommen hie\u00df. Erg\u00e4nzt wird das Design durch das gewebte spanische Verbandslogo im neuen Look und das adidas 3-Streifen Logo mittig auf der Brust. Und damit [&hellip;]<\/p>","protected":false},"featured_media":8726,"comment_status":"open","ping_status":"closed","template":"","meta":[],"product_brand":[],"product_cat":[131],"product_tag":[20,21,22,23,24,359],"class_list":{"0":"post-8686","1":"product","2":"type-product","3":"status-publish","4":"has-post-thumbnail","6":"product_cat-spanien-trikots","7":"product_tag-coole-fussballtrikots","8":"product_tag-fussballtrikot-fuer-herren","9":"product_tag-fussballtrikot-guenstig-kaufen","10":"product_tag-fussballtrikot-kurzarm","11":"product_tag-guenstiges-fussballtrikot","12":"product_tag-spanien-wm-2022-auswaertstrikot","14":"first","15":"instock","16":"shipping-taxable","17":"purchasable","18":"product-type-variable"},"_links":{"self":[{"href":"https:\/\/www.billigtrikotde.com\/cs\/wp-json\/wp\/v2\/product\/8686","targetHints":{"allow":["GET"]}}],"collection":[{"href":"https:\/\/www.billigtrikotde.com\/cs\/wp-json\/wp\/v2\/product"}],"about":[{"href":"https:\/\/www.billigtrikotde.com\/cs\/wp-json\/wp\/v2\/types\/product"}],"replies":[{"embeddable":true,"href":"https:\/\/www.billigtrikotde.com\/cs\/wp-json\/wp\/v2\/comments?post=8686"}],"wp:featuredmedia":[{"embeddable":true,"href":"https:\/\/www.billigtrikotde.com\/cs\/wp-json\/wp\/v2\/media\/8726"}],"wp:attachment":[{"href":"https:\/\/www.billigtrikotde.com\/cs\/wp-json\/wp\/v2\/media?parent=8686"}],"wp:term":[{"taxonomy":"product_brand","embeddable":true,"href":"https:\/\/www.billigtrikotde.com\/cs\/wp-json\/wp\/v2\/product_brand?post=8686"},{"taxonomy":"product_cat","embeddable":true,"href":"https:\/\/www.billigtrikotde.com\/cs\/wp-json\/wp\/v2\/product_cat?post=8686"},{"taxonomy":"product_tag","embeddable":true,"href":"https:\/\/www.billigtrikotde.com\/cs\/wp-json\/wp\/v2\/product_tag?post=8686"}],"curies":[{"name":"wp","href":"https:\/\/api.w.org\/{rel}","templated":true}]}}