{"id":8598,"date":"2024-10-24T01:45:00","date_gmt":"2024-10-23T23:45:00","guid":{"rendered":"http:\/\/billigtrikots.com\/?post_type=product&#038;p=8598"},"modified":"2024-10-24T01:47:15","modified_gmt":"2024-10-23T23:47:15","slug":"herren-manchester-city-3rd-trikot-2022-23-gelb-fluo-fussballtrikots-set","status":"publish","type":"product","link":"https:\/\/www.billigtrikotde.com\/cs\/herren-manchester-city-3rd-trikot-2022-23-gelb-fluo-fussballtrikots-set\/","title":{"rendered":"P\u00e1nsk\u00e1 fotbalov\u00e1 tri\u010dka Manchester City 3rd Shirt 2022\/23 yellow fluo Football Shirt Set"},"content":{"rendered":"<p>Glob\u00e1ln\u00ed sportovn\u00ed spole\u010dnost PUMA p\u0159edstavila Manchester City n\u00e1hradn\u00ed dres 2022\/23 v r\u00e1mci sv\u00e9 v\u016fbec prvn\u00ed premi\u00e9ry Metaverse dres\u016f. \u017div\u00fd nov\u00fd kit byl poprv\u00e9 odhalen na Robloxu a dal hr\u00e1\u010d\u016fm mo\u017enost prozkoumat a interagovat s nov\u00fdm dresem v z\u00e1\u017eitku PUMA a Zemi her. Nov\u00fd n\u00e1hradn\u00ed dres, kter\u00fd byl odhalen v z\u00e1\u017eitku, slav\u00ed kreativitu Manchesteru s paletou Fizzy Light a Parisian Night s odv\u00e1\u017en\u00fdmi detaily inspirovan\u00fdmi ulicemi m\u011bsta.<br \/>\nspeci\u00e1ln\u00ed Metaverse ud\u00e1lost nab\u00edz\u00ed reskin Manchester City sou\u010dasn\u00e9 lobby a stadionu v PUMA a Zemi her, a pouze na omezen\u00fd \u010das bude z\u00e1\u017eitek zahrnovat dom\u00e1c\u00ed a n\u00e1hradn\u00ed dresy Manchester City. Akce p\u0159inese tak\u00e9 nov\u00e9 polo\u017eky zbo\u017e\u00ed vytvo\u0159en\u00e9 komunitou, nov\u00e9 polo\u017eky v z\u00e1\u017eitku, vrstven\u00e9 oble\u010den\u00ed a aktualizace k prezentovan\u00fdm aktivit\u00e1m. Jako sou\u010d\u00e1st startu bude mezi Man City Blue Moon z\u00e1\u017eitkem na Roblox otev\u0159en port\u00e1l, kter\u00fd n\u00e1v\u0161t\u011bvn\u00edk\u016fm umo\u017en\u00ed p\u0159i n\u00e1v\u0161t\u011bv\u011b obou z\u00e1\u017eitk\u016f z\u00edskat zdarma p\u0159edm\u011bt.<\/p>\n<p>Tipy pro tisk: Pokud jsou jm\u00e9no a \u010d\u00edslo na obr\u00e1zku p\u0159esn\u011b takov\u00e9, jak\u00e9 chcete, nemus\u00edte je zad\u00e1vat znovu. Pokud tomu tak nen\u00ed, m\u011bli byste zadat po\u017eadovan\u00e9 jm\u00e9no a \u010d\u00edslo.<\/p>\n<p>Tipy pro pran\u00ed: Doporu\u010dujeme pr\u00e1t fotbalov\u00e1 tri\u010dka v ruce. Pokud chcete pou\u017e\u00edt pra\u010dku, nezapome\u0148te fotbalov\u00e1 tri\u010dka obr\u00e1tit naruby a pot\u00e9 je vyprat. Pra\u010dku napl\u0148te studenou vodou a pou\u017eijte jemn\u00fd cyklus, abyste l\u00e9pe ochr\u00e1nili barvy.<\/p>","protected":false},"excerpt":{"rendered":"<p>Das globale Sportunternehmen PUMA hat das Manchester-City-Ausweichtrikot 2022\/23 im Rahmen seiner allerersten Einf\u00fchrung von Metaverse-Trikots vorgestellt. Das lebhafte neue Kit wurde zum ersten Mal auf Roblox enth\u00fcllt und gab den Spielern die M\u00f6glichkeit, das neue Kit in der Erfahrung von PUMA und dem Land der Spiele zu erkunden und mit ihm zu interagieren. Das neue [&hellip;]<\/p>","protected":false},"featured_media":8632,"comment_status":"open","ping_status":"closed","template":"","meta":[],"product_brand":[],"product_cat":[82],"product_tag":[20,21,22,24,334,273,337,84],"class_list":{"0":"post-8598","1":"product","2":"type-product","3":"status-publish","4":"has-post-thumbnail","6":"product_cat-manchester-city","7":"product_tag-coole-fussballtrikots","8":"product_tag-fussballtrikot-fuer-herren","9":"product_tag-fussballtrikot-guenstig-kaufen","10":"product_tag-guenstiges-fussballtrikot","11":"product_tag-manchester-city-torwarttrikot","12":"product_tag-manchester-city-trikot-22-23","13":"product_tag-manchester-city-trikot-away","14":"product_tag-manchester-city-trikots","16":"first","17":"instock","18":"shipping-taxable","19":"purchasable","20":"product-type-variable"},"_links":{"self":[{"href":"https:\/\/www.billigtrikotde.com\/cs\/wp-json\/wp\/v2\/product\/8598","targetHints":{"allow":["GET"]}}],"collection":[{"href":"https:\/\/www.billigtrikotde.com\/cs\/wp-json\/wp\/v2\/product"}],"about":[{"href":"https:\/\/www.billigtrikotde.com\/cs\/wp-json\/wp\/v2\/types\/product"}],"replies":[{"embeddable":true,"href":"https:\/\/www.billigtrikotde.com\/cs\/wp-json\/wp\/v2\/comments?post=8598"}],"wp:featuredmedia":[{"embeddable":true,"href":"https:\/\/www.billigtrikotde.com\/cs\/wp-json\/wp\/v2\/media\/8632"}],"wp:attachment":[{"href":"https:\/\/www.billigtrikotde.com\/cs\/wp-json\/wp\/v2\/media?parent=8598"}],"wp:term":[{"taxonomy":"product_brand","embeddable":true,"href":"https:\/\/www.billigtrikotde.com\/cs\/wp-json\/wp\/v2\/product_brand?post=8598"},{"taxonomy":"product_cat","embeddable":true,"href":"https:\/\/www.billigtrikotde.com\/cs\/wp-json\/wp\/v2\/product_cat?post=8598"},{"taxonomy":"product_tag","embeddable":true,"href":"https:\/\/www.billigtrikotde.com\/cs\/wp-json\/wp\/v2\/product_tag?post=8598"}],"curies":[{"name":"wp","href":"https:\/\/api.w.org\/{rel}","templated":true}]}}