{"id":8574,"date":"2024-10-24T01:43:48","date_gmt":"2024-10-23T23:43:48","guid":{"rendered":"http:\/\/billigtrikots.com\/?post_type=product&#038;p=8574"},"modified":"2024-10-24T01:46:05","modified_gmt":"2024-10-23T23:46:05","slug":"danilo-3-manchester-city-auswaertstrikot-2022-2023-schwarz-rot-kurzarm-kurze-hosen","status":"publish","type":"product","link":"https:\/\/www.billigtrikotde.com\/cs\/danilo-3-manchester-city-auswaertstrikot-2022-2023-schwarz-rot-kurzarm-kurze-hosen\/","title":{"rendered":"DANILO 3 V\u00fdjezdn\u00ed souprava Manchester City 2022\/2023 \u010dern\u00e1 \u010derven\u00e1 s kr\u00e1tk\u00fdm ruk\u00e1vem + \u0161ortky"},"content":{"rendered":"<p>M\u011bsto p\u0159edvedlo show. Kdy\u017e t\u0159\u00edda z roku 1969 vy\u0161la na ulici, vzbudila pozornost sv\u00fdm neboj\u00e1cn\u00fdm, technicky zdatn\u00fdm fotbalem \u2013 a odv\u00e1\u017en\u00fdm a brilantn\u00edm nov\u00fdm venkovn\u00edm dressem. Vertik\u00e1ln\u00ed pruhy v \u010derven\u00e9 a \u010dern\u00e9, navr\u017een\u00e9 legend\u00e1rn\u00edm Malcolmem Allisonem, se uk\u00e1zaly jako v\u00edt\u011bzov\u00e9 ve fin\u00e1le FA Cupu 1969 a ve fin\u00e1le poh\u00e1ru ligy a poh\u00e1ru v\u00edt\u011bz\u016f poh\u00e1r\u016f v roce 1970, a zaslou\u017eily si sv\u00e9 m\u00edsto mezi absolutn\u00edmi fanou\u0161kovsk\u00fdmi favority. Sez\u00f3na 2022\/23 Manchester City F.C. Venkovn\u00ed dres vdechuje klasick\u00e9mu designu novou energii. Poprv\u00e9 se na dresu objevuj\u00ed \u0161ikm\u00e9 \u010derven\u00e9 a \u010dern\u00e9 pruhy, inspirovan\u00e9 klubov\u00fdm znakem a zobrazen\u00edm t\u0159\u00ed \u0159ek Manchesteru.<\/p>\n<p>Tipy pro tisk: Pokud jsou jm\u00e9no a \u010d\u00edslo na obr\u00e1zku p\u0159esn\u011b takov\u00e9, jak\u00e9 chcete, nemus\u00edte je zad\u00e1vat znovu. Pokud tomu tak nen\u00ed, m\u011bli byste zadat po\u017eadovan\u00e9 jm\u00e9no a \u010d\u00edslo.<\/p>\n<p>Tipy pro pran\u00ed: Doporu\u010dujeme pr\u00e1t fotbalov\u00e1 tri\u010dka v ruce. Pokud chcete pou\u017e\u00edt pra\u010dku, nezapome\u0148te fotbalov\u00e1 tri\u010dka obr\u00e1tit naruby a pot\u00e9 je vyprat. Pra\u010dku napl\u0148te studenou vodou a pou\u017eijte jemn\u00fd cyklus, abyste l\u00e9pe ochr\u00e1nili barvy.<\/p>","protected":false},"excerpt":{"rendered":"<p>Die Stadt hat eine Show abgezogen. Als die Klasse von 1969 auf die Stra\u00dfe ging, sorgte sie mit ihrem furchtlosen, technisch versierten Fu\u00dfball f\u00fcr Aufsehen \u2013 und ihrem mutigen und brillanten neuen Ausw\u00e4rtstrikot. Die vom legend\u00e4ren Malcolm Allison entworfenen vertikalen Streifen in Rot und Schwarz erwiesen sich beim FA Cup-Finale 1969 und den Endspielen des [&hellip;]<\/p>","protected":false},"featured_media":8608,"comment_status":"open","ping_status":"closed","template":"","meta":[],"product_brand":[],"product_cat":[82],"product_tag":[20,21,22,333,24,334,273,337,84],"class_list":{"0":"post-8574","1":"product","2":"type-product","3":"status-publish","4":"has-post-thumbnail","6":"product_cat-manchester-city","7":"product_tag-coole-fussballtrikots","8":"product_tag-fussballtrikot-fuer-herren","9":"product_tag-fussballtrikot-guenstig-kaufen","10":"product_tag-fussballtrikot-langaermeliges","11":"product_tag-guenstiges-fussballtrikot","12":"product_tag-manchester-city-torwarttrikot","13":"product_tag-manchester-city-trikot-22-23","14":"product_tag-manchester-city-trikot-away","15":"product_tag-manchester-city-trikots","17":"first","18":"instock","19":"shipping-taxable","20":"purchasable","21":"product-type-variable"},"_links":{"self":[{"href":"https:\/\/www.billigtrikotde.com\/cs\/wp-json\/wp\/v2\/product\/8574","targetHints":{"allow":["GET"]}}],"collection":[{"href":"https:\/\/www.billigtrikotde.com\/cs\/wp-json\/wp\/v2\/product"}],"about":[{"href":"https:\/\/www.billigtrikotde.com\/cs\/wp-json\/wp\/v2\/types\/product"}],"replies":[{"embeddable":true,"href":"https:\/\/www.billigtrikotde.com\/cs\/wp-json\/wp\/v2\/comments?post=8574"}],"wp:featuredmedia":[{"embeddable":true,"href":"https:\/\/www.billigtrikotde.com\/cs\/wp-json\/wp\/v2\/media\/8608"}],"wp:attachment":[{"href":"https:\/\/www.billigtrikotde.com\/cs\/wp-json\/wp\/v2\/media?parent=8574"}],"wp:term":[{"taxonomy":"product_brand","embeddable":true,"href":"https:\/\/www.billigtrikotde.com\/cs\/wp-json\/wp\/v2\/product_brand?post=8574"},{"taxonomy":"product_cat","embeddable":true,"href":"https:\/\/www.billigtrikotde.com\/cs\/wp-json\/wp\/v2\/product_cat?post=8574"},{"taxonomy":"product_tag","embeddable":true,"href":"https:\/\/www.billigtrikotde.com\/cs\/wp-json\/wp\/v2\/product_tag?post=8574"}],"curies":[{"name":"wp","href":"https:\/\/api.w.org\/{rel}","templated":true}]}}