{"id":8528,"date":"2024-10-24T01:41:27","date_gmt":"2024-10-23T23:41:27","guid":{"rendered":"http:\/\/billigtrikots.com\/?post_type=product&#038;p=8528"},"modified":"2024-10-24T01:43:41","modified_gmt":"2024-10-23T23:43:41","slug":"england-auswaertstrikots-fuer-die-fussball-weltmeisterschaft-2022-rot-fussballtrikots-guenstig","status":"publish","type":"product","link":"https:\/\/www.billigtrikotde.com\/cs\/england-auswaertstrikots-fuer-die-fussball-weltmeisterschaft-2022-rot-fussballtrikots-guenstig\/","title":{"rendered":"Anglie venkovn\u00ed dresy pro fotbalov\u00fd sv\u011btov\u00fd \u0161ampion\u00e1t 2022 \u010derven\u00e9 fotbalov\u00e9 dresy levn\u011b"},"content":{"rendered":"<p>Toto je Nike England 2022 venkovn\u00ed dres na mistrovstv\u00ed sv\u011bta. Venkovn\u00ed dres n\u00e1rodn\u00edho fotbalov\u00e9ho t\u00fdmu Anglie 2022 je \u010derven\u00fd, kombinovan\u00fd s more zeleno\u2011modr\u00fdmi a sv\u011btle modr\u00fdmi logy a designov\u00fdmi prvky. Je to prvn\u00ed p\u0159ev\u00e1\u017en\u011b \u010derven\u00fd venkovn\u00ed dres Anglie od mistrovstv\u00ed sv\u011bta 2018. \u010cerven\u00e9 \u0161ortky a tren\u00fdrky dopl\u0148uj\u00ed dres Englands 2022 World Cup venkovn\u00ed dres od Nike.<\/p>\n<p>Tipy pro tisk: Pokud jsou jm\u00e9no a \u010d\u00edslo na obr\u00e1zku p\u0159esn\u011b takov\u00e9, jak\u00e9 chcete, nemus\u00edte je zad\u00e1vat znovu. Pokud tomu tak nen\u00ed, m\u011bli byste zadat po\u017eadovan\u00e9 jm\u00e9no a \u010d\u00edslo.<\/p>\n<p>Tipy pro pran\u00ed: Doporu\u010dujeme pr\u00e1t fotbalov\u00e1 tri\u010dka v ruce. Pokud chcete pou\u017e\u00edt pra\u010dku, nezapome\u0148te fotbalov\u00e1 tri\u010dka obr\u00e1tit naruby a pot\u00e9 je vyprat. Pra\u010dku napl\u0148te studenou vodou a pou\u017eijte jemn\u00fd cyklus, abyste l\u00e9pe ochr\u00e1nili barvy.<\/p>","protected":false},"excerpt":{"rendered":"<p>Toto je hostuj\u00edc\u00ed dres Nike England pro sv\u011btov\u00fd poh\u00e1r 2022. Dres dom\u00e1c\u00edho n\u00e1rodn\u00edho t\u00fdmu Anglie Nike pro presti\u017en\u00ed dovednosti 2022 je \u010derven\u00fd, kombinovan\u00fd s modro\u2011n\u00e1mo\u0159nick\u00fdmi a sv\u011btle modr\u00fdmi logy a designov\u00fdmi prvky. Je to poprv\u00e9 od mistrovstv\u00ed sv\u011bta 2018, co je p\u0159ev\u00e1\u017en\u011b \u010derven\u00fd venkovn\u00ed dres Anglie. \u010cerven\u00e9 \u0161ortky a chr\u00e1ni\u010de dopl\u0148uj\u00ed venkovn\u00ed dres Anglie pro sv\u011btov\u00fd poh\u00e1r 2022 od Nike. Tipy k tisku: Pokud jm\u00e9no [\u2026]<\/p>","protected":false},"featured_media":8569,"comment_status":"open","ping_status":"closed","template":"","meta":[],"product_brand":[],"product_cat":[115],"product_tag":[20,379,21,22,23,24],"class_list":{"0":"post-8528","1":"product","2":"type-product","3":"status-publish","4":"has-post-thumbnail","6":"product_cat-england-trikots","7":"product_tag-coole-fussballtrikots","8":"product_tag-england-wm-2022-auswaertstrikot","9":"product_tag-fussballtrikot-fuer-herren","10":"product_tag-fussballtrikot-guenstig-kaufen","11":"product_tag-fussballtrikot-kurzarm","12":"product_tag-guenstiges-fussballtrikot","14":"first","15":"instock","16":"shipping-taxable","17":"purchasable","18":"product-type-variable"},"_links":{"self":[{"href":"https:\/\/www.billigtrikotde.com\/cs\/wp-json\/wp\/v2\/product\/8528","targetHints":{"allow":["GET"]}}],"collection":[{"href":"https:\/\/www.billigtrikotde.com\/cs\/wp-json\/wp\/v2\/product"}],"about":[{"href":"https:\/\/www.billigtrikotde.com\/cs\/wp-json\/wp\/v2\/types\/product"}],"replies":[{"embeddable":true,"href":"https:\/\/www.billigtrikotde.com\/cs\/wp-json\/wp\/v2\/comments?post=8528"}],"wp:featuredmedia":[{"embeddable":true,"href":"https:\/\/www.billigtrikotde.com\/cs\/wp-json\/wp\/v2\/media\/8569"}],"wp:attachment":[{"href":"https:\/\/www.billigtrikotde.com\/cs\/wp-json\/wp\/v2\/media?parent=8528"}],"wp:term":[{"taxonomy":"product_brand","embeddable":true,"href":"https:\/\/www.billigtrikotde.com\/cs\/wp-json\/wp\/v2\/product_brand?post=8528"},{"taxonomy":"product_cat","embeddable":true,"href":"https:\/\/www.billigtrikotde.com\/cs\/wp-json\/wp\/v2\/product_cat?post=8528"},{"taxonomy":"product_tag","embeddable":true,"href":"https:\/\/www.billigtrikotde.com\/cs\/wp-json\/wp\/v2\/product_tag?post=8528"}],"curies":[{"name":"wp","href":"https:\/\/api.w.org\/{rel}","templated":true}]}}