{"id":8516,"date":"2024-10-24T01:40:52","date_gmt":"2024-10-23T23:40:52","guid":{"rendered":"http:\/\/billigtrikots.com\/?post_type=product&#038;p=8516"},"modified":"2024-10-24T01:43:07","modified_gmt":"2024-10-23T23:43:07","slug":"spanien-wm-2022-heimtrikot-teampower-rot-kurzarm-herren-fussball-trikot","status":"publish","type":"product","link":"https:\/\/www.billigtrikotde.com\/cs\/spanien-wm-2022-heimtrikot-teampower-rot-kurzarm-herren-fussball-trikot\/","title":{"rendered":"\u0160pan\u011blsko MS 2022 dom\u00e1c\u00ed dres Teampower \u010derven\u00e9 kr\u00e1tk\u00e9 ruk\u00e1vy p\u00e1nsk\u00e9 fotbalov\u00e9 dresy"},"content":{"rendered":"<p>Jedna zem\u011b, jeden t\u00fdm, jeden spole\u010dn\u00fd c\u00edl: dal\u0161\u00ed titul. Tento nad\u010dasov\u00fd dom\u00e1c\u00ed dres s nezam\u011bnitelnou fotbalovou DNA \u0160pan\u011blska je vyveden v typick\u00fdch \u010derven\u00fdch barv\u00e1ch t\u00fdmu. Design dopl\u0148uje tkan\u00e9 logo \u0160pan\u011blsk\u00e9 fotbalov\u00e9 asociace a logo se t\u0159emi pruhy na hrudi. Technologie AEROREADY, kter\u00e1 pohlcuje vlhkost, nav\u00edc zaji\u0161\u0165uje pohodln\u00e9 no\u0161en\u00ed p\u0159i fand\u011bn\u00ed na nejv\u011bt\u0161\u00ed fotbalov\u00e9 ud\u00e1losti na sv\u011bt\u011b.<br \/>\nRoz\u0161i\u0159te svou sb\u00edrku \u0160pan\u011blska o dom\u00e1c\u00ed dres, kter\u00fd hr\u00e1\u010di nosili na mistrovstv\u00ed sv\u011bta. Doporu\u010dujeme tento super pohodln\u00fd a prody\u0161n\u00fd model, kter\u00fd odv\u00e1d\u00ed pot a je p\u0159\u00edjemn\u00fd na dotek. Tento dres je ide\u00e1ln\u00ed pro p\u0159\u00edpravu na dal\u0161\u00edho soupe\u0159e. Vizu\u00e1ln\u011b vynik\u00e1 logem asociace na hrudi.<\/p>\n<p>Tipy pro tisk: Pokud jsou jm\u00e9no a \u010d\u00edslo na obr\u00e1zku p\u0159esn\u011b takov\u00e9, jak\u00e9 chcete, nemus\u00edte je zad\u00e1vat znovu. Pokud tomu tak nen\u00ed, m\u011bli byste zadat po\u017eadovan\u00e9 jm\u00e9no a \u010d\u00edslo.<\/p>\n<p>Tipy pro pran\u00ed: Doporu\u010dujeme pr\u00e1t fotbalov\u00e1 tri\u010dka v ruce. Pokud chcete pou\u017e\u00edt pra\u010dku, nezapome\u0148te fotbalov\u00e1 tri\u010dka obr\u00e1tit naruby a pot\u00e9 je vyprat. Pra\u010dku napl\u0148te studenou vodou a pou\u017eijte jemn\u00fd cyklus, abyste l\u00e9pe ochr\u00e1nili barvy.<\/p>","protected":false},"excerpt":{"rendered":"<p>Zem\u011b, t\u00fdm, spole\u010dn\u00fd c\u00edl: dal\u0161\u00ed titul. Tento nad\u010dasov\u00fd dom\u00e1c\u00ed dres je pln\u00fd nezam\u011bniteln\u00e9 fotbalov\u00e9 DNA \u0160pan\u011blska a p\u0159ich\u00e1z\u00ed v typick\u00fdch \u010derven\u00fdch barv\u00e1ch t\u00fdmu. Vy\u0161\u00edvan\u00e9 logo \u0161pan\u011blsk\u00e9ho fotbalov\u00e9ho svazu a logo 3 pruh\u016f na hrudi dokonalost designu dopl\u0148uj\u00ed. Nav\u00edc technologie AEROREADY absorbuj\u00edc\u00ed vlhkost zaji\u0161\u0165uje p\u0159\u00edjemn\u00fd pocit p\u0159i no\u0161en\u00ed, kdy\u017e [...]<\/p>","protected":false},"featured_media":8557,"comment_status":"open","ping_status":"closed","template":"","meta":[],"product_brand":[],"product_cat":[131],"product_tag":[20,21,22,23,24,385,386],"class_list":{"0":"post-8516","1":"product","2":"type-product","3":"status-publish","4":"has-post-thumbnail","6":"product_cat-spanien-trikots","7":"product_tag-coole-fussballtrikots","8":"product_tag-fussballtrikot-fuer-herren","9":"product_tag-fussballtrikot-guenstig-kaufen","10":"product_tag-fussballtrikot-kurzarm","11":"product_tag-guenstiges-fussballtrikot","12":"product_tag-herren-spanien-trikot","13":"product_tag-spanien-wm-2022-heimtrikot","15":"first","16":"instock","17":"shipping-taxable","18":"purchasable","19":"product-type-variable"},"_links":{"self":[{"href":"https:\/\/www.billigtrikotde.com\/cs\/wp-json\/wp\/v2\/product\/8516","targetHints":{"allow":["GET"]}}],"collection":[{"href":"https:\/\/www.billigtrikotde.com\/cs\/wp-json\/wp\/v2\/product"}],"about":[{"href":"https:\/\/www.billigtrikotde.com\/cs\/wp-json\/wp\/v2\/types\/product"}],"replies":[{"embeddable":true,"href":"https:\/\/www.billigtrikotde.com\/cs\/wp-json\/wp\/v2\/comments?post=8516"}],"wp:featuredmedia":[{"embeddable":true,"href":"https:\/\/www.billigtrikotde.com\/cs\/wp-json\/wp\/v2\/media\/8557"}],"wp:attachment":[{"href":"https:\/\/www.billigtrikotde.com\/cs\/wp-json\/wp\/v2\/media?parent=8516"}],"wp:term":[{"taxonomy":"product_brand","embeddable":true,"href":"https:\/\/www.billigtrikotde.com\/cs\/wp-json\/wp\/v2\/product_brand?post=8516"},{"taxonomy":"product_cat","embeddable":true,"href":"https:\/\/www.billigtrikotde.com\/cs\/wp-json\/wp\/v2\/product_cat?post=8516"},{"taxonomy":"product_tag","embeddable":true,"href":"https:\/\/www.billigtrikotde.com\/cs\/wp-json\/wp\/v2\/product_tag?post=8516"}],"curies":[{"name":"wp","href":"https:\/\/api.w.org\/{rel}","templated":true}]}}