{"id":8502,"date":"2024-10-24T01:40:15","date_gmt":"2024-10-23T23:40:15","guid":{"rendered":"http:\/\/billigtrikots.com\/?post_type=product&#038;p=8502"},"modified":"2024-10-24T01:42:29","modified_gmt":"2024-10-23T23:42:29","slug":"herren-croatia-2022-world-cup-auswaertstrikot-blackened-blue-neuen-fussballtrikots","status":"publish","type":"product","link":"https:\/\/www.billigtrikotde.com\/cs\/herren-croatia-2022-world-cup-auswaertstrikot-blackened-blue-neuen-fussballtrikots\/","title":{"rendered":"P\u00e1nsk\u00e9 Croatie 2022 World Cup venkovn\u00ed dres \u010dern\u011b modr\u00fd Nov\u00e9 fotbalov\u00e9 dresy"},"content":{"rendered":"<p>Toto je venkovn\u00ed dres fotbalov\u00e9 reprezentace Kroatie od Nike pro mistrovstv\u00ed sv\u011bta 2022 v Kataru. Venkovn\u00ed dres Kroacie Nike 2022 pro mistrovstv\u00ed sv\u011bta m\u00e1 typickou barevnou kombinaci pro kroatsk\u00e9 venkovn\u00ed dresy \u2013 kombinuje tmav\u011b n\u00e1mo\u0159nickou z\u00e1kladn\u00ed barvu s sv\u011btle modr\u00fdmi grafick\u00fdmi prvky a \u010derven\u00fdmi logy. Ofici\u00e1ln\u011b jsou barvy \u201eBlackened Blue \/ University Red\u201c.<\/p>\n<p>Tipy pro tisk: Pokud jsou jm\u00e9no a \u010d\u00edslo na obr\u00e1zku p\u0159esn\u011b takov\u00e9, jak\u00e9 chcete, nemus\u00edte je zad\u00e1vat znovu. Pokud tomu tak nen\u00ed, m\u011bli byste zadat po\u017eadovan\u00e9 jm\u00e9no a \u010d\u00edslo.<\/p>\n<p>Tipy pro pran\u00ed: Doporu\u010dujeme pr\u00e1t fotbalov\u00e1 tri\u010dka v ruce. Pokud chcete pou\u017e\u00edt pra\u010dku, nezapome\u0148te fotbalov\u00e1 tri\u010dka obr\u00e1tit naruby a pot\u00e9 je vyprat. Pra\u010dku napl\u0148te studenou vodou a pou\u017eijte jemn\u00fd cyklus, abyste l\u00e9pe ochr\u00e1nili barvy.<\/p>","protected":false},"excerpt":{"rendered":"<p>Toto je venkovn\u00ed dres Nike Kro\u00e1cie pro sv\u011btov\u00fd \u0161ampion\u00e1t 2022 v Kataru. Venkovn\u00ed dres Nike Kro\u00e1cie pro World Cup 2022 m\u00e1 typickou barevnou kombinaci kroack\u00fdch venkovn\u00edch dres\u016f \u2013 spojuje tmav\u011b n\u00e1mo\u0159nickou z\u00e1kladn\u00ed barvu s sv\u011btle modr\u00fdmi grafick\u00fdmi prvky a \u010derven\u00fdmi logy. Ofici\u00e1ln\u011b jsou barvy \u201eBlackened Blue \/ University Red\u201c. Tipy pro tisk: Pokud je jm\u00e9no a [\u2026]<\/p>","protected":false},"featured_media":8536,"comment_status":"open","ping_status":"closed","template":"","meta":[],"product_brand":[],"product_cat":[261],"product_tag":[20,35,21,22,23,24,380,263,264],"class_list":{"0":"post-8502","1":"product","2":"type-product","3":"status-publish","4":"has-post-thumbnail","6":"product_cat-kroatien-trikots","7":"product_tag-coole-fussballtrikots","8":"product_tag-fussball-torwarttrikots","9":"product_tag-fussballtrikot-fuer-herren","10":"product_tag-fussballtrikot-guenstig-kaufen","11":"product_tag-fussballtrikot-kurzarm","12":"product_tag-guenstiges-fussballtrikot","13":"product_tag-kroatien-2022-wm-auswaertstrikot","14":"product_tag-kroatien-trikot-herren","15":"product_tag-kroatien-trikots","17":"first","18":"instock","19":"shipping-taxable","20":"purchasable","21":"product-type-variable"},"_links":{"self":[{"href":"https:\/\/www.billigtrikotde.com\/cs\/wp-json\/wp\/v2\/product\/8502","targetHints":{"allow":["GET"]}}],"collection":[{"href":"https:\/\/www.billigtrikotde.com\/cs\/wp-json\/wp\/v2\/product"}],"about":[{"href":"https:\/\/www.billigtrikotde.com\/cs\/wp-json\/wp\/v2\/types\/product"}],"replies":[{"embeddable":true,"href":"https:\/\/www.billigtrikotde.com\/cs\/wp-json\/wp\/v2\/comments?post=8502"}],"wp:featuredmedia":[{"embeddable":true,"href":"https:\/\/www.billigtrikotde.com\/cs\/wp-json\/wp\/v2\/media\/8536"}],"wp:attachment":[{"href":"https:\/\/www.billigtrikotde.com\/cs\/wp-json\/wp\/v2\/media?parent=8502"}],"wp:term":[{"taxonomy":"product_brand","embeddable":true,"href":"https:\/\/www.billigtrikotde.com\/cs\/wp-json\/wp\/v2\/product_brand?post=8502"},{"taxonomy":"product_cat","embeddable":true,"href":"https:\/\/www.billigtrikotde.com\/cs\/wp-json\/wp\/v2\/product_cat?post=8502"},{"taxonomy":"product_tag","embeddable":true,"href":"https:\/\/www.billigtrikotde.com\/cs\/wp-json\/wp\/v2\/product_tag?post=8502"}],"curies":[{"name":"wp","href":"https:\/\/api.w.org\/{rel}","templated":true}]}}