{"id":8469,"date":"2024-10-24T01:38:36","date_gmt":"2024-10-23T23:38:36","guid":{"rendered":"http:\/\/billigtrikots.com\/?post_type=product&#038;p=8469"},"modified":"2024-10-24T01:40:44","modified_gmt":"2024-10-23T23:40:44","slug":"herren-fussballtrikot-der-saison-2022-23-chelsea-fc-ausweichtrikot-orange","status":"publish","type":"product","link":"https:\/\/www.billigtrikotde.com\/cs\/herren-fussballtrikot-der-saison-2022-23-chelsea-fc-ausweichtrikot-orange\/","title":{"rendered":"2022\/23 Chelsea FC P\u00e1nsk\u00e9 fotbalov\u00e9 tri\u010dko Orange"},"content":{"rendered":"<p>T\u0159et\u00ed dres Chelsea 2022-2023 kombinuje z\u00e1klad v \u201eSezam\u201c (zlat\u00e1) s \u010dernou a oran\u017eovou. Je to velmi jednoduch\u00fd design bez v\u00fdrazn\u00fdch grafik nebo vzor\u016f. Jedin\u00e9 detaily se objevuj\u00ed ve form\u011b zadn\u00edho panelu l\u00edmce a man\u017eet ruk\u00e1v\u016f, kter\u00e9 jsou \u010dern\u00e9 s oran\u017eovou. Zlat\u00e9 kalhoty a b\u00edl\u00e9 \u0161tulpny s \u010derno-oran\u017eov\u00fdm pruhovan\u00fdm vzorem dopl\u0148uj\u00ed dres Nike Chelsea 22-23.<\/p>\n<p>Tipy pro tisk: Pokud jsou jm\u00e9no a \u010d\u00edslo na obr\u00e1zku p\u0159esn\u011b takov\u00e9, jak\u00e9 chcete, nemus\u00edte je zad\u00e1vat znovu. Pokud tomu tak nen\u00ed, m\u011bli byste zadat po\u017eadovan\u00e9 jm\u00e9no a \u010d\u00edslo.<\/p>\n<p>Tipy pro pran\u00ed: Doporu\u010dujeme pr\u00e1t fotbalov\u00e1 tri\u010dka v ruce. Pokud chcete pou\u017e\u00edt pra\u010dku, nezapome\u0148te fotbalov\u00e1 tri\u010dka obr\u00e1tit naruby a pot\u00e9 je vyprat. Pra\u010dku napl\u0148te studenou vodou a pou\u017eijte jemn\u00fd cyklus, abyste l\u00e9pe ochr\u00e1nili barvy.<\/p>","protected":false},"excerpt":{"rendered":"<p>T\u0159et\u00ed dres Chelsea 2022-2023 kombinuje z\u00e1klad v \u201eSezam\u201c (zlat\u00e1) s \u010dernou a oran\u017eovou. Je to velmi jednoduch\u00fd design bez v\u00fdrazn\u00fdch grafik nebo vzor\u016f. Jedin\u00e9 detaily se objevuj\u00ed ve form\u011b zadn\u00edho panelu l\u00edmce a man\u017eet ruk\u00e1v\u016f, kter\u00e9 jsou \u010dern\u00e9 s oran\u017eovou. Zlat\u00e9 kalhoty a b\u00edl\u00e9 \u0161tulpny s \u010derno-oran\u017eov\u00fdm pruhovan\u00fdm vzorem dopl\u0148uj\u00ed dres Nike Chelsea 22-23.<\/p>","protected":false},"featured_media":8509,"comment_status":"open","ping_status":"closed","template":"","meta":[],"product_brand":[],"product_cat":[72],"product_tag":[20,375,308,309,310,73,21,24],"class_list":{"0":"post-8469","1":"product","2":"type-product","3":"status-publish","4":"has-post-thumbnail","6":"product_cat-chelsea","7":"product_tag-coole-fussballtrikots","8":"product_tag-chelsea-2022-2023-third-jersey","9":"product_tag-chelsea-fc-22-23-trikot-deutschland","10":"product_tag-chelsea-fc-22-23-trikot-guenstig","11":"product_tag-chelsea-fc-22-23-trikot-kaufen","12":"product_tag-chelsea-trikots","13":"product_tag-fussballtrikot-fuer-herren","14":"product_tag-guenstiges-fussballtrikot","16":"first","17":"instock","18":"shipping-taxable","19":"purchasable","20":"product-type-variable"},"_links":{"self":[{"href":"https:\/\/www.billigtrikotde.com\/cs\/wp-json\/wp\/v2\/product\/8469","targetHints":{"allow":["GET"]}}],"collection":[{"href":"https:\/\/www.billigtrikotde.com\/cs\/wp-json\/wp\/v2\/product"}],"about":[{"href":"https:\/\/www.billigtrikotde.com\/cs\/wp-json\/wp\/v2\/types\/product"}],"replies":[{"embeddable":true,"href":"https:\/\/www.billigtrikotde.com\/cs\/wp-json\/wp\/v2\/comments?post=8469"}],"wp:featuredmedia":[{"embeddable":true,"href":"https:\/\/www.billigtrikotde.com\/cs\/wp-json\/wp\/v2\/media\/8509"}],"wp:attachment":[{"href":"https:\/\/www.billigtrikotde.com\/cs\/wp-json\/wp\/v2\/media?parent=8469"}],"wp:term":[{"taxonomy":"product_brand","embeddable":true,"href":"https:\/\/www.billigtrikotde.com\/cs\/wp-json\/wp\/v2\/product_brand?post=8469"},{"taxonomy":"product_cat","embeddable":true,"href":"https:\/\/www.billigtrikotde.com\/cs\/wp-json\/wp\/v2\/product_cat?post=8469"},{"taxonomy":"product_tag","embeddable":true,"href":"https:\/\/www.billigtrikotde.com\/cs\/wp-json\/wp\/v2\/product_tag?post=8469"}],"curies":[{"name":"wp","href":"https:\/\/api.w.org\/{rel}","templated":true}]}}