{"id":8447,"date":"2024-10-24T01:37:26","date_gmt":"2024-10-23T23:37:26","guid":{"rendered":"http:\/\/billigtrikots.com\/?post_type=product&#038;p=8447"},"modified":"2024-11-18T15:39:36","modified_gmt":"2024-11-18T14:39:36","slug":"fussballtrikots-guenstig-ajax-bob-marley-trikot-2022-23-fuer-herren","status":"publish","type":"product","link":"https:\/\/www.billigtrikotde.com\/cs\/fussballtrikots-guenstig-ajax-bob-marley-trikot-2022-23-fuer-herren\/","title":{"rendered":"Fotbalov\u00e9 ko\u0161ile Levn\u00e9 Ajax BOB Marley Shirt 2022-23 Pro mu\u017ee"},"content":{"rendered":"<p>Objevte n\u00e1hradn\u00ed dres Ajax-Amsterdam na sez\u00f3nu 2022\/2023. Hrd\u011b noste barvy sv\u00e9ho obl\u00edben\u00e9ho t\u00fdmu na h\u0159i\u0161ti nebo venku.<\/p>\n<p>Flexibiln\u00ed a lehk\u00fd dres s technologi\u00ed Adidas Aeroready, od\u011bv, kter\u00fd zabra\u0148uje pronik\u00e1n\u00ed potu do va\u0161eho z\u00e1pasu nebo tr\u00e9ninku. Z\u016fsta\u0148te such\u00ed po sv\u00e9m zrychlen\u00ed.<\/p>\n<p>P\u0159edstavte si, jak v\u00e1s publikum v amsterdamsk\u00e9 ar\u00e9n\u011b povzbuzuje po skv\u011bl\u00e9m g\u00f3lu.<\/p>\n<p>Tipy pro tisk: Pokud jsou jm\u00e9no a \u010d\u00edslo na obr\u00e1zku p\u0159esn\u011b takov\u00e9, jak\u00e9 chcete, nemus\u00edte je zad\u00e1vat znovu. Pokud tomu tak nen\u00ed, m\u011bli byste zadat po\u017eadovan\u00e9 jm\u00e9no a \u010d\u00edslo.<\/p>\n<p>Tipy pro pran\u00ed: Doporu\u010dujeme pr\u00e1t fotbalov\u00e1 tri\u010dka v ruce. Pokud chcete pou\u017e\u00edt pra\u010dku, nezapome\u0148te fotbalov\u00e1 tri\u010dka obr\u00e1tit naruby a pot\u00e9 je vyprat. Pra\u010dku napl\u0148te studenou vodou a pou\u017eijte jemn\u00fd cyklus, abyste l\u00e9pe ochr\u00e1nili barvy.<\/p>","protected":false},"excerpt":{"rendered":"<p>Objevte Ajax Amsterdam n\u00e1hradn\u00ed dres pro sez\u00f3nu 2022\/2023. Hrd\u011b noste barvy sv\u00e9ho obl\u00edben\u00e9ho t\u00fdmu na h\u0159i\u0161ti \u010di mimo n\u011bj. Flexibiln\u00ed a lehk\u00e9 tri\u010dko s technologi\u00ed Adidas Aeroready, kousek oble\u010den\u00ed, kter\u00fd zabra\u0148uje tomu, aby pot pronikl do va\u0161\u00ed hry nebo tr\u00e9ninku. Z\u016fsta\u0148te such\u00ed po va\u0161em zrychlen\u00ed. P\u0159edstavte si publikum v Amsterdam Aren\u011b [\u2026]<\/p>","protected":false},"featured_media":8488,"comment_status":"open","ping_status":"closed","template":"","meta":[],"product_brand":[],"product_cat":[299],"product_tag":[1372,371,372,301,20,21,22,23,24],"class_list":{"0":"post-8447","1":"product","2":"type-product","3":"status-publish","4":"has-post-thumbnail","6":"product_cat-afc-ajax","7":"product_tag-ajax-amsterdam-trikot","8":"product_tag-ajax-ausweichtrikot","9":"product_tag-ajax-ausweichtrikot-2022-23","10":"product_tag-ajax-trikots","11":"product_tag-coole-fussballtrikots","12":"product_tag-fussballtrikot-fuer-herren","13":"product_tag-fussballtrikot-guenstig-kaufen","14":"product_tag-fussballtrikot-kurzarm","15":"product_tag-guenstiges-fussballtrikot","17":"first","18":"instock","19":"shipping-taxable","20":"purchasable","21":"product-type-variable"},"_links":{"self":[{"href":"https:\/\/www.billigtrikotde.com\/cs\/wp-json\/wp\/v2\/product\/8447","targetHints":{"allow":["GET"]}}],"collection":[{"href":"https:\/\/www.billigtrikotde.com\/cs\/wp-json\/wp\/v2\/product"}],"about":[{"href":"https:\/\/www.billigtrikotde.com\/cs\/wp-json\/wp\/v2\/types\/product"}],"replies":[{"embeddable":true,"href":"https:\/\/www.billigtrikotde.com\/cs\/wp-json\/wp\/v2\/comments?post=8447"}],"wp:featuredmedia":[{"embeddable":true,"href":"https:\/\/www.billigtrikotde.com\/cs\/wp-json\/wp\/v2\/media\/8488"}],"wp:attachment":[{"href":"https:\/\/www.billigtrikotde.com\/cs\/wp-json\/wp\/v2\/media?parent=8447"}],"wp:term":[{"taxonomy":"product_brand","embeddable":true,"href":"https:\/\/www.billigtrikotde.com\/cs\/wp-json\/wp\/v2\/product_brand?post=8447"},{"taxonomy":"product_cat","embeddable":true,"href":"https:\/\/www.billigtrikotde.com\/cs\/wp-json\/wp\/v2\/product_cat?post=8447"},{"taxonomy":"product_tag","embeddable":true,"href":"https:\/\/www.billigtrikotde.com\/cs\/wp-json\/wp\/v2\/product_tag?post=8447"}],"curies":[{"name":"wp","href":"https:\/\/api.w.org\/{rel}","templated":true}]}}