{"id":8433,"date":"2024-10-24T01:36:49","date_gmt":"2024-10-23T23:36:49","guid":{"rendered":"http:\/\/billigtrikots.com\/?post_type=product&#038;p=8433"},"modified":"2024-10-24T01:39:05","modified_gmt":"2024-10-23T23:39:05","slug":"herren-fc-liverpool-2022-23-auswaertstrikot-kaufen-kurzarm-kurze-hosen-a-becker-1","status":"publish","type":"product","link":"https:\/\/www.billigtrikotde.com\/cs\/herren-fc-liverpool-2022-23-auswaertstrikot-kaufen-kurzarm-kurze-hosen-a-becker-1\/","title":{"rendered":"P\u00e1nsk\u00e9 tri\u010dko Liverpool FC 2022-23 Away Koupit Kr\u00e1tk\u00fd ruk\u00e1v + \u0161ortky A.BECKER 1"},"content":{"rendered":"<p>Nike Liverpool 2022-23 venkovn\u00ed dres je p\u0159ev\u00e1\u017en\u011b b\u00edl\u00fd, kombinovan\u00fd s \u010dernou pro loga a aplikace.<\/p>\n<p>Co d\u011bl\u00e1 venkovn\u00ed dres Liverpool 22-23 tak v\u00fdrazn\u00fdm, je v\u00ed\u0159\u00edc\u00ed mramorov\u00fd design v sv\u011btle modr\u00e9 a sv\u011btle fialov\u00e9.<\/p>\n<p>Tipy pro tisk: Pokud jsou jm\u00e9no a \u010d\u00edslo na obr\u00e1zku p\u0159esn\u011b takov\u00e9, jak\u00e9 chcete, nemus\u00edte je zad\u00e1vat znovu. Pokud tomu tak nen\u00ed, m\u011bli byste zadat po\u017eadovan\u00e9 jm\u00e9no a \u010d\u00edslo.<\/p>\n<p>Tipy pro pran\u00ed: Doporu\u010dujeme pr\u00e1t fotbalov\u00e1 tri\u010dka v ruce. Pokud chcete pou\u017e\u00edt pra\u010dku, nezapome\u0148te fotbalov\u00e1 tri\u010dka obr\u00e1tit naruby a pot\u00e9 je vyprat. Pra\u010dku napl\u0148te studenou vodou a pou\u017eijte jemn\u00fd cyklus, abyste l\u00e9pe ochr\u00e1nili barvy.<\/p>","protected":false},"excerpt":{"rendered":"<p>Venkovn\u00ed dres Nike Liverpool 2022-23 je p\u0159ev\u00e1\u017en\u011b b\u00edl\u00fd, kombinovan\u00fd s \u010dernou pro loga a aplikace. To, co d\u011bl\u00e1 venkovn\u00ed dres Liverpool 22-23 v\u00fdjime\u010dn\u00fdm, je v\u00ed\u0159\u00edc\u00ed mramorov\u00fd design v sv\u011btle modr\u00e9 a sv\u011btle fialov\u00e9. Tipy pro tisk: Pokud jm\u00e9no a \u010d\u00edslo na obr\u00e1zku p\u0159esn\u011b odpov\u00eddaj\u00ed va\u0161im p\u0159\u00e1n\u00edm, nemus\u00edte je znovu zad\u00e1vat. Pokud ne, m\u011bli byste [...]<\/p>","protected":false},"featured_media":8467,"comment_status":"open","ping_status":"closed","template":"","meta":[],"product_brand":[],"product_cat":[176],"product_tag":[20,21,22,23,24,156,153,370],"class_list":{"0":"post-8433","1":"product","2":"type-product","3":"status-publish","4":"has-post-thumbnail","6":"product_cat-liverpool-fc","7":"product_tag-coole-fussballtrikots","8":"product_tag-fussballtrikot-fuer-herren","9":"product_tag-fussballtrikot-guenstig-kaufen","10":"product_tag-fussballtrikot-kurzarm","11":"product_tag-guenstiges-fussballtrikot","12":"product_tag-liverpool-auswaertstrikot","13":"product_tag-liverpool-trikots","14":"product_tag-liverpool-trikots-22-23","16":"first","17":"instock","18":"shipping-taxable","19":"purchasable","20":"product-type-variable"},"_links":{"self":[{"href":"https:\/\/www.billigtrikotde.com\/cs\/wp-json\/wp\/v2\/product\/8433","targetHints":{"allow":["GET"]}}],"collection":[{"href":"https:\/\/www.billigtrikotde.com\/cs\/wp-json\/wp\/v2\/product"}],"about":[{"href":"https:\/\/www.billigtrikotde.com\/cs\/wp-json\/wp\/v2\/types\/product"}],"replies":[{"embeddable":true,"href":"https:\/\/www.billigtrikotde.com\/cs\/wp-json\/wp\/v2\/comments?post=8433"}],"wp:featuredmedia":[{"embeddable":true,"href":"https:\/\/www.billigtrikotde.com\/cs\/wp-json\/wp\/v2\/media\/8467"}],"wp:attachment":[{"href":"https:\/\/www.billigtrikotde.com\/cs\/wp-json\/wp\/v2\/media?parent=8433"}],"wp:term":[{"taxonomy":"product_brand","embeddable":true,"href":"https:\/\/www.billigtrikotde.com\/cs\/wp-json\/wp\/v2\/product_brand?post=8433"},{"taxonomy":"product_cat","embeddable":true,"href":"https:\/\/www.billigtrikotde.com\/cs\/wp-json\/wp\/v2\/product_cat?post=8433"},{"taxonomy":"product_tag","embeddable":true,"href":"https:\/\/www.billigtrikotde.com\/cs\/wp-json\/wp\/v2\/product_tag?post=8433"}],"curies":[{"name":"wp","href":"https:\/\/api.w.org\/{rel}","templated":true}]}}