{"id":8375,"date":"2024-10-24T01:33:54","date_gmt":"2024-10-23T23:33:54","guid":{"rendered":"http:\/\/billigtrikots.com\/?post_type=product&#038;p=8375"},"modified":"2024-10-24T01:36:08","modified_gmt":"2024-10-23T23:36:08","slug":"kanada-wm-2022-world-cup-trikots-weiss-auswaertstrikot-herren-kurzarm","status":"publish","type":"product","link":"https:\/\/www.billigtrikotde.com\/cs\/kanada-wm-2022-world-cup-trikots-weiss-auswaertstrikot-herren-kurzarm\/","title":{"rendered":"Kanada MS 2022 World Cup dresy B\u00edl\u00e1 venkovn\u00ed dres pro mu\u017ee kr\u00e1tk\u00fd ruk\u00e1v"},"content":{"rendered":"<p>Na z\u00e1klad\u011b stejn\u00e9ho \u0161ablony je Kanada 2022 World Cup venkovn\u00ed dres b\u00edl\u00fd s \u010dern\u00fdm Swoosh.<br \/>\nTipy pro tisk: Pokud jsou jm\u00e9no a \u010d\u00edslo na obr\u00e1zku p\u0159esn\u011b takov\u00e9, jak\u00e9 chcete, nemus\u00edte je zad\u00e1vat znovu. Pokud tomu tak nen\u00ed, m\u011bli byste zadat po\u017eadovan\u00e9 jm\u00e9no a \u010d\u00edslo.<\/p>\n<p>Tipy pro pran\u00ed: Doporu\u010dujeme pr\u00e1t fotbalov\u00e1 tri\u010dka v ruce. Pokud chcete pou\u017e\u00edt pra\u010dku, nezapome\u0148te fotbalov\u00e1 tri\u010dka obr\u00e1tit naruby a pot\u00e9 je vyprat. Pra\u010dku napl\u0148te studenou vodou a pou\u017eijte jemn\u00fd cyklus, abyste l\u00e9pe ochr\u00e1nili barvy.<\/p>","protected":false},"excerpt":{"rendered":"<p>Na z\u00e1klad\u011b stejn\u00e9ho vzoru je v\u00fdkopov\u00e9 triko Kanada 2022 Venkovn\u00ed sv\u011btov\u00e9ho poh\u00e1ru b\u00edl\u00e9 barvy s \u010dern\u00fdm Swoosh. Tipy k tisku: Pokud jm\u00e9no a \u010d\u00edslo na sn\u00edmku p\u0159esn\u011b odpov\u00eddaj\u00ed va\u0161im po\u017eadavk\u016fm, nemus\u00edte je znovu zad\u00e1vat. Pokud ne, zadejte pros\u00edm sv\u00e9 po\u017eadovan\u00e9 jm\u00e9no a \u010d\u00edslo. Tipy k pran\u00ed: Obnovov\u00e1n\u00ed\u2026<\/p>","protected":false},"featured_media":8416,"comment_status":"open","ping_status":"closed","template":"","meta":[],"product_brand":[],"product_cat":[111],"product_tag":[20,366,21,22,23,24,367,368],"class_list":{"0":"post-8375","1":"product","2":"type-product","3":"status-publish","4":"has-post-thumbnail","6":"product_cat-nationaltrikot","7":"product_tag-coole-fussballtrikots","8":"product_tag-canada-jersey-2022","9":"product_tag-fussballtrikot-fuer-herren","10":"product_tag-fussballtrikot-guenstig-kaufen","11":"product_tag-fussballtrikot-kurzarm","12":"product_tag-guenstiges-fussballtrikot","13":"product_tag-kanada-wm-2022-world-cup-trikots","14":"product_tag-top-best-football-jersey","16":"first","17":"instock","18":"shipping-taxable","19":"purchasable","20":"product-type-variable"},"_links":{"self":[{"href":"https:\/\/www.billigtrikotde.com\/cs\/wp-json\/wp\/v2\/product\/8375","targetHints":{"allow":["GET"]}}],"collection":[{"href":"https:\/\/www.billigtrikotde.com\/cs\/wp-json\/wp\/v2\/product"}],"about":[{"href":"https:\/\/www.billigtrikotde.com\/cs\/wp-json\/wp\/v2\/types\/product"}],"replies":[{"embeddable":true,"href":"https:\/\/www.billigtrikotde.com\/cs\/wp-json\/wp\/v2\/comments?post=8375"}],"wp:featuredmedia":[{"embeddable":true,"href":"https:\/\/www.billigtrikotde.com\/cs\/wp-json\/wp\/v2\/media\/8416"}],"wp:attachment":[{"href":"https:\/\/www.billigtrikotde.com\/cs\/wp-json\/wp\/v2\/media?parent=8375"}],"wp:term":[{"taxonomy":"product_brand","embeddable":true,"href":"https:\/\/www.billigtrikotde.com\/cs\/wp-json\/wp\/v2\/product_brand?post=8375"},{"taxonomy":"product_cat","embeddable":true,"href":"https:\/\/www.billigtrikotde.com\/cs\/wp-json\/wp\/v2\/product_cat?post=8375"},{"taxonomy":"product_tag","embeddable":true,"href":"https:\/\/www.billigtrikotde.com\/cs\/wp-json\/wp\/v2\/product_tag?post=8375"}],"curies":[{"name":"wp","href":"https:\/\/api.w.org\/{rel}","templated":true}]}}