{"id":8373,"date":"2024-10-24T01:33:53","date_gmt":"2024-10-23T23:33:53","guid":{"rendered":"http:\/\/billigtrikots.com\/?post_type=product&#038;p=8373"},"modified":"2024-10-24T01:36:07","modified_gmt":"2024-10-23T23:36:07","slug":"manchester-united-22-23-drittes-trikot-gruen-fussballtrikot-fuer-herren","status":"publish","type":"product","link":"https:\/\/www.billigtrikotde.com\/cs\/manchester-united-22-23-drittes-trikot-gruen-fussballtrikot-fuer-herren\/","title":{"rendered":"Manchester United 22-23 Third Shirt green Fotbalov\u00e9 tri\u010dko pro mu\u017ee"},"content":{"rendered":"<p>T\u0159et\u00ed fotbalov\u00e9\/trik adidas Manchester United 22-23 kombinuje velmi fialovou \u017elutou z\u00e1kladn\u00ed barvu s n\u00e1padn\u00fdmi \u017elut\u00fdmi aplikacemi a logy. Je to velmi modern\u00ed kombinace barev \u2013 \u201eSemi Solar Slime\u201c a \u201eLegend Ink\u201c. Co se t\u00fd\u010de designu, t\u0159et\u00ed dres Manchestru United 2022-23 je modern\u00ed. M\u00e1 na l\u00edmci zigzagov\u00fd vzor. Na p\u0159edn\u00ed stran\u011b a ruk\u00e1vech t\u0159et\u00edho dresu Man United 22-23 se nach\u00e1z\u00ed t\u00f3novan\u00fd vzor.<br \/>\nManchester United nikdy nenosil \u017elut\u00fd dres pro hr\u00e1\u010de. Nicm\u00e9n\u011b \u201eStrom\u201c byl v posledn\u00edch letech Adidas pou\u017eit pro brank\u00e1\u0159sk\u00e9 dresy klubu. \u017dlut\u00e1 byla v 70. letech pou\u017e\u00edv\u00e1na Man Utd jako alternativn\u00ed (t\u0159et\u00ed) barva.<\/p>\n<p>Tipy pro tisk: Pokud jsou jm\u00e9no a \u010d\u00edslo na obr\u00e1zku p\u0159esn\u011b takov\u00e9, jak\u00e9 chcete, nemus\u00edte je zad\u00e1vat znovu. Pokud tomu tak nen\u00ed, m\u011bli byste zadat po\u017eadovan\u00e9 jm\u00e9no a \u010d\u00edslo.<\/p>\n<p>Tipy pro pran\u00ed: Doporu\u010dujeme pr\u00e1t fotbalov\u00e1 tri\u010dka v ruce. Pokud chcete pou\u017e\u00edt pra\u010dku, nezapome\u0148te fotbalov\u00e1 tri\u010dka obr\u00e1tit naruby a pot\u00e9 je vyprat. Pra\u010dku napl\u0148te studenou vodou a pou\u017eijte jemn\u00fd cyklus, abyste l\u00e9pe ochr\u00e1nili barvy.<\/p>","protected":false},"excerpt":{"rendered":"<p>Das dritte Fu\u00dfballtrikot von Adidas Manchester United 22-23 kombiniert eine hochviolette gelbe Grundfarbe mit auff\u00e4lligen gelben Applikationen und Logos. Es ist eine sehr moderne Farbkombination &#8211; &#8222;Semi Solar Slime&#8220; &amp; &#8222;Legend Ink&#8220;.Was das Design angeht, ist das dritte Trikot von Adidas Manchester United 2022-23 modern. Es hat ein Zickzack-Muster am Kragen. Auf der Vorderseite und [&hellip;]<\/p>","protected":false},"featured_media":8407,"comment_status":"open","ping_status":"closed","template":"","meta":[],"product_brand":[],"product_cat":[50],"product_tag":[20,21,22,23,24,365,217,223,52],"class_list":{"0":"post-8373","1":"product","2":"type-product","3":"status-publish","4":"has-post-thumbnail","6":"product_cat-manchester-united","7":"product_tag-coole-fussballtrikots","8":"product_tag-fussballtrikot-fuer-herren","9":"product_tag-fussballtrikot-guenstig-kaufen","10":"product_tag-fussballtrikot-kurzarm","11":"product_tag-guenstiges-fussballtrikot","12":"product_tag-manchester-united-22-23-drittes-trikot","13":"product_tag-manchester-united-trikot-bestellen","14":"product_tag-manchester-united-trikot-shop","15":"product_tag-manchester-united-trikots","17":"first","18":"instock","19":"shipping-taxable","20":"purchasable","21":"product-type-variable"},"_links":{"self":[{"href":"https:\/\/www.billigtrikotde.com\/cs\/wp-json\/wp\/v2\/product\/8373","targetHints":{"allow":["GET"]}}],"collection":[{"href":"https:\/\/www.billigtrikotde.com\/cs\/wp-json\/wp\/v2\/product"}],"about":[{"href":"https:\/\/www.billigtrikotde.com\/cs\/wp-json\/wp\/v2\/types\/product"}],"replies":[{"embeddable":true,"href":"https:\/\/www.billigtrikotde.com\/cs\/wp-json\/wp\/v2\/comments?post=8373"}],"wp:featuredmedia":[{"embeddable":true,"href":"https:\/\/www.billigtrikotde.com\/cs\/wp-json\/wp\/v2\/media\/8407"}],"wp:attachment":[{"href":"https:\/\/www.billigtrikotde.com\/cs\/wp-json\/wp\/v2\/media?parent=8373"}],"wp:term":[{"taxonomy":"product_brand","embeddable":true,"href":"https:\/\/www.billigtrikotde.com\/cs\/wp-json\/wp\/v2\/product_brand?post=8373"},{"taxonomy":"product_cat","embeddable":true,"href":"https:\/\/www.billigtrikotde.com\/cs\/wp-json\/wp\/v2\/product_cat?post=8373"},{"taxonomy":"product_tag","embeddable":true,"href":"https:\/\/www.billigtrikotde.com\/cs\/wp-json\/wp\/v2\/product_tag?post=8373"}],"curies":[{"name":"wp","href":"https:\/\/api.w.org\/{rel}","templated":true}]}}