{"id":8363,"date":"2024-10-24T01:33:20","date_gmt":"2024-10-23T23:33:20","guid":{"rendered":"http:\/\/billigtrikots.com\/?post_type=product&#038;p=8363"},"modified":"2024-10-24T01:35:32","modified_gmt":"2024-10-23T23:35:32","slug":"neuen-fussballtrikots-england-2022-world-cup-weiss-blau-herren-heimtrikot","status":"publish","type":"product","link":"https:\/\/www.billigtrikotde.com\/cs\/neuen-fussballtrikots-england-2022-world-cup-weiss-blau-herren-heimtrikot\/","title":{"rendered":"New England 2022 World Cup Football Shirts white blue men's home kit"},"content":{"rendered":"<p>Dom\u00e1c\u00ed stadion Nike World Cup 2022 England, kter\u00fd m\u00e1 \u010dist\u011b b\u00edl\u00fd z\u00e1klad, \u010derp\u00e1 v\u011bt\u0161inu sv\u00e9ho prodeje z barevn\u00e9ho gradientu na ragl\u00e1nov\u00fdch ruk\u00e1vech. Od b\u00edl\u00e9ho z\u00e1kladu za rameny za\u010d\u00edn\u00e1 postupn\u00fd a vybledl\u00fd p\u0159echod k modr\u00e9, kter\u00fd za\u010d\u00edn\u00e1 sv\u011btl\u00fdm t\u00f3nem a pot\u00e9 kles\u00e1 k velmi syt\u00e9mu t\u00f3nu kolem kulat\u00e9ho v\u00fdst\u0159ihu. Sv\u011btle a tmav\u011b modr\u00e9 t\u00f3ny jsou na man\u017eet\u00e1ch naneseny v jasn\u00e9m designu p\u016fl na p\u016fl, kter\u00fd p\u0159ipom\u00edn\u00e1 barvy chorvatsk\u00e9 venkovn\u00ed soupravy pro tento rok. Historicky pou\u017eit\u00e1 tmav\u011b modr\u00e1 barva n\u011bjak\u00fdm zp\u016fsobem navozuje atmosf\u00e9ru souprav z 90. let.<\/p>","protected":false},"excerpt":{"rendered":"<p>Das WM 2022 Nike Heimstadion von England, das eine saubere wei\u00dfe Grundlage hat, bezieht einen Gro\u00dfteil seines Verkaufs stattdessen aus der Farbverl\u00e4ufe auf den Raglan\u00e4rmeln. Beginnend hinter den Schultern beginnt die wei\u00dfe Basis einen allm\u00e4hlichen und verblassten \u00dcbergang in Richtung Blau, beginnend mit einem hellen Ton, bevor sie in einen sehr tiefen Ton um den [&hellip;]<\/p>","protected":false},"featured_media":8404,"comment_status":"open","ping_status":"closed","template":"","meta":[],"product_brand":[],"product_cat":[115],"product_tag":[20,363,116,21,22,23,24],"class_list":{"0":"post-8363","1":"product","2":"type-product","3":"status-publish","4":"has-post-thumbnail","6":"product_cat-england-trikots","7":"product_tag-coole-fussballtrikots","8":"product_tag-england-2022-world-cup-trikot","9":"product_tag-england-heimtrikot","10":"product_tag-fussballtrikot-fuer-herren","11":"product_tag-fussballtrikot-guenstig-kaufen","12":"product_tag-fussballtrikot-kurzarm","13":"product_tag-guenstiges-fussballtrikot","15":"first","16":"instock","17":"shipping-taxable","18":"purchasable","19":"product-type-variable"},"_links":{"self":[{"href":"https:\/\/www.billigtrikotde.com\/cs\/wp-json\/wp\/v2\/product\/8363","targetHints":{"allow":["GET"]}}],"collection":[{"href":"https:\/\/www.billigtrikotde.com\/cs\/wp-json\/wp\/v2\/product"}],"about":[{"href":"https:\/\/www.billigtrikotde.com\/cs\/wp-json\/wp\/v2\/types\/product"}],"replies":[{"embeddable":true,"href":"https:\/\/www.billigtrikotde.com\/cs\/wp-json\/wp\/v2\/comments?post=8363"}],"wp:featuredmedia":[{"embeddable":true,"href":"https:\/\/www.billigtrikotde.com\/cs\/wp-json\/wp\/v2\/media\/8404"}],"wp:attachment":[{"href":"https:\/\/www.billigtrikotde.com\/cs\/wp-json\/wp\/v2\/media?parent=8363"}],"wp:term":[{"taxonomy":"product_brand","embeddable":true,"href":"https:\/\/www.billigtrikotde.com\/cs\/wp-json\/wp\/v2\/product_brand?post=8363"},{"taxonomy":"product_cat","embeddable":true,"href":"https:\/\/www.billigtrikotde.com\/cs\/wp-json\/wp\/v2\/product_cat?post=8363"},{"taxonomy":"product_tag","embeddable":true,"href":"https:\/\/www.billigtrikotde.com\/cs\/wp-json\/wp\/v2\/product_tag?post=8363"}],"curies":[{"name":"wp","href":"https:\/\/api.w.org\/{rel}","templated":true}]}}