{"id":8355,"date":"2024-10-24T01:32:48","date_gmt":"2024-10-23T23:32:48","guid":{"rendered":"http:\/\/billigtrikots.com\/?post_type=product&#038;p=8355"},"modified":"2024-10-24T01:34:59","modified_gmt":"2024-10-23T23:34:59","slug":"kinder-japan-heim-trikot-wm-2022-blau-kurzarm-weiss-kurze-hosen","status":"publish","type":"product","link":"https:\/\/www.billigtrikotde.com\/cs\/kinder-japan-heim-trikot-wm-2022-blau-kurzarm-weiss-kurze-hosen\/","title":{"rendered":"D\u011btsk\u00e9 dom\u00e1c\u00ed dresy Japonsko pro MS 2022 modr\u00e9 kr\u00e1tk\u00e9 ruk\u00e1vy + b\u00edl\u00e9 kr\u00e1tk\u00e9 kalhoty"},"content":{"rendered":"<p>S d\u011btskou soupravou trika v modr\u00e9 barv\u011b adidas uv\u00e1d\u00ed na trh produkt, s n\u00edm\u017e m\u016f\u017eete sv\u00e9 mu\u017estvo podporovat v dobr\u00fdch i zl\u00fdch \u010dasech srdnat\u011b a nad\u0161en\u011b. Uka\u017ete svou podporu \u2013 s t\u00edmto dom\u00e1c\u00edm trikem z Japonska roz\u0161i\u0159ujete svou fanou\u0161kovskou sb\u00edrku o kousek oble\u010den\u00ed v origin\u00e1ln\u00edm designu, jak jej nos\u00ed hr\u00e1\u010di na mistrovstv\u00ed sv\u011bta. Je prody\u0161n\u00fd, pohodln\u00fd a odv\u00e1d\u00ed pot. Nav\u00edc v\u00e1m nab\u00eddne vysokou odolnost. P\u016fsob\u00ed na vizu\u00e1ln\u00ed \u00farovni s logem ligy na hrudi. S t\u00edmto trikem se m\u016f\u017eete st\u00e1t je\u0161t\u011b v\u00fdkonn\u011bj\u0161\u00edmi a p\u0159ipravit se na dal\u0161\u00ed z\u00e1pas.<\/p>\n<p>Tipy pro tisk: Pokud jsou jm\u00e9no a \u010d\u00edslo na obr\u00e1zku p\u0159esn\u011b takov\u00e9, jak\u00e9 chcete, nemus\u00edte je zad\u00e1vat znovu. Pokud tomu tak nen\u00ed, m\u011bli byste zadat po\u017eadovan\u00e9 jm\u00e9no a \u010d\u00edslo.<\/p>\n<p>Tipy pro pran\u00ed: Doporu\u010dujeme pr\u00e1t fotbalov\u00e1 tri\u010dka v ruce. Pokud chcete pou\u017e\u00edt pra\u010dku, nezapome\u0148te fotbalov\u00e1 tri\u010dka obr\u00e1tit naruby a pot\u00e9 je vyprat. Pra\u010dku napl\u0148te studenou vodou a pou\u017eijte jemn\u00fd cyklus, abyste l\u00e9pe ochr\u00e1nili barvy.<\/p>","protected":false},"excerpt":{"rendered":"<p>Mit dem Kinder-Trikot in Blau bringt adidas ein Produkt an den Start, mit dem du dein Team in guten wie in schlechten Zeiten mit Herzblut und Hingabe unterst\u00fctzen kannst. Zeige deine Unterst\u00fctzung \u2013 mit diesem Japan-Heim-Trikot erweiterst du deine Fan-Sammlung um ein Kleidungsst\u00fcck im Original-Design, wie es die Spieler bei der Weltmeisterschaft tragen. Es ist [&hellip;]<\/p>","protected":false},"featured_media":8394,"comment_status":"open","ping_status":"closed","template":"","meta":[],"product_brand":[],"product_cat":[111],"product_tag":[20,222,21,22,23,24,361,362,94],"class_list":{"0":"post-8355","1":"product","2":"type-product","3":"status-publish","4":"has-post-thumbnail","6":"product_cat-nationaltrikot","7":"product_tag-coole-fussballtrikots","8":"product_tag-fussball-wm-2022-trikots","9":"product_tag-fussballtrikot-fuer-herren","10":"product_tag-fussballtrikot-guenstig-kaufen","11":"product_tag-fussballtrikot-kurzarm","12":"product_tag-guenstiges-fussballtrikot","13":"product_tag-japan-heimtrikot","14":"product_tag-japan-trikots","15":"product_tag-kinder-fussball-trikotsatz","17":"first","18":"instock","19":"shipping-taxable","20":"purchasable","21":"product-type-variable"},"_links":{"self":[{"href":"https:\/\/www.billigtrikotde.com\/cs\/wp-json\/wp\/v2\/product\/8355","targetHints":{"allow":["GET"]}}],"collection":[{"href":"https:\/\/www.billigtrikotde.com\/cs\/wp-json\/wp\/v2\/product"}],"about":[{"href":"https:\/\/www.billigtrikotde.com\/cs\/wp-json\/wp\/v2\/types\/product"}],"replies":[{"embeddable":true,"href":"https:\/\/www.billigtrikotde.com\/cs\/wp-json\/wp\/v2\/comments?post=8355"}],"wp:featuredmedia":[{"embeddable":true,"href":"https:\/\/www.billigtrikotde.com\/cs\/wp-json\/wp\/v2\/media\/8394"}],"wp:attachment":[{"href":"https:\/\/www.billigtrikotde.com\/cs\/wp-json\/wp\/v2\/media?parent=8355"}],"wp:term":[{"taxonomy":"product_brand","embeddable":true,"href":"https:\/\/www.billigtrikotde.com\/cs\/wp-json\/wp\/v2\/product_brand?post=8355"},{"taxonomy":"product_cat","embeddable":true,"href":"https:\/\/www.billigtrikotde.com\/cs\/wp-json\/wp\/v2\/product_cat?post=8355"},{"taxonomy":"product_tag","embeddable":true,"href":"https:\/\/www.billigtrikotde.com\/cs\/wp-json\/wp\/v2\/product_tag?post=8355"}],"curies":[{"name":"wp","href":"https:\/\/api.w.org\/{rel}","templated":true}]}}