{"id":8349,"date":"2024-10-24T01:32:43","date_gmt":"2024-10-23T23:32:43","guid":{"rendered":"http:\/\/billigtrikots.com\/?post_type=product&#038;p=8349"},"modified":"2024-10-24T01:34:57","modified_gmt":"2024-10-23T23:34:57","slug":"kinder-portugal-wm-2022-auswaertstrikot-kurzarm-kurze-hosen","status":"publish","type":"product","link":"https:\/\/www.billigtrikotde.com\/cs\/kinder-portugal-wm-2022-auswaertstrikot-kurzarm-kurze-hosen\/","title":{"rendered":"D\u011btsk\u00fd dres Portugalsko pro MS 2022 venkovn\u00ed kr\u00e1tk\u00e9 ruk\u00e1vy + kr\u00e1tk\u00e9 kalhoty"},"content":{"rendered":"<p>\u010cerstv\u00fd a p\u0159esto klasick\u00fd vzhled pro Portugalsko: Dres Nike Portugal 2022 venkovn\u00ed kombinuje kr\u00e9mov\u011b b\u00edl\u00fd z\u00e1kladn\u00ed vzor s n\u00e1mo\u0159nickou modrou Swoosh. Ofici\u00e1ln\u00edmi barvami jsou \u201eSail\/Obsidian\u201c, zat\u00edmco \u201ePepper Red\u201c je t\u0159et\u00ed barva. Design nov\u00e9ho dresu Nike Portugal 2022 na Mistrovstv\u00ed sv\u011bta sest\u00e1v\u00e1 z zeleno-\u010derven\u00e9ho bloku na hrudi. Dres Nike 22-23 je zalo\u017een na stejn\u00e9 verzi jako dom\u00e1c\u00ed dresy Atletico a Liverpool 22-23. Zadn\u00ed lem l\u00edmce a man\u017eety ruk\u00e1v\u016f dresu Portugal 2022 venkovn\u00ed odpov\u00eddaj\u00ed tmav\u011b modr\u00e9 barv\u011b Swoosh. Zeleno-\u010derven\u00fd p\u00e1s pokra\u010duje i na zadn\u00ed stran\u011b nov\u00e9ho venkovn\u00edho dresu Portugalsko, kter\u00fd m\u00e1 jinak tmav\u011b modr\u00e9 pole na horn\u00edm okraji, pod n\u00edm\u017e je um\u00edst\u011bn na m\u00edru vyroben\u00fd zlat\u00fd symbol.<\/p>\n<p>Tipy pro tisk: Pokud jsou jm\u00e9no a \u010d\u00edslo na obr\u00e1zku p\u0159esn\u011b takov\u00e9, jak\u00e9 chcete, nemus\u00edte je zad\u00e1vat znovu. Pokud tomu tak nen\u00ed, m\u011bli byste zadat po\u017eadovan\u00e9 jm\u00e9no a \u010d\u00edslo.<\/p>\n<p>Tipy pro pran\u00ed: Doporu\u010dujeme pr\u00e1t fotbalov\u00e1 tri\u010dka v ruce. Pokud chcete pou\u017e\u00edt pra\u010dku, nezapome\u0148te fotbalov\u00e1 tri\u010dka obr\u00e1tit naruby a pot\u00e9 je vyprat. Pra\u010dku napl\u0148te studenou vodou a pou\u017eijte jemn\u00fd cyklus, abyste l\u00e9pe ochr\u00e1nili barvy.<\/p>","protected":false},"excerpt":{"rendered":"<p>\u010cerstv\u00fd a p\u0159esto klasick\u00fd vzhled pro Portugalsko: Venkovn\u00ed dres Nike Portugalsko 2022 kombinuje kr\u00e9mov\u011b b\u00edl\u00fd z\u00e1kladn\u00ed vzor s n\u00e1mo\u0159nickou modrou Swoosh. Ofici\u00e1ln\u011b jsou barvy \u201eSail\/Obsidian\u201c, zat\u00edmco \u201ePepper Red\u201c je t\u0159et\u00ed barva. Design nov\u00e9ho venkovn\u00edho dresu Nike Portugalsko 2022 na Mistrovstv\u00ed sv\u011bta sest\u00e1v\u00e1 z zeleno-\u010derven\u00e9ho bloku na hrudi. Dres Nike 22-23 je zalo\u017een na [\u2026]<\/p>","protected":false},"featured_media":8383,"comment_status":"open","ping_status":"closed","template":"","meta":[],"product_brand":[],"product_cat":[239],"product_tag":[20,222,21,23,24,94,240,347,348],"class_list":{"0":"post-8349","1":"product","2":"type-product","3":"status-publish","4":"has-post-thumbnail","6":"product_cat-portugal-trikots","7":"product_tag-coole-fussballtrikots","8":"product_tag-fussball-wm-2022-trikots","9":"product_tag-fussballtrikot-fuer-herren","10":"product_tag-fussballtrikot-kurzarm","11":"product_tag-guenstiges-fussballtrikot","12":"product_tag-kinder-fussball-trikotsatz","13":"product_tag-portugal-heimtrikot","14":"product_tag-portugal-trikots","15":"product_tag-portugal-trikotsatz-fuer-kinder","17":"first","18":"instock","19":"shipping-taxable","20":"purchasable","21":"product-type-variable"},"_links":{"self":[{"href":"https:\/\/www.billigtrikotde.com\/cs\/wp-json\/wp\/v2\/product\/8349","targetHints":{"allow":["GET"]}}],"collection":[{"href":"https:\/\/www.billigtrikotde.com\/cs\/wp-json\/wp\/v2\/product"}],"about":[{"href":"https:\/\/www.billigtrikotde.com\/cs\/wp-json\/wp\/v2\/types\/product"}],"replies":[{"embeddable":true,"href":"https:\/\/www.billigtrikotde.com\/cs\/wp-json\/wp\/v2\/comments?post=8349"}],"wp:featuredmedia":[{"embeddable":true,"href":"https:\/\/www.billigtrikotde.com\/cs\/wp-json\/wp\/v2\/media\/8383"}],"wp:attachment":[{"href":"https:\/\/www.billigtrikotde.com\/cs\/wp-json\/wp\/v2\/media?parent=8349"}],"wp:term":[{"taxonomy":"product_brand","embeddable":true,"href":"https:\/\/www.billigtrikotde.com\/cs\/wp-json\/wp\/v2\/product_brand?post=8349"},{"taxonomy":"product_cat","embeddable":true,"href":"https:\/\/www.billigtrikotde.com\/cs\/wp-json\/wp\/v2\/product_cat?post=8349"},{"taxonomy":"product_tag","embeddable":true,"href":"https:\/\/www.billigtrikotde.com\/cs\/wp-json\/wp\/v2\/product_tag?post=8349"}],"curies":[{"name":"wp","href":"https:\/\/api.w.org\/{rel}","templated":true}]}}