{"id":8298,"date":"2024-10-24T01:30:00","date_gmt":"2024-10-23T23:30:00","guid":{"rendered":"http:\/\/billigtrikots.com\/?post_type=product&#038;p=8298"},"modified":"2024-10-24T01:32:36","modified_gmt":"2024-10-23T23:32:36","slug":"fussballtrikots-guenstig-argentinien-heimtrikot-wm-2022-weiss-blau-kurzarm-messi-10","status":"publish","type":"product","link":"https:\/\/www.billigtrikotde.com\/cs\/fussballtrikots-guenstig-argentinien-heimtrikot-wm-2022-weiss-blau-kurzarm-messi-10\/","title":{"rendered":"Fotbalov\u00e9 ko\u0161ile levn\u00e9 Argentina dom\u00e1c\u00ed ko\u0161ile mistrovstv\u00ed sv\u011bta 2022 b\u00edl\u00e1 modr\u00e1 kr\u00e1tk\u00fd ruk\u00e1v MESSI 10"},"content":{"rendered":"<p>M\u00edsto toho by m\u011bla b\u00fdt ko\u0161ile slo\u017eena ze dvou ten\u010d\u00edch nebesky modr\u00fdch pruh\u016f uprost\u0159ed a dvou \u0161ir\u0161\u00edch na okraj\u00edch ko\u0161ile. Ty by m\u011bly b\u00fdt p\u0159ibli\u017en\u011b t\u0159ikr\u00e1t tak \u0161irok\u00e9 jako pruhy uprost\u0159ed, kter\u00e9 maj\u00ed p\u0159edstavovat argentickou vlajku.<br \/>\nPruhy na nov\u00e9m dresu Argentiny na MS 2022 jsou klasick\u00e9, ale pouze na p\u0159edn\u00ed stran\u011b. Pruhy na zadn\u00ed stran\u011b jsou opravdu neobvykl\u00e9: m\u00edsto toho, aby byly stejn\u011b \u0161irok\u00e9, jsou uprost\u0159ed dv\u011b ten\u010d\u00ed nebesky modr\u00e9 pruhy a na okraj\u00edch dresu dv\u011b \u0161ir\u0161\u00ed. Tyto \u0161ir\u0161\u00ed pruhy jsou asi t\u0159ikr\u00e1t tak \u0161irok\u00e9 jako pruhy uprost\u0159ed.<\/p>\n<p>Tipy pro tisk: Pokud jsou jm\u00e9no a \u010d\u00edslo na obr\u00e1zku p\u0159esn\u011b takov\u00e9, jak\u00e9 chcete, nemus\u00edte je zad\u00e1vat znovu. Pokud tomu tak nen\u00ed, m\u011bli byste zadat po\u017eadovan\u00e9 jm\u00e9no a \u010d\u00edslo.<\/p>\n<p>Tipy pro pran\u00ed: Doporu\u010dujeme pr\u00e1t fotbalov\u00e1 tri\u010dka v ruce. Pokud chcete pou\u017e\u00edt pra\u010dku, nezapome\u0148te fotbalov\u00e1 tri\u010dka obr\u00e1tit naruby a pot\u00e9 je vyprat. Pra\u010dku napl\u0148te studenou vodou a pou\u017eijte jemn\u00fd cyklus, abyste l\u00e9pe ochr\u00e1nili barvy.<\/p>","protected":false},"excerpt":{"rendered":"<p>Stattdessen soll das Trikot aus zwei d\u00fcnneren himmelblauen Streifen in der Mitte und zwei breiteren an den Au\u00dfenseiten des Trikots bestehen. Diese sollen etwa dreimal so breit wie die Streifen in der Mitte sein, die die argentinische Flagge darstellen soll. Die Streifen auf dem neuen Argentinien WM 2022 Trikot sind klassisch, aber nur auf der [&hellip;]<\/p>","protected":false},"featured_media":8335,"comment_status":"open","ping_status":"closed","template":"","meta":[],"product_brand":[],"product_cat":[325],"product_tag":[356,20,21,22,23,24],"class_list":{"0":"post-8298","1":"product","2":"type-product","3":"status-publish","4":"has-post-thumbnail","6":"product_cat-argentinien-trikots","7":"product_tag-argentinien-trikots","8":"product_tag-coole-fussballtrikots","9":"product_tag-fussballtrikot-fuer-herren","10":"product_tag-fussballtrikot-guenstig-kaufen","11":"product_tag-fussballtrikot-kurzarm","12":"product_tag-guenstiges-fussballtrikot","14":"first","15":"instock","16":"shipping-taxable","17":"purchasable","18":"product-type-variable"},"_links":{"self":[{"href":"https:\/\/www.billigtrikotde.com\/cs\/wp-json\/wp\/v2\/product\/8298","targetHints":{"allow":["GET"]}}],"collection":[{"href":"https:\/\/www.billigtrikotde.com\/cs\/wp-json\/wp\/v2\/product"}],"about":[{"href":"https:\/\/www.billigtrikotde.com\/cs\/wp-json\/wp\/v2\/types\/product"}],"replies":[{"embeddable":true,"href":"https:\/\/www.billigtrikotde.com\/cs\/wp-json\/wp\/v2\/comments?post=8298"}],"wp:featuredmedia":[{"embeddable":true,"href":"https:\/\/www.billigtrikotde.com\/cs\/wp-json\/wp\/v2\/media\/8335"}],"wp:attachment":[{"href":"https:\/\/www.billigtrikotde.com\/cs\/wp-json\/wp\/v2\/media?parent=8298"}],"wp:term":[{"taxonomy":"product_brand","embeddable":true,"href":"https:\/\/www.billigtrikotde.com\/cs\/wp-json\/wp\/v2\/product_brand?post=8298"},{"taxonomy":"product_cat","embeddable":true,"href":"https:\/\/www.billigtrikotde.com\/cs\/wp-json\/wp\/v2\/product_cat?post=8298"},{"taxonomy":"product_tag","embeddable":true,"href":"https:\/\/www.billigtrikotde.com\/cs\/wp-json\/wp\/v2\/product_tag?post=8298"}],"curies":[{"name":"wp","href":"https:\/\/api.w.org\/{rel}","templated":true}]}}