{"id":8166,"date":"2024-10-24T01:23:04","date_gmt":"2024-10-23T23:23:04","guid":{"rendered":"http:\/\/billigtrikots.com\/?post_type=product&#038;p=8166"},"modified":"2024-10-24T01:25:22","modified_gmt":"2024-10-23T23:25:22","slug":"herren-paris-saint-germain-22-23-auswaertstrikot-graue-kurzarm-kurze-hosen-mbappe-7","status":"publish","type":"product","link":"https:\/\/www.billigtrikotde.com\/cs\/herren-paris-saint-germain-22-23-auswaertstrikot-graue-kurzarm-kurze-hosen-mbappe-7\/","title":{"rendered":"P\u00e1ny \u2013 Paris Saint-Germain 22-23 venkovn\u00ed dres \u0161ed\u00e9 kr\u00e1tk\u00e9 ruk\u00e1vy + kr\u00e1tk\u00e9 kalhoty MBAPP\u00c9 7"},"content":{"rendered":"<p>Dres Jordan PSG 2022-23 m\u00e1 nov\u00fd vzhled v \u0161ed\u00e9 barv\u011b s \u010dern\u00fdm st\u0159edov\u00fdm pruhem, kter\u00fd uprost\u0159ed vybledne, aby uvolnil m\u00edsto sponzorovi Qatar Airways. Na vnit\u0159n\u00ed stran\u011b l\u00edmce se nach\u00e1z\u00ed speci\u00e1ln\u00ed \u0161t\u00edtek.<\/p>\n<p>Barevn\u00e9 sch\u00e9ma nov\u00e9 venkovn\u00ed soupravy PSG 22-23 je inspirov\u00e1no stadionem Parc des Princes, kter\u00fd letos slav\u00ed 50. v\u00fdro\u010d\u00ed sv\u00e9ho zalo\u017een\u00ed.\u0160ed\u00e9 \u0161ortky s designem inspirovan\u00fdm Chicagem Bills a pono\u017eky dopl\u0148uj\u00ed vzhled nov\u00e9 venkovn\u00ed soupravy PSG 2022-23 od Jordanu.<\/p>\n<p>Tipy pro tisk: Pokud jsou jm\u00e9no a \u010d\u00edslo na obr\u00e1zku p\u0159esn\u011b takov\u00e9, jak\u00e9 chcete, nemus\u00edte je zad\u00e1vat znovu. Pokud tomu tak nen\u00ed, m\u011bli byste zadat po\u017eadovan\u00e9 jm\u00e9no a \u010d\u00edslo.<\/p>\n<p>Tipy pro pran\u00ed: Doporu\u010dujeme pr\u00e1t fotbalov\u00e1 tri\u010dka v ruce. Pokud chcete pou\u017e\u00edt pra\u010dku, nezapome\u0148te fotbalov\u00e1 tri\u010dka obr\u00e1tit naruby a pot\u00e9 je vyprat. Pra\u010dku napl\u0148te studenou vodou a pou\u017eijte jemn\u00fd cyklus, abyste l\u00e9pe ochr\u00e1nili barvy.<\/p>","protected":false},"excerpt":{"rendered":"<p>Venkovn\u00ed dres Jordan PSG 2022-23 se p\u0159edstavuje v nov\u00e9m vzhledu v \u0161ed\u00e9 barv\u011b s \u010dern\u00fdm st\u0159edov\u00fdm pruhem, kter\u00fd postupn\u011b bledne uprost\u0159ed, aby vytvo\u0159il m\u00edsto pro sponzora Qatar Airways. Na vnit\u0159n\u00ed stran\u011b l\u00edmce je speci\u00e1ln\u00ed \u0161t\u00edtek. Barevn\u00e9 proveden\u00ed nov\u00e9ho PSG 22-23 venkovn\u00edho dresu je inspirov\u00e1no stadionem Parc des Princes, [...]<\/p>","protected":false},"featured_media":8205,"comment_status":"open","ping_status":"closed","template":"","meta":[],"product_brand":[],"product_cat":[39],"product_tag":[286,20,43,21,22,23,24,44,41,244,290],"class_list":{"0":"post-8166","1":"product","2":"type-product","3":"status-publish","4":"has-post-thumbnail","6":"product_cat-paris-saint-germain","7":"product_tag-alle-neuen-psg-trikots","8":"product_tag-coole-fussballtrikots","9":"product_tag-fussballkleidung","10":"product_tag-fussballtrikot-fuer-herren","11":"product_tag-fussballtrikot-guenstig-kaufen","12":"product_tag-fussballtrikot-kurzarm","13":"product_tag-guenstiges-fussballtrikot","14":"product_tag-paris-saint-germain-auswaertstrikot","15":"product_tag-paris-saint-germain-trikots","16":"product_tag-psg-trikot-2022-23","17":"product_tag-psg-trikot-2022-23-fussballtrikots","19":"first","20":"instock","21":"shipping-taxable","22":"purchasable","23":"product-type-variable"},"_links":{"self":[{"href":"https:\/\/www.billigtrikotde.com\/cs\/wp-json\/wp\/v2\/product\/8166","targetHints":{"allow":["GET"]}}],"collection":[{"href":"https:\/\/www.billigtrikotde.com\/cs\/wp-json\/wp\/v2\/product"}],"about":[{"href":"https:\/\/www.billigtrikotde.com\/cs\/wp-json\/wp\/v2\/types\/product"}],"replies":[{"embeddable":true,"href":"https:\/\/www.billigtrikotde.com\/cs\/wp-json\/wp\/v2\/comments?post=8166"}],"wp:featuredmedia":[{"embeddable":true,"href":"https:\/\/www.billigtrikotde.com\/cs\/wp-json\/wp\/v2\/media\/8205"}],"wp:attachment":[{"href":"https:\/\/www.billigtrikotde.com\/cs\/wp-json\/wp\/v2\/media?parent=8166"}],"wp:term":[{"taxonomy":"product_brand","embeddable":true,"href":"https:\/\/www.billigtrikotde.com\/cs\/wp-json\/wp\/v2\/product_brand?post=8166"},{"taxonomy":"product_cat","embeddable":true,"href":"https:\/\/www.billigtrikotde.com\/cs\/wp-json\/wp\/v2\/product_cat?post=8166"},{"taxonomy":"product_tag","embeddable":true,"href":"https:\/\/www.billigtrikotde.com\/cs\/wp-json\/wp\/v2\/product_tag?post=8166"}],"curies":[{"name":"wp","href":"https:\/\/api.w.org\/{rel}","templated":true}]}}