{"id":8040,"date":"2024-10-24T01:16:49","date_gmt":"2024-10-23T23:16:49","guid":{"rendered":"http:\/\/billigtrikots.com\/?post_type=product&#038;p=8040"},"modified":"2024-10-24T01:18:57","modified_gmt":"2024-10-23T23:18:57","slug":"neuen-niederlande-auswaertstrikot-euro-2022-weiss-trikotsatz-fuer-herren-virgil-4","status":"publish","type":"product","link":"https:\/\/www.billigtrikotde.com\/cs\/neuen-niederlande-auswaertstrikot-euro-2022-weiss-trikotsatz-fuer-herren-virgil-4\/","title":{"rendered":"Nov\u00e9 venkovn\u00ed dresy Nizozemsko Euro 2022 b\u00edl\u00e9 sady fotbalov\u00fdch dres\u016f VIRGIL 4"},"content":{"rendered":"<p>Dres na venkovn\u00ed z\u00e1pas Nike Nizozemsko Euro 2022 je p\u0159ev\u00e1\u017en\u011b b\u00edl\u00fd a p\u0159edstavuje na m\u00edru \u0161it\u00e9 design, kter\u00fd je inspirov\u00e1n nizozemskou vlajkou. Modr\u00e9 a \u010derven\u00e9 obd\u00e9ln\u00edky jsou neuspo\u0159\u00e1dan\u011b rozm\u00edst\u011bny po cel\u00e9m dresu.<\/p>\n<p>Logo na lev\u00e9 stran\u011b hrudn\u00edku dresu Nike Nizozemsko 2022 je tak\u00e9 jedine\u010dn\u00e9: je \u010derven\u00e9 a zobrazuje oran\u017eovou lv\u00ed\u010dici.<\/p>\n<p>Tipy pro tisk: Pokud jsou jm\u00e9no a \u010d\u00edslo na obr\u00e1zku p\u0159esn\u011b takov\u00e9, jak\u00e9 chcete, nemus\u00edte je zad\u00e1vat znovu. Pokud tomu tak nen\u00ed, m\u011bli byste zadat po\u017eadovan\u00e9 jm\u00e9no a \u010d\u00edslo.<\/p>\n<p>Tipy pro pran\u00ed: Doporu\u010dujeme pr\u00e1t fotbalov\u00e1 tri\u010dka v ruce. Pokud chcete pou\u017e\u00edt pra\u010dku, nezapome\u0148te fotbalov\u00e1 tri\u010dka obr\u00e1tit naruby a pot\u00e9 je vyprat. Pra\u010dku napl\u0148te studenou vodou a pou\u017eijte jemn\u00fd cyklus, abyste l\u00e9pe ochr\u00e1nili barvy.<\/p>","protected":false},"excerpt":{"rendered":"<p>Das Nike Niederlande Euro 2022 Ausw \u00e4rtstrikot ist haupts\u00e4chlich wei\u00df und zeigt ein ma\u00dfgeschneidertes Design, das von der niederl\u00e4ndischen Flagge inspiriert ist. Die blauen und roten Rechtecke sind unsymmetrisch \u00fcber das ganze Trikot verteilt. Das Logo auf der linken Brustseite des Nike Niederlande 2022 Ausw\u00e4rtstrikots ist ebenfalls einzigartig: Es ist rot und zeigt eine orangefarbene [&hellip;]<\/p>","protected":false},"featured_media":8079,"comment_status":"open","ping_status":"closed","template":"","meta":[],"product_brand":[],"product_cat":[219],"product_tag":[20,21,22,23,24,355,221],"class_list":{"0":"post-8040","1":"product","2":"type-product","3":"status-publish","4":"has-post-thumbnail","6":"product_cat-niederlande-trikots","7":"product_tag-coole-fussballtrikots","8":"product_tag-fussballtrikot-fuer-herren","9":"product_tag-fussballtrikot-guenstig-kaufen","10":"product_tag-fussballtrikot-kurzarm","11":"product_tag-guenstiges-fussballtrikot","12":"product_tag-niederlande-auswaertstrikot","13":"product_tag-niederlande-trikots","15":"first","16":"instock","17":"shipping-taxable","18":"purchasable","19":"product-type-variable"},"_links":{"self":[{"href":"https:\/\/www.billigtrikotde.com\/cs\/wp-json\/wp\/v2\/product\/8040","targetHints":{"allow":["GET"]}}],"collection":[{"href":"https:\/\/www.billigtrikotde.com\/cs\/wp-json\/wp\/v2\/product"}],"about":[{"href":"https:\/\/www.billigtrikotde.com\/cs\/wp-json\/wp\/v2\/types\/product"}],"replies":[{"embeddable":true,"href":"https:\/\/www.billigtrikotde.com\/cs\/wp-json\/wp\/v2\/comments?post=8040"}],"wp:featuredmedia":[{"embeddable":true,"href":"https:\/\/www.billigtrikotde.com\/cs\/wp-json\/wp\/v2\/media\/8079"}],"wp:attachment":[{"href":"https:\/\/www.billigtrikotde.com\/cs\/wp-json\/wp\/v2\/media?parent=8040"}],"wp:term":[{"taxonomy":"product_brand","embeddable":true,"href":"https:\/\/www.billigtrikotde.com\/cs\/wp-json\/wp\/v2\/product_brand?post=8040"},{"taxonomy":"product_cat","embeddable":true,"href":"https:\/\/www.billigtrikotde.com\/cs\/wp-json\/wp\/v2\/product_cat?post=8040"},{"taxonomy":"product_tag","embeddable":true,"href":"https:\/\/www.billigtrikotde.com\/cs\/wp-json\/wp\/v2\/product_tag?post=8040"}],"curies":[{"name":"wp","href":"https:\/\/api.w.org\/{rel}","templated":true}]}}