{"id":800,"date":"2024-10-23T13:04:34","date_gmt":"2024-10-23T11:04:34","guid":{"rendered":"http:\/\/billigtrikots.com\/?post_type=product&#038;p=800"},"modified":"2024-10-23T13:06:39","modified_gmt":"2024-10-23T11:06:39","slug":"real-madrid-heimtrikot-2022-weiss-blau-mit-aufdruck-asensio-11","status":"publish","type":"product","link":"https:\/\/www.billigtrikotde.com\/cs\/real-madrid-heimtrikot-2022-weiss-blau-mit-aufdruck-asensio-11\/","title":{"rendered":"Dom\u00e1c\u00ed tri\u010dko Real Madrid 2022 b\u00edlo modr\u00e9 s potiskem Asensio 11"},"content":{"rendered":"<p>V\u00edt\u011bzstv\u00ed a \u00fasp\u011bchy t\u00fdm p\u0159in\u00e1\u0161\u00ed na h\u0159i\u0161t\u011b. Oslavuj\u00ed je na n\u00e1m\u011bst\u00ed Cibeles p\u0159ed j\u00e1saj\u00edc\u00edmi fanou\u0161ky. Nen\u00ed divu, \u017ee toto tri\u010dko adidas Real Madrid s kruhov\u00fdm a spir\u00e1lov\u00fdm vzorem je inspirov\u00e1no t\u00edmto m\u00edstem a jeho font\u00e1nami. Design pro fanou\u0161ky je vyroben z m\u011bkk\u00e9ho materi\u00e1lu s technologi\u00ed AEROREADY, kter\u00e1 absorbuje vlhkost a zaru\u010duje p\u0159\u00edjemn\u011b such\u00fd a pohodln\u00fd pocit p\u0159i no\u0161en\u00ed.<\/p>\n<p>Tipy pro tisk: Pokud jsou jm\u00e9no a \u010d\u00edslo na obr\u00e1zku p\u0159esn\u011b takov\u00e9, jak\u00e9 chcete, nemus\u00edte je zad\u00e1vat znovu. Pokud tomu tak nen\u00ed, m\u011bli byste zadat po\u017eadovan\u00e9 jm\u00e9no a \u010d\u00edslo.<\/p>\n<p>Tipy pro pran\u00ed: Doporu\u010dujeme pr\u00e1t fotbalov\u00e1 tri\u010dka v ruce. Pokud chcete pou\u017e\u00edt pra\u010dku, nezapome\u0148te fotbalov\u00e1 tri\u010dka obr\u00e1tit naruby a pot\u00e9 je vyprat. Pra\u010dku napl\u0148te studenou vodou a pou\u017eijte jemn\u00fd cyklus, abyste l\u00e9pe ochr\u00e1nili barvy.<\/p>","protected":false},"excerpt":{"rendered":"<p>Die Siege und Erfolge f\u00e4hrt die Mannschaft auf dem Spielfeld ein. Gefeiert werden sie auf dem Plaza de Cibeles vor den jubelnden Fans. Kein Wunder, dass dieses adidas Real Madrid Trikot mit seinem Kreis- und Spiralmuster von diesem Ort und seinen Brunnenfont\u00e4nen inspiriert ist. Das Design f\u00fcr Fans ist aus weichem Material mit feuchtigkeitsabsorbierender AEROREADY [&hellip;]<\/p>","protected":false},"featured_media":846,"comment_status":"open","ping_status":"closed","template":"","meta":[],"product_brand":[],"product_cat":[45],"product_tag":[20,21,22,23,24,46,47],"class_list":{"0":"post-800","1":"product","2":"type-product","3":"status-publish","4":"has-post-thumbnail","6":"product_cat-real-madrid","7":"product_tag-coole-fussballtrikots","8":"product_tag-fussballtrikot-fuer-herren","9":"product_tag-fussballtrikot-guenstig-kaufen","10":"product_tag-fussballtrikot-kurzarm","11":"product_tag-guenstiges-fussballtrikot","12":"product_tag-real-madrid-heimtrikot","13":"product_tag-real-madrid-trikots","15":"first","16":"instock","17":"shipping-taxable","18":"purchasable","19":"product-type-variable"},"_links":{"self":[{"href":"https:\/\/www.billigtrikotde.com\/cs\/wp-json\/wp\/v2\/product\/800","targetHints":{"allow":["GET"]}}],"collection":[{"href":"https:\/\/www.billigtrikotde.com\/cs\/wp-json\/wp\/v2\/product"}],"about":[{"href":"https:\/\/www.billigtrikotde.com\/cs\/wp-json\/wp\/v2\/types\/product"}],"replies":[{"embeddable":true,"href":"https:\/\/www.billigtrikotde.com\/cs\/wp-json\/wp\/v2\/comments?post=800"}],"wp:featuredmedia":[{"embeddable":true,"href":"https:\/\/www.billigtrikotde.com\/cs\/wp-json\/wp\/v2\/media\/846"}],"wp:attachment":[{"href":"https:\/\/www.billigtrikotde.com\/cs\/wp-json\/wp\/v2\/media?parent=800"}],"wp:term":[{"taxonomy":"product_brand","embeddable":true,"href":"https:\/\/www.billigtrikotde.com\/cs\/wp-json\/wp\/v2\/product_brand?post=800"},{"taxonomy":"product_cat","embeddable":true,"href":"https:\/\/www.billigtrikotde.com\/cs\/wp-json\/wp\/v2\/product_cat?post=800"},{"taxonomy":"product_tag","embeddable":true,"href":"https:\/\/www.billigtrikotde.com\/cs\/wp-json\/wp\/v2\/product_tag?post=800"}],"curies":[{"name":"wp","href":"https:\/\/api.w.org\/{rel}","templated":true}]}}