{"id":7998,"date":"2024-10-24T01:15:04","date_gmt":"2024-10-23T23:15:04","guid":{"rendered":"http:\/\/billigtrikots.com\/?post_type=product&#038;p=7998"},"modified":"2024-10-24T01:17:12","modified_gmt":"2024-10-23T23:17:12","slug":"england-trikot-away-frauen-em-2022-orange-trikotsatz-kurzarm-kurze-hosen-mount-19","status":"publish","type":"product","link":"https:\/\/www.billigtrikotde.com\/cs\/england-trikot-away-frauen-em-2022-orange-trikotsatz-kurzarm-kurze-hosen-mount-19\/","title":{"rendered":"England Shirt Away Women Euro 2022 Orange Kit Short Sleeve + Shorts MOUNT 19"},"content":{"rendered":"<p>D\u011btsk\u00fd dres Nike v \u010derven\u00e9 barv\u011b ukazuje va\u0161i bezpodm\u00edne\u010dnou l\u00e1sku a soun\u00e1le\u017eitost k va\u0161emu t\u00fdmu. V\u00edce podpory snad nelze! S t\u00edmto dressem Anglie roz\u0161i\u0159ujete svou sb\u00edrku fanou\u0161k\u016f. Doporu\u010dujeme tento prody\u0161n\u00fd, odv\u00e1d\u011bj\u00edc\u00ed pot a lehk\u00fd model s p\u0159\u00edjemn\u00fdm pocitem p\u0159i no\u0161en\u00ed. Vyzna\u010duje se vizu\u00e1ln\u011b s logem svazov\u00e9ho t\u00fdmu na hrudi. S t\u00edmto sportovn\u00edm tri\u010dkem m\u016f\u017eete b\u00fdt je\u0161t\u011b v\u00fdkonn\u011bj\u0161\u00ed a p\u0159ipravit se na dal\u0161\u00ed z\u00e1pas.<\/p>\n<p>Tipy pro tisk: Pokud jsou jm\u00e9no a \u010d\u00edslo na obr\u00e1zku p\u0159esn\u011b takov\u00e9, jak\u00e9 chcete, nemus\u00edte je zad\u00e1vat znovu. Pokud tomu tak nen\u00ed, m\u011bli byste zadat po\u017eadovan\u00e9 jm\u00e9no a \u010d\u00edslo.<\/p>\n<p>Tipy pro pran\u00ed: Doporu\u010dujeme pr\u00e1t fotbalov\u00e1 tri\u010dka v ruce. Pokud chcete pou\u017e\u00edt pra\u010dku, nezapome\u0148te fotbalov\u00e1 tri\u010dka obr\u00e1tit naruby a pot\u00e9 je vyprat. Pra\u010dku napl\u0148te studenou vodou a pou\u017eijte jemn\u00fd cyklus, abyste l\u00e9pe ochr\u00e1nili barvy.<\/p>","protected":false},"excerpt":{"rendered":"<p>Das Nike Kinder-Trikot in Rot zeigt deine bedingungslose Liebe und Verbundenheit zu deiner Mannschaft. Mehr Unterst\u00fctzung geht kaum! Mit diesem England-Trikot erweiterst du deine Fan-Sammlung. Wir empfehlen dieses atmungsaktive, schwei\u00dfableitende und leichte Modell mit dem angenehmen Tragegef\u00fchl. Es besticht optisch mit einem Verbandslogo auf der Brust. Mit diesem Sportshirt kannst du noch leistungsf\u00e4higer werden und [&hellip;]<\/p>","protected":false},"featured_media":8032,"comment_status":"open","ping_status":"closed","template":"","meta":[],"product_brand":[],"product_cat":[115],"product_tag":[20,116,218,21,22,23,24],"class_list":{"0":"post-7998","1":"product","2":"type-product","3":"status-publish","4":"has-post-thumbnail","6":"product_cat-england-trikots","7":"product_tag-coole-fussballtrikots","8":"product_tag-england-heimtrikot","9":"product_tag-england-heimtrikot-euro-2022-damen","10":"product_tag-fussballtrikot-fuer-herren","11":"product_tag-fussballtrikot-guenstig-kaufen","12":"product_tag-fussballtrikot-kurzarm","13":"product_tag-guenstiges-fussballtrikot","15":"first","16":"instock","17":"shipping-taxable","18":"purchasable","19":"product-type-variable"},"_links":{"self":[{"href":"https:\/\/www.billigtrikotde.com\/cs\/wp-json\/wp\/v2\/product\/7998","targetHints":{"allow":["GET"]}}],"collection":[{"href":"https:\/\/www.billigtrikotde.com\/cs\/wp-json\/wp\/v2\/product"}],"about":[{"href":"https:\/\/www.billigtrikotde.com\/cs\/wp-json\/wp\/v2\/types\/product"}],"replies":[{"embeddable":true,"href":"https:\/\/www.billigtrikotde.com\/cs\/wp-json\/wp\/v2\/comments?post=7998"}],"wp:featuredmedia":[{"embeddable":true,"href":"https:\/\/www.billigtrikotde.com\/cs\/wp-json\/wp\/v2\/media\/8032"}],"wp:attachment":[{"href":"https:\/\/www.billigtrikotde.com\/cs\/wp-json\/wp\/v2\/media?parent=7998"}],"wp:term":[{"taxonomy":"product_brand","embeddable":true,"href":"https:\/\/www.billigtrikotde.com\/cs\/wp-json\/wp\/v2\/product_brand?post=7998"},{"taxonomy":"product_cat","embeddable":true,"href":"https:\/\/www.billigtrikotde.com\/cs\/wp-json\/wp\/v2\/product_cat?post=7998"},{"taxonomy":"product_tag","embeddable":true,"href":"https:\/\/www.billigtrikotde.com\/cs\/wp-json\/wp\/v2\/product_tag?post=7998"}],"curies":[{"name":"wp","href":"https:\/\/api.w.org\/{rel}","templated":true}]}}