{"id":7884,"date":"2024-10-24T01:09:31","date_gmt":"2024-10-23T23:09:31","guid":{"rendered":"http:\/\/billigtrikots.com\/?post_type=product&#038;p=7884"},"modified":"2024-10-24T01:11:41","modified_gmt":"2024-10-23T23:11:41","slug":"deutschland-heimtrikot-dfb-wm-2022-herren-trikot-weiss-schwarz","status":"publish","type":"product","link":"https:\/\/www.billigtrikotde.com\/cs\/deutschland-heimtrikot-dfb-wm-2022-herren-trikot-weiss-schwarz\/","title":{"rendered":"N\u011bmecko dom\u00e1c\u00ed dres DFB World Cup 2022 p\u00e1nsk\u00fd dres b\u00edl\u00fd \u010dern\u00fd"},"content":{"rendered":"<p>Tento vzhled ti zp\u016fsob\u00ed, \u017ee ti srdce posko\u010d\u00ed: tkan\u00e9 logo svazu v zlat\u00e9m vzhledu zauj\u00edm\u00e1 na hrudi tohoto adidas DFB dresu zvl\u00e1\u0161tn\u00ed m\u00edsto. Tento dom\u00e1c\u00ed dres je velmi modern\u00ed s v\u00fdrazn\u00fdm vertik\u00e1ln\u00edm pruhem a spoustou \u010derno-\u010derveno-zlat\u00e9ho t\u00fdmov\u00e9ho ducha. Technologie AEROREADY, kter\u00e1 absorbuje vlhkost, a s\u00ed\u0165ov\u00e9 vlo\u017eky ti p\u0159i fand\u011bn\u00ed a sledov\u00e1n\u00ed z\u00e1pasu poskytnou such\u00fd pocit p\u0159i no\u0161en\u00ed.<\/p>\n<p>Ikonick\u00e1 jednoduchost v nejlep\u0161\u00ed podob\u011b p\u0159i sou\u010dasn\u00e9m spojen\u00ed modernosti a d\u016fv\u011bryhodnosti. Nov\u00fd dom\u00e1c\u00ed dres N\u011bmecka 2022 p\u0159ich\u00e1z\u00ed v redukovan\u00e9m designu, kter\u00fd je inspirov\u00e1n siln\u00fdmi z\u00e1vodn\u00edmi pruhy, aby upoutal pozornost p\u0159i vysok\u00fdch rychlostech. Siln\u00fd design, kter\u00fd se jako t\u00fdm a n\u00e1rod posiluje v jednot\u011b a vytv\u00e1\u0159\u00ed skute\u010dnou \u201esrdcovou z\u00e1le\u017eitost\u201c.<\/p>\n<p>Tipy pro tisk: Pokud jsou jm\u00e9no a \u010d\u00edslo na obr\u00e1zku p\u0159esn\u011b takov\u00e9, jak\u00e9 chcete, nemus\u00edte je zad\u00e1vat znovu. Pokud tomu tak nen\u00ed, m\u011bli byste zadat po\u017eadovan\u00e9 jm\u00e9no a \u010d\u00edslo.<\/p>\n<p>Tipy pro pran\u00ed: Doporu\u010dujeme pr\u00e1t fotbalov\u00e1 tri\u010dka v ruce. Pokud chcete pou\u017e\u00edt pra\u010dku, nezapome\u0148te fotbalov\u00e1 tri\u010dka obr\u00e1tit naruby a pot\u00e9 je vyprat. Pra\u010dku napl\u0148te studenou vodou a pou\u017eijte jemn\u00fd cyklus, abyste l\u00e9pe ochr\u00e1nili barvy.<\/p>","protected":false},"excerpt":{"rendered":"<p>Tento vzhled ti zp\u016fsob\u00ed, \u017ee ti srdce posko\u010d\u00ed: tkan\u00e9 logo svazu v zlat\u00e9m vzhledu zauj\u00edm\u00e1 na hrudi tohoto adidas DFB dresu zvl\u00e1\u0161tn\u00ed m\u00edsto. Tento dom\u00e1c\u00ed dres je velmi modern\u00ed s v\u00fdrazn\u00fdm vertik\u00e1ln\u00edm pruhem a spoustou \u010derno-\u010derveno-zlat\u00e9ho t\u00fdmov\u00e9ho ducha. Technologie AEROREADY, kter\u00e1 absorbuje vlhkost, a s\u00ed\u0165ov\u00e9 vlo\u017eky ti p\u0159i fand\u011bn\u00ed a sledov\u00e1n\u00ed z\u00e1pasu poskytnou such\u00fd pocit p\u0159i no\u0161en\u00ed.<\/p>","protected":false},"featured_media":7923,"comment_status":"open","ping_status":"closed","template":"","meta":[],"product_brand":[],"product_cat":[170],"product_tag":[20,212,172,222,21,22,23,24],"class_list":{"0":"post-7884","1":"product","2":"type-product","3":"status-publish","4":"has-post-thumbnail","6":"product_cat-deutschland-trikots","7":"product_tag-coole-fussballtrikots","8":"product_tag-deutschland-heimtrikot","9":"product_tag-deutschland-trikots","10":"product_tag-fussball-wm-2022-trikots","11":"product_tag-fussballtrikot-fuer-herren","12":"product_tag-fussballtrikot-guenstig-kaufen","13":"product_tag-fussballtrikot-kurzarm","14":"product_tag-guenstiges-fussballtrikot","16":"first","17":"instock","18":"shipping-taxable","19":"purchasable","20":"product-type-variable"},"_links":{"self":[{"href":"https:\/\/www.billigtrikotde.com\/cs\/wp-json\/wp\/v2\/product\/7884","targetHints":{"allow":["GET"]}}],"collection":[{"href":"https:\/\/www.billigtrikotde.com\/cs\/wp-json\/wp\/v2\/product"}],"about":[{"href":"https:\/\/www.billigtrikotde.com\/cs\/wp-json\/wp\/v2\/types\/product"}],"replies":[{"embeddable":true,"href":"https:\/\/www.billigtrikotde.com\/cs\/wp-json\/wp\/v2\/comments?post=7884"}],"wp:featuredmedia":[{"embeddable":true,"href":"https:\/\/www.billigtrikotde.com\/cs\/wp-json\/wp\/v2\/media\/7923"}],"wp:attachment":[{"href":"https:\/\/www.billigtrikotde.com\/cs\/wp-json\/wp\/v2\/media?parent=7884"}],"wp:term":[{"taxonomy":"product_brand","embeddable":true,"href":"https:\/\/www.billigtrikotde.com\/cs\/wp-json\/wp\/v2\/product_brand?post=7884"},{"taxonomy":"product_cat","embeddable":true,"href":"https:\/\/www.billigtrikotde.com\/cs\/wp-json\/wp\/v2\/product_cat?post=7884"},{"taxonomy":"product_tag","embeddable":true,"href":"https:\/\/www.billigtrikotde.com\/cs\/wp-json\/wp\/v2\/product_tag?post=7884"}],"curies":[{"name":"wp","href":"https:\/\/api.w.org\/{rel}","templated":true}]}}