{"id":7872,"date":"2024-10-24T01:08:55","date_gmt":"2024-10-23T23:08:55","guid":{"rendered":"http:\/\/billigtrikots.com\/?post_type=product&#038;p=7872"},"modified":"2024-10-24T01:11:07","modified_gmt":"2024-10-23T23:11:07","slug":"kinder-manchester-city-ausweichtrikot-2022-23-hellgruen-schwarz-trikotsatz","status":"publish","type":"product","link":"https:\/\/www.billigtrikotde.com\/cs\/kinder-manchester-city-ausweichtrikot-2022-23-hellgruen-schwarz-trikotsatz\/","title":{"rendered":"D\u011btsk\u00e1 souprava Manchester City 2022-23 sv\u011btle zelen\u00e1\/\u010dern\u00e1 sada dres\u016f"},"content":{"rendered":"<p>Cityzens vyletuj\u00ed z m\u011bsta. Alternativn\u00ed dres Manchester City F.C. 2022\/23 oslavuje kreativitu Manchesteru s jasn\u00fdmi barvami a v\u00fdrazn\u00fdmi detaily, kter\u00e9 jsou inspirov\u00e1ny street art. Design kruhu je poctou v\u010dele, symbolu Manchesteru, kter\u00e1 se na\u0161la na cest\u011b od m\u011bstsk\u00e9ho erbu k fas\u00e1d\u00e1m, mozaik\u00e1m a naposledy dechberouc\u00edm street art\u016fm na ulic\u00edch Manchesteru. Airbrushov\u00fd efekt na pruz\u00edch dokresluje prohl\u00e1\u0161en\u00ed. Sv\u011bt je tv\u00fdm pl\u00e1tnem. V\u011b\u0159 svou kreativitu.<\/p>\n<p>Tipy pro tisk: Pokud jsou jm\u00e9no a \u010d\u00edslo na obr\u00e1zku p\u0159esn\u011b takov\u00e9, jak\u00e9 chcete, nemus\u00edte je zad\u00e1vat znovu. Pokud tomu tak nen\u00ed, m\u011bli byste zadat po\u017eadovan\u00e9 jm\u00e9no a \u010d\u00edslo.<\/p>\n<p>Tipy pro pran\u00ed: Doporu\u010dujeme pr\u00e1t fotbalov\u00e1 tri\u010dka v ruce. Pokud chcete pou\u017e\u00edt pra\u010dku, nezapome\u0148te fotbalov\u00e1 tri\u010dka obr\u00e1tit naruby a pot\u00e9 je vyprat. Pra\u010dku napl\u0148te studenou vodou a pou\u017eijte jemn\u00fd cyklus, abyste l\u00e9pe ochr\u00e1nili barvy.<\/p>","protected":false},"excerpt":{"rendered":"<p>Cityzens schwirren aus. Das Manchester City F.C. 2022\/23 Alternativtrikot feiert die Kreativit\u00e4t von Manchester mit leuchtenden Farben und kr\u00e4ftigen Details, die von der Street Art inspiriert sind. Das Ringeldesign ist eine Hommage an die Biene, das Symbol von Manchester, das ihren Weg vom Stadtwappen zu den Fassaden, Mosaiken und zuletzt atemberaubenden Stra\u00dfenkunstwerken in den Stra\u00dfen [&hellip;]<\/p>","protected":false},"featured_media":7911,"comment_status":"open","ping_status":"closed","template":"","meta":[],"product_brand":[],"product_cat":[144],"product_tag":[20,94,275,203,84,145],"class_list":{"0":"post-7872","1":"product","2":"type-product","3":"status-publish","4":"has-post-thumbnail","6":"product_cat-manchester-city-kindertrikot","7":"product_tag-coole-fussballtrikots","8":"product_tag-kinder-fussball-trikotsatz","9":"product_tag-kinder-trikot-manchester-city","10":"product_tag-manchester-city-ausweichtrikot","11":"product_tag-manchester-city-trikots","12":"product_tag-manchester-city-trikotsatz-fuer-kinder","14":"first","15":"instock","16":"shipping-taxable","17":"purchasable","18":"product-type-variable"},"_links":{"self":[{"href":"https:\/\/www.billigtrikotde.com\/cs\/wp-json\/wp\/v2\/product\/7872","targetHints":{"allow":["GET"]}}],"collection":[{"href":"https:\/\/www.billigtrikotde.com\/cs\/wp-json\/wp\/v2\/product"}],"about":[{"href":"https:\/\/www.billigtrikotde.com\/cs\/wp-json\/wp\/v2\/types\/product"}],"replies":[{"embeddable":true,"href":"https:\/\/www.billigtrikotde.com\/cs\/wp-json\/wp\/v2\/comments?post=7872"}],"wp:featuredmedia":[{"embeddable":true,"href":"https:\/\/www.billigtrikotde.com\/cs\/wp-json\/wp\/v2\/media\/7911"}],"wp:attachment":[{"href":"https:\/\/www.billigtrikotde.com\/cs\/wp-json\/wp\/v2\/media?parent=7872"}],"wp:term":[{"taxonomy":"product_brand","embeddable":true,"href":"https:\/\/www.billigtrikotde.com\/cs\/wp-json\/wp\/v2\/product_brand?post=7872"},{"taxonomy":"product_cat","embeddable":true,"href":"https:\/\/www.billigtrikotde.com\/cs\/wp-json\/wp\/v2\/product_cat?post=7872"},{"taxonomy":"product_tag","embeddable":true,"href":"https:\/\/www.billigtrikotde.com\/cs\/wp-json\/wp\/v2\/product_tag?post=7872"}],"curies":[{"name":"wp","href":"https:\/\/api.w.org\/{rel}","templated":true}]}}