{"id":7868,"date":"2024-10-24T01:08:52","date_gmt":"2024-10-23T23:08:52","guid":{"rendered":"http:\/\/billigtrikots.com\/?post_type=product&#038;p=7868"},"modified":"2024-10-24T01:11:06","modified_gmt":"2024-10-23T23:11:06","slug":"deutschland-auswaertstrikot-dfb-wm-2022-kinder-away-trikot-violett-schwarz-sale","status":"publish","type":"product","link":"https:\/\/www.billigtrikotde.com\/cs\/deutschland-auswaertstrikot-dfb-wm-2022-kinder-away-trikot-violett-schwarz-sale\/","title":{"rendered":"N\u011bmecko Away Shirt DFB World Cup 2022 D\u011btsk\u00e9 Away Jersey fialov\u00e1 \u010dern\u00e1 Prodej"},"content":{"rendered":"<p>Dres na venkovn\u00ed z\u00e1pas Mistrovstv\u00ed sv\u011bta 2022 v N\u011bmecku je kompletn\u011b \u010dern\u00fd s \u010derveno-hn\u011bd\u00fdmi potisky a zlat\u00fdmi prvky.<\/p>\n<p>Designov\u00e9 potisky na n\u011bmeck\u00e9m dresu na venkovn\u00ed z\u00e1pas Mistrovstv\u00ed sv\u011bta 2022 jsou v \u010derven\u00e9 odst\u00ednu a pokr\u00fdvaj\u00ed cel\u00fd trikot. Nav\u00edc vzory na p\u0159edn\u00ed stran\u011b p\u0159ipom\u00ednaj\u00ed p\u00edsmena loga DFB, proto\u017ee jsou uspo\u0159\u00e1d\u00e1na do troj\u00faheln\u00edk\u016f, stejn\u011b jako p\u00edsmena na logu DFB.<\/p>\n<p>D\u00e1le m\u00e1 dres na venkovn\u00ed z\u00e1pas Mistrovstv\u00ed sv\u011bta 2022 n\u011bmeck\u00e9 zlat\u00e9 loga a potisky. T\u0159i pruhy Adidas na ramenou a logo Adidas na prav\u00e9 hrudi jsou zlat\u00e9. Nav\u00edc znak DFB se \u010dty\u0159mi hv\u011bzdami na lev\u00e9 hrudi je tak\u00e9 zlat\u00fd.<\/p>\n<p>Tipy pro tisk: Pokud jsou jm\u00e9no a \u010d\u00edslo na obr\u00e1zku p\u0159esn\u011b takov\u00e9, jak\u00e9 chcete, nemus\u00edte je zad\u00e1vat znovu. Pokud tomu tak nen\u00ed, m\u011bli byste zadat po\u017eadovan\u00e9 jm\u00e9no a \u010d\u00edslo.<\/p>\n<p style=\"text-align: center;\">Tipy pro pran\u00ed: Doporu\u010dujeme pr\u00e1t fotbalov\u00e1 tri\u010dka v ruce. Pokud chcete pou\u017e\u00edt pra\u010dku, nezapome\u0148te fotbalov\u00e1 tri\u010dka obr\u00e1tit naruby a pot\u00e9 je vyprat. Pra\u010dku napl\u0148te studenou vodou a pou\u017eijte jemn\u00fd cyklus, abyste l\u00e9pe ochr\u00e1nili barvy.<\/p>","protected":false},"excerpt":{"rendered":"<p>Dres N\u011bmecko pro MS 2022 venku je cel\u00fd \u010dern\u00fd s \u010dervenohn\u011bd\u00fdmi potisky a zlat\u00fdmi prvky. Designov\u00e9 potisky na n\u011bmeck\u00e9m dresu pro MS 2022 venku jsou v \u010derven\u00e9 odst\u00ednu a pokr\u00fdvaj\u00ed cel\u00e9 tri\u010dko. Tak\u00e9 vzory na p\u0159edn\u00ed stran\u011b p\u0159ipom\u00ednaj\u00ed p\u00edsmena DFB loga, proto\u017ee jsou troj\u00faheln\u00edkov\u011b uspo\u0159\u00e1d\u00e1na, stejn\u011b jako p\u00edsmena [\u2026]<\/p>","protected":false},"featured_media":7909,"comment_status":"open","ping_status":"closed","template":"","meta":[],"product_brand":[],"product_cat":[170],"product_tag":[20,212,172,213,21,22,23,24],"class_list":{"0":"post-7868","1":"product","2":"type-product","3":"status-publish","4":"has-post-thumbnail","6":"product_cat-deutschland-trikots","7":"product_tag-coole-fussballtrikots","8":"product_tag-deutschland-heimtrikot","9":"product_tag-deutschland-trikots","10":"product_tag-fussball-wm-2022","11":"product_tag-fussballtrikot-fuer-herren","12":"product_tag-fussballtrikot-guenstig-kaufen","13":"product_tag-fussballtrikot-kurzarm","14":"product_tag-guenstiges-fussballtrikot","16":"first","17":"instock","18":"shipping-taxable","19":"purchasable","20":"product-type-variable"},"_links":{"self":[{"href":"https:\/\/www.billigtrikotde.com\/cs\/wp-json\/wp\/v2\/product\/7868","targetHints":{"allow":["GET"]}}],"collection":[{"href":"https:\/\/www.billigtrikotde.com\/cs\/wp-json\/wp\/v2\/product"}],"about":[{"href":"https:\/\/www.billigtrikotde.com\/cs\/wp-json\/wp\/v2\/types\/product"}],"replies":[{"embeddable":true,"href":"https:\/\/www.billigtrikotde.com\/cs\/wp-json\/wp\/v2\/comments?post=7868"}],"wp:featuredmedia":[{"embeddable":true,"href":"https:\/\/www.billigtrikotde.com\/cs\/wp-json\/wp\/v2\/media\/7909"}],"wp:attachment":[{"href":"https:\/\/www.billigtrikotde.com\/cs\/wp-json\/wp\/v2\/media?parent=7868"}],"wp:term":[{"taxonomy":"product_brand","embeddable":true,"href":"https:\/\/www.billigtrikotde.com\/cs\/wp-json\/wp\/v2\/product_brand?post=7868"},{"taxonomy":"product_cat","embeddable":true,"href":"https:\/\/www.billigtrikotde.com\/cs\/wp-json\/wp\/v2\/product_cat?post=7868"},{"taxonomy":"product_tag","embeddable":true,"href":"https:\/\/www.billigtrikotde.com\/cs\/wp-json\/wp\/v2\/product_tag?post=7868"}],"curies":[{"name":"wp","href":"https:\/\/api.w.org\/{rel}","templated":true}]}}