{"id":7866,"date":"2024-10-24T01:08:50","date_gmt":"2024-10-23T23:08:50","guid":{"rendered":"http:\/\/billigtrikots.com\/?post_type=product&#038;p=7866"},"modified":"2024-10-24T01:11:05","modified_gmt":"2024-10-23T23:11:05","slug":"deutschland-heimtrikot-dfb-wm-2022-kinder-trikots-weiss-schwarz-trikotsatz","status":"publish","type":"product","link":"https:\/\/www.billigtrikotde.com\/cs\/deutschland-heimtrikot-dfb-wm-2022-kinder-trikots-weiss-schwarz-trikotsatz\/","title":{"rendered":"N\u011bmecko dom\u00e1c\u00ed souprava DFB Mistrovstv\u00ed sv\u011bta 2022 d\u011btsk\u00e9 dresy b\u00edl\u00e1 \u010dern\u00e1 souprava"},"content":{"rendered":"<p>Trikot Deutschland pro MS 2022 je jako v\u017edy b\u00edl\u00fd. Tentokr\u00e1t je v\u0161ak na dresu zobrazen siln\u00fd \u010dern\u00fd pruh vodorovn\u011b, ne vodorovn\u011b. Na \u010dern\u00e9m pruhu se nach\u00e1z\u00ed zlat\u00e9 \u010d\u00edslo, logo DFB se \u010dty\u0159mi hv\u011bzdami a logo Adidas.<\/p>\n<p>Krom\u011b toho m\u00e1 trikot \u0161irok\u00fd lem ruk\u00e1v\u016f v \u010dern\u00e9 barv\u011b. L\u00edmec tri\u010dka m\u00e1 jemn\u00e9 pruhy ve barv\u00e1ch deutschland flaggy.<\/p>\n<p>Nav\u00edc je tri\u010dko poti\u0161t\u011bn\u00e9 designov\u00fdm prinzem, kter\u00fd pokr\u00fdv\u00e1 cel\u00fd trikot.<br \/>\nTri\u010dka p\u0159ipom\u00ednaj\u00ed sv\u00fdm vzhledem em-C 2008 Away tri\u010dka, kter\u00e1 m\u011bla tak\u00e9 tento \u010dern\u00fd pruh.<\/p>\n<p>Tipy pro tisk: Pokud jsou jm\u00e9no a \u010d\u00edslo na obr\u00e1zku p\u0159esn\u011b takov\u00e9, jak\u00e9 chcete, nemus\u00edte je zad\u00e1vat znovu. Pokud tomu tak nen\u00ed, m\u011bli byste zadat po\u017eadovan\u00e9 jm\u00e9no a \u010d\u00edslo.<\/p>\n<p>Tipy pro pran\u00ed: Doporu\u010dujeme pr\u00e1t fotbalov\u00e1 tri\u010dka v ruce. Pokud chcete pou\u017e\u00edt pra\u010dku, nezapome\u0148te fotbalov\u00e1 tri\u010dka obr\u00e1tit naruby a pot\u00e9 je vyprat. Pra\u010dku napl\u0148te studenou vodou a pou\u017eijte jemn\u00fd cyklus, abyste l\u00e9pe ochr\u00e1nili barvy.<\/p>","protected":false},"excerpt":{"rendered":"<p>Das Deutschland WM 2022 Trikot ist wie immer in Wei\u00df. Allerdings ist diesmal ein dicker schwarzer Balken vertikal vor auf dem Shirt abgebildet. Auf dem schwarzen Streifen befinden sich eine goldene Nummer, das DFB-Logo mit den vier Sternen und das Adidas-Logo. Au\u00dferdem hat das Trikot einen breiten \u00c4rmelsaum in Schwarz. Der Kragen des Shirts hat [\u2026]<\/p>","protected":false},"featured_media":7900,"comment_status":"open","ping_status":"closed","template":"","meta":[],"product_brand":[],"product_cat":[170],"product_tag":[20,212,172,213,21,22,23,24],"class_list":{"0":"post-7866","1":"product","2":"type-product","3":"status-publish","4":"has-post-thumbnail","6":"product_cat-deutschland-trikots","7":"product_tag-coole-fussballtrikots","8":"product_tag-deutschland-heimtrikot","9":"product_tag-deutschland-trikots","10":"product_tag-fussball-wm-2022","11":"product_tag-fussballtrikot-fuer-herren","12":"product_tag-fussballtrikot-guenstig-kaufen","13":"product_tag-fussballtrikot-kurzarm","14":"product_tag-guenstiges-fussballtrikot","16":"first","17":"instock","18":"shipping-taxable","19":"purchasable","20":"product-type-variable"},"_links":{"self":[{"href":"https:\/\/www.billigtrikotde.com\/cs\/wp-json\/wp\/v2\/product\/7866","targetHints":{"allow":["GET"]}}],"collection":[{"href":"https:\/\/www.billigtrikotde.com\/cs\/wp-json\/wp\/v2\/product"}],"about":[{"href":"https:\/\/www.billigtrikotde.com\/cs\/wp-json\/wp\/v2\/types\/product"}],"replies":[{"embeddable":true,"href":"https:\/\/www.billigtrikotde.com\/cs\/wp-json\/wp\/v2\/comments?post=7866"}],"wp:featuredmedia":[{"embeddable":true,"href":"https:\/\/www.billigtrikotde.com\/cs\/wp-json\/wp\/v2\/media\/7900"}],"wp:attachment":[{"href":"https:\/\/www.billigtrikotde.com\/cs\/wp-json\/wp\/v2\/media?parent=7866"}],"wp:term":[{"taxonomy":"product_brand","embeddable":true,"href":"https:\/\/www.billigtrikotde.com\/cs\/wp-json\/wp\/v2\/product_brand?post=7866"},{"taxonomy":"product_cat","embeddable":true,"href":"https:\/\/www.billigtrikotde.com\/cs\/wp-json\/wp\/v2\/product_cat?post=7866"},{"taxonomy":"product_tag","embeddable":true,"href":"https:\/\/www.billigtrikotde.com\/cs\/wp-json\/wp\/v2\/product_tag?post=7866"}],"curies":[{"name":"wp","href":"https:\/\/api.w.org\/{rel}","templated":true}]}}