{"id":7860,"date":"2024-10-24T01:08:20","date_gmt":"2024-10-23T23:08:20","guid":{"rendered":"http:\/\/billigtrikots.com\/?post_type=product&#038;p=7860"},"modified":"2024-10-24T01:10:33","modified_gmt":"2024-10-23T23:10:33","slug":"herren-fc-barcelona-2022-23-auswaertstrikot-grau-online-bestellen","status":"publish","type":"product","link":"https:\/\/www.billigtrikotde.com\/cs\/herren-fc-barcelona-2022-23-auswaertstrikot-grau-online-bestellen\/","title":{"rendered":"P\u00e1nsk\u00e9 FC Barcelona 2022-23 venkovn\u00ed dres \u0161ed\u00fd Online objednat"},"content":{"rendered":"<p>Podpo\u0159 Blaugranas na tr\u00e9ninkov\u00e9m h\u0159i\u0161ti i na trib\u00fan\u00e1ch Camp Nou v tri\u010dku Nike FC Barcelona 22\/23 Dri-FIT Stadium n\u00e1hradn\u00ed dres.<\/p>\n<p>S Nike-Swoosh na prav\u00e9 hrudi a legend\u00e1rn\u00edm logem Barcelony na lev\u00e9 stran\u011b nad srdcem ukazuje toto tri\u010dko va\u0161i v\u00e1\u0161e\u0148 pro klub. T\u0159et\u00ed dres 2022\/23 zt\u011bles\u0148uje motto \u201eMes que un Club\u201c (V\u00edc ne\u017e klub) FC Barcelona a m\u00e1 oslavit 30. v\u00fdro\u010d\u00ed ud\u011blen\u00ed Creu de Sant Jordi (K\u0159\u00ed\u017e svat\u00e9ho Ji\u0159\u00ed) klubu. Legend\u00e1rn\u00ed tmav\u011b \u010derven\u00e9 a modr\u00e9 barvy se prom\u011bn\u00ed v v\u00fdrazn\u00fd k\u0159\u00ed\u017e, kter\u00fd p\u0159edstavuje Barceloninu oddanost ob\u010dansk\u00e9 povinnosti a jej\u00ed p\u0159\u00edsp\u011bvek komunit\u011b.<\/p>\n<p>Technologie Dri-FIT od Nike odv\u00e1d\u00ed pot od poko\u017eky, aby ses c\u00edtil such\u00fd a pohodln\u00fd, a lehk\u00e1 konstrukce t\u011b udr\u017e\u00ed v perfektn\u00ed form\u011b po 90 minut. Rychleschnouc\u00ed materi\u00e1l znamen\u00e1, \u017ee to m\u016f\u017ee\u0161 vyprat a okam\u017eit\u011b nosit, co\u017e je ide\u00e1ln\u00ed pro kr\u00e1tkodob\u00fd tr\u00e9nink nebo z\u00e1pasy.<\/p>\n<p>Tipy pro tisk: Pokud jsou jm\u00e9no a \u010d\u00edslo na obr\u00e1zku p\u0159esn\u011b takov\u00e9, jak\u00e9 chcete, nemus\u00edte je zad\u00e1vat znovu. Pokud tomu tak nen\u00ed, m\u011bli byste zadat po\u017eadovan\u00e9 jm\u00e9no a \u010d\u00edslo.<\/p>\n<p>Tipy pro pran\u00ed: Doporu\u010dujeme pr\u00e1t fotbalov\u00e1 tri\u010dka v ruce. Pokud chcete pou\u017e\u00edt pra\u010dku, nezapome\u0148te fotbalov\u00e1 tri\u010dka obr\u00e1tit naruby a pot\u00e9 je vyprat. Pra\u010dku napl\u0148te studenou vodou a pou\u017eijte jemn\u00fd cyklus, abyste l\u00e9pe ochr\u00e1nili barvy.<\/p>","protected":false},"excerpt":{"rendered":"<p>Unterst\u00fctze die Blaugrana auf dem Trainingsplatz und auf der Trib\u00fcne des Camp Nou mit dem Nike FC Barcelona 22\/23 Dri-Fit Stadium Ausweichtrikot. Mit dem Nike-Swoosh auf der rechten Brust und dem legend\u00e4ren Barca-Wappen auf der linken Seite \u00fcber dem Herzen zeigt dieses Trikot deine Leidenschaft f\u00fcr den Verein. Das dritte Trikot 2022\/23 verk\u00f6rpert das Motto [&hellip;]<\/p>","protected":false},"featured_media":7899,"comment_status":"open","ping_status":"closed","template":"","meta":[],"product_brand":[],"product_cat":[31],"product_tag":[20,346,33,21,22,23,24,345],"class_list":{"0":"post-7860","1":"product","2":"type-product","3":"status-publish","4":"has-post-thumbnail","6":"product_cat-fc-barcelona","7":"product_tag-coole-fussballtrikots","8":"product_tag-fc-barcelona-2022-23-trikot","9":"product_tag-fc-barcelona-trikots","10":"product_tag-fussballtrikot-fuer-herren","11":"product_tag-fussballtrikot-guenstig-kaufen","12":"product_tag-fussballtrikot-kurzarm","13":"product_tag-guenstiges-fussballtrikot","14":"product_tag-neuen-fc-barcelona-trikots","16":"first","17":"instock","18":"shipping-taxable","19":"purchasable","20":"product-type-variable"},"_links":{"self":[{"href":"https:\/\/www.billigtrikotde.com\/cs\/wp-json\/wp\/v2\/product\/7860","targetHints":{"allow":["GET"]}}],"collection":[{"href":"https:\/\/www.billigtrikotde.com\/cs\/wp-json\/wp\/v2\/product"}],"about":[{"href":"https:\/\/www.billigtrikotde.com\/cs\/wp-json\/wp\/v2\/types\/product"}],"replies":[{"embeddable":true,"href":"https:\/\/www.billigtrikotde.com\/cs\/wp-json\/wp\/v2\/comments?post=7860"}],"wp:featuredmedia":[{"embeddable":true,"href":"https:\/\/www.billigtrikotde.com\/cs\/wp-json\/wp\/v2\/media\/7899"}],"wp:attachment":[{"href":"https:\/\/www.billigtrikotde.com\/cs\/wp-json\/wp\/v2\/media?parent=7860"}],"wp:term":[{"taxonomy":"product_brand","embeddable":true,"href":"https:\/\/www.billigtrikotde.com\/cs\/wp-json\/wp\/v2\/product_brand?post=7860"},{"taxonomy":"product_cat","embeddable":true,"href":"https:\/\/www.billigtrikotde.com\/cs\/wp-json\/wp\/v2\/product_cat?post=7860"},{"taxonomy":"product_tag","embeddable":true,"href":"https:\/\/www.billigtrikotde.com\/cs\/wp-json\/wp\/v2\/product_tag?post=7860"}],"curies":[{"name":"wp","href":"https:\/\/api.w.org\/{rel}","templated":true}]}}