{"id":7858,"date":"2024-10-24T01:08:18","date_gmt":"2024-10-23T23:08:18","guid":{"rendered":"http:\/\/billigtrikots.com\/?post_type=product&#038;p=7858"},"modified":"2024-10-24T01:10:32","modified_gmt":"2024-10-23T23:10:32","slug":"kinder-fc-barcelona-2022-2023-drittes-fussballtrikot-weiss-kurzarm-kurze-hosen","status":"publish","type":"product","link":"https:\/\/www.billigtrikotde.com\/cs\/kinder-fc-barcelona-2022-2023-drittes-fussballtrikot-weiss-kurzarm-kurze-hosen\/","title":{"rendered":"D\u011btsk\u00e9 fotbalov\u00e9 tri\u010dko FC Barcelona 2022-2023 b\u00edl\u00e9 s kr\u00e1tk\u00fdm ruk\u00e1vem + \u0161ortky"},"content":{"rendered":"<p>Das Nike Barcelona 2022-2023 drittes Fu\u00dfballtrikot hat ein bemerkenswertes Design. Es kombiniert eine hellgraue Grundfarbe mit einem Blaugrana-Kreuz auf der Vorderseite.<\/p>\n<p>Ofici\u00e1ln\u00ed barva t\u0159et\u00edho dresu Nike FC Barcelona 2022-2023 je pops\u00e1na jako \u201enebesky \u0161ed\u00e1\u201c a vzbudila ur\u010dit\u00e9 obavy v nov\u00e9 spr\u00e1vn\u00ed rad\u011b, proto\u017ee je p\u0159\u00edli\u0161 podobn\u00e1 b\u00edl\u00e9 barv\u011b Realu Madrid.<\/p>\n<p>Barcelona v\u0161ak ji\u017e mezi lety 1998 a 2001 m\u011bla velmi podobn\u00fd st\u0159\u00edbrn\u00fd venkovn\u00ed dres. Tento dres byl v\u0161ak p\u0159ed 20 lety kombinov\u00e1n s modr\u00fdmi kalhotami.<\/p>\n<p>K\u0159\u00ed\u017e uprost\u0159ed symbolizuje k\u0159\u00ed\u017e svat\u00e9ho Ji\u0159\u00ed (k\u0159\u00ed\u017e svat\u00e9ho Ji\u0159\u00ed), kter\u00fd je sou\u010d\u00e1st\u00ed klubov\u00e9 znaku.<\/p>\n<p>Dieses Trikot erinnert daran, dass es im Jahr 2022 30 Jahre her ist, dass die Generalitat dem FC Barcelona das Creu de Sant Jordi verliehen hat.<\/p>\n<p>Tipy pro tisk: Pokud jsou jm\u00e9no a \u010d\u00edslo na obr\u00e1zku p\u0159esn\u011b takov\u00e9, jak\u00e9 chcete, nemus\u00edte je zad\u00e1vat znovu. Pokud tomu tak nen\u00ed, m\u011bli byste zadat po\u017eadovan\u00e9 jm\u00e9no a \u010d\u00edslo.<\/p>\n<p>Tipy pro pran\u00ed: Doporu\u010dujeme pr\u00e1t fotbalov\u00e1 tri\u010dka v ruce. Pokud chcete pou\u017e\u00edt pra\u010dku, nezapome\u0148te fotbalov\u00e1 tri\u010dka obr\u00e1tit naruby a pot\u00e9 je vyprat. Pra\u010dku napl\u0148te studenou vodou a pou\u017eijte jemn\u00fd cyklus, abyste l\u00e9pe ochr\u00e1nili barvy.<\/p>","protected":false},"excerpt":{"rendered":"<p>Nike Barcelona 2022-2023 t\u0159et\u00ed fotbalov\u00fd dres m\u00e1 v\u00fdrazn\u00fd design. Kombinuje sv\u011btle \u0161edou z\u00e1kladn\u00ed barvu s modrogranov\u00fdm k\u0159\u00ed\u017eem na p\u0159edn\u00ed stran\u011b. Ofici\u00e1ln\u00ed barva t\u0159et\u00edho dresu Nike FC Barcelona 2022-2023 je pops\u00e1na jako \u201enebesky \u0161ed\u00e1\u201c a vzbudila ur\u010dit\u00e9 obavy v nov\u00e9m veden\u00ed, proto\u017ee je p\u0159\u00edli\u0161 podobn\u00e1 b\u00edl\u00e9 barv\u011b, barv\u011b Realu Madrid [...]<\/p>","protected":false},"featured_media":7898,"comment_status":"open","ping_status":"closed","template":"","meta":[],"product_brand":[],"product_cat":[146],"product_tag":[260,147,20,33,35,21,22,23,24,94],"class_list":{"0":"post-7858","1":"product","2":"type-product","3":"status-publish","4":"has-post-thumbnail","6":"product_cat-barcelona-kindertrikot","7":"product_tag-barcelona-ausweichtrikot","8":"product_tag-barcelona-trikotsatz-fuer-kinder","9":"product_tag-coole-fussballtrikots","10":"product_tag-fc-barcelona-trikots","11":"product_tag-fussball-torwarttrikots","12":"product_tag-fussballtrikot-fuer-herren","13":"product_tag-fussballtrikot-guenstig-kaufen","14":"product_tag-fussballtrikot-kurzarm","15":"product_tag-guenstiges-fussballtrikot","16":"product_tag-kinder-fussball-trikotsatz","18":"first","19":"instock","20":"shipping-taxable","21":"purchasable","22":"product-type-variable"},"_links":{"self":[{"href":"https:\/\/www.billigtrikotde.com\/cs\/wp-json\/wp\/v2\/product\/7858","targetHints":{"allow":["GET"]}}],"collection":[{"href":"https:\/\/www.billigtrikotde.com\/cs\/wp-json\/wp\/v2\/product"}],"about":[{"href":"https:\/\/www.billigtrikotde.com\/cs\/wp-json\/wp\/v2\/types\/product"}],"replies":[{"embeddable":true,"href":"https:\/\/www.billigtrikotde.com\/cs\/wp-json\/wp\/v2\/comments?post=7858"}],"wp:featuredmedia":[{"embeddable":true,"href":"https:\/\/www.billigtrikotde.com\/cs\/wp-json\/wp\/v2\/media\/7898"}],"wp:attachment":[{"href":"https:\/\/www.billigtrikotde.com\/cs\/wp-json\/wp\/v2\/media?parent=7858"}],"wp:term":[{"taxonomy":"product_brand","embeddable":true,"href":"https:\/\/www.billigtrikotde.com\/cs\/wp-json\/wp\/v2\/product_brand?post=7858"},{"taxonomy":"product_cat","embeddable":true,"href":"https:\/\/www.billigtrikotde.com\/cs\/wp-json\/wp\/v2\/product_cat?post=7858"},{"taxonomy":"product_tag","embeddable":true,"href":"https:\/\/www.billigtrikotde.com\/cs\/wp-json\/wp\/v2\/product_tag?post=7858"}],"curies":[{"name":"wp","href":"https:\/\/api.w.org\/{rel}","templated":true}]}}