{"id":7820,"date":"2024-10-24T01:06:30","date_gmt":"2024-10-23T23:06:30","guid":{"rendered":"http:\/\/billigtrikots.com\/?post_type=product&#038;p=7820"},"modified":"2024-10-24T01:08:45","modified_gmt":"2024-10-23T23:08:45","slug":"fc-barcelona-2022-23-auswaertstrikot-goldene-away-shirt-fuer-herren-lewandowski-9","status":"publish","type":"product","link":"https:\/\/www.billigtrikotde.com\/cs\/fc-barcelona-2022-23-auswaertstrikot-goldene-away-shirt-fuer-herren-lewandowski-9\/","title":{"rendered":"FC Barcelona 2022-23 venkovn\u00ed dres zlat\u00fd venkovn\u00ed dres fotbalov\u00e9 dresy PRO P\u00c1NA LEWANDOWSKI 9"},"content":{"rendered":"<p>Venkovn\u00ed dres FC Barcelona 22-23 m\u00e1 zlatou z\u00e1kladn\u00ed barvu, kter\u00e1 evokuje vzpom\u00ednky na po\u010d\u00e1tky 2000. let. V\u0161echna loga jsou v tmav\u011b modr\u00e9 barv\u011b.<\/p>\n<p>Barva a design ruk\u00e1v\u016f nov\u00e9ho dresu jsou odkazem na zlat\u00e9 medaile, kter\u00e9 z\u00edsk\u00e1vaj\u00ed sportovci na olympijsk\u00fdch hr\u00e1ch, 30 let pot\u00e9, co se konaly olympijsk\u00e9 hry v roce 1992 v Barcelon\u011b. Hry byly zah\u00e1jeny 25. \u010dervence 1992. Nav\u00edc jsou na man\u017eet\u00e1ch ruk\u00e1v\u016f a na chr\u00e1ni\u010d\u00edch vid\u011bt barvy p\u011bti olympijsk\u00fdch kruh\u016f.<\/p>\n<p>Jemn\u00fd vzor, kter\u00fd zobrazuje mapu m\u011bsta Barcelona, dokon\u010duje vzhled. Jedn\u00e1 se o tisk m\u011bstsk\u00e9ho pl\u00e1nu, na kter\u00e9m jsou krom\u011b jin\u00fdch ulic zobrazeny tak\u00e9 n\u011bkolik rastr\u016f domovn\u00edch blok\u016f v \u010dtvrti L\u2019Eixample a na Avenida Diagonal.<\/p>\n<p>Tipy pro tisk: Pokud jsou jm\u00e9no a \u010d\u00edslo na obr\u00e1zku p\u0159esn\u011b takov\u00e9, jak\u00e9 chcete, nemus\u00edte je zad\u00e1vat znovu. Pokud tomu tak nen\u00ed, m\u011bli byste zadat po\u017eadovan\u00e9 jm\u00e9no a \u010d\u00edslo.<\/p>\n<p>Tipy pro pran\u00ed: Doporu\u010dujeme pr\u00e1t fotbalov\u00e1 tri\u010dka v ruce. Pokud chcete pou\u017e\u00edt pra\u010dku, nezapome\u0148te fotbalov\u00e1 tri\u010dka obr\u00e1tit naruby a pot\u00e9 je vyprat. Pra\u010dku napl\u0148te studenou vodou a pou\u017eijte jemn\u00fd cyklus, abyste l\u00e9pe ochr\u00e1nili barvy.<\/p>","protected":false},"excerpt":{"rendered":"<p>Venkovn\u00ed dres FC Barcelona 22-23 m\u00e1 zlatou z\u00e1kladn\u00ed barvu, kter\u00e1 evokuje vzpom\u00ednky na po\u010d\u00e1tky 2000. let. V\u0161echna loga jsou v tmav\u011b n\u00e1mo\u0159nick\u00e9 mod\u0159i. Barva a design ruk\u00e1v\u016f nov\u00e9ho dresu jsou odkazem na zlat\u00e9 medaile, kter\u00e9 z\u00edskali sportovci na olympijsk\u00fdch hr\u00e1ch, 30 let pot\u00e9, co se konaly olympijsk\u00e9 hry v roce 1992 v Barcelon\u011b [...]<\/p>","protected":false},"featured_media":7861,"comment_status":"open","ping_status":"closed","template":"","meta":[],"product_brand":[],"product_cat":[31],"product_tag":[20,346,33,21,22,23,24,345],"class_list":{"0":"post-7820","1":"product","2":"type-product","3":"status-publish","4":"has-post-thumbnail","6":"product_cat-fc-barcelona","7":"product_tag-coole-fussballtrikots","8":"product_tag-fc-barcelona-2022-23-trikot","9":"product_tag-fc-barcelona-trikots","10":"product_tag-fussballtrikot-fuer-herren","11":"product_tag-fussballtrikot-guenstig-kaufen","12":"product_tag-fussballtrikot-kurzarm","13":"product_tag-guenstiges-fussballtrikot","14":"product_tag-neuen-fc-barcelona-trikots","16":"first","17":"instock","18":"shipping-taxable","19":"purchasable","20":"product-type-variable"},"_links":{"self":[{"href":"https:\/\/www.billigtrikotde.com\/cs\/wp-json\/wp\/v2\/product\/7820","targetHints":{"allow":["GET"]}}],"collection":[{"href":"https:\/\/www.billigtrikotde.com\/cs\/wp-json\/wp\/v2\/product"}],"about":[{"href":"https:\/\/www.billigtrikotde.com\/cs\/wp-json\/wp\/v2\/types\/product"}],"replies":[{"embeddable":true,"href":"https:\/\/www.billigtrikotde.com\/cs\/wp-json\/wp\/v2\/comments?post=7820"}],"wp:featuredmedia":[{"embeddable":true,"href":"https:\/\/www.billigtrikotde.com\/cs\/wp-json\/wp\/v2\/media\/7861"}],"wp:attachment":[{"href":"https:\/\/www.billigtrikotde.com\/cs\/wp-json\/wp\/v2\/media?parent=7820"}],"wp:term":[{"taxonomy":"product_brand","embeddable":true,"href":"https:\/\/www.billigtrikotde.com\/cs\/wp-json\/wp\/v2\/product_brand?post=7820"},{"taxonomy":"product_cat","embeddable":true,"href":"https:\/\/www.billigtrikotde.com\/cs\/wp-json\/wp\/v2\/product_cat?post=7820"},{"taxonomy":"product_tag","embeddable":true,"href":"https:\/\/www.billigtrikotde.com\/cs\/wp-json\/wp\/v2\/product_tag?post=7820"}],"curies":[{"name":"wp","href":"https:\/\/api.w.org\/{rel}","templated":true}]}}